{"id":2059,"date":"2024-04-24T11:22:04","date_gmt":"2024-04-24T08:22:04","guid":{"rendered":"http:\/\/jnats.eu\/?post_type=product&#038;p=2059"},"modified":"2025-10-22T15:09:21","modified_gmt":"2025-10-22T12:09:21","slug":"shiro-suita-renge-miyadaiku","status":"publish","type":"product","link":"https:\/\/jnats.eu\/ro\/product-2\/shiro-suita-renge-miyadaiku\/","title":{"rendered":"Shiro Suite Renge Miyadaiku"},"content":{"rendered":"<p>Cea mai curat\u0103 suit\u0103 pe care am v\u0103zut-o vreodat\u0103! Pietrele japoneze de ascu\u021bit \u0219i lustruit de aceast\u0103 dimensiune, form\u0103 \u0219i calitate sunt rar \u00eent\u00e2lnite \u00een acest tip \u0219i practic nu exist\u0103 deloc linii. Piatra este rapid\u0103, ofer\u0103 un r\u0103spuns bun \u0219i rezultate excep\u021bionale. Suita de \u00eenalt\u0103 calitate devine din ce \u00een ce mai rar\u0103 pe pia\u021b\u0103, iar aceast\u0103 piatr\u0103 este un exemplu excelent al modului \u00een care aceste pietre de ascu\u021bit \u0219i lustruit \u0219i-au c\u00e2\u0219tigat reputa\u021bia \u00eenalt\u0103. Acest specimen are o textur\u0103 relativ fin\u0103. Indiferent dac\u0103 scopul dvs. principal este ascu\u021birea lamei sau lustruirea kasumi, Suita Renge Miyadaiku nu v\u0103 va dezam\u0103gi.<\/p>\n\n\n\n<p>Sol alb cu \"lotu\u0219i\" mici negri \u0219i margini g\u0103lbui. <\/p>","protected":false},"excerpt":{"rendered":"<ul>\n<li>Potrivit pentru cu\u021bite de finisare, foarfece, t\u00e2mpl\u0103rie \u0219i alte unelte. De asemenea, pentru finisare.<\/li>\n<li>Dimensiuni: 213x63x35 mm<\/li>\n<li>Greutate cu suport: 1340 g<\/li>\n<li>Duritate: Lv 4<\/li>\n<li>V\u0103 recomand\u0103m s\u0103 lucra\u021bi cu ap\u0103 cald\u0103, deoarece apa rece reduce viteza \u0219i r\u0103spunsul.<\/li>\n<\/ul>","protected":false},"featured_media":2063,"comment_status":"open","ping_status":"closed","template":"","meta":[],"product_brand":[],"product_cat":[22],"product_tag":[256,86,87,50],"class_list":{"0":"post-2059","1":"product","2":"type-product","3":"status-publish","4":"has-post-thumbnail","6":"product_cat-jnats","7":"product_tag-miyadaiku","8":"product_tag-renge","9":"product_tag-shiro","10":"product_tag-suita","11":"product_shipping_class-iprastas","13":"first","14":"instock","15":"sale","16":"shipping-taxable","17":"purchasable","18":"product-type-simple"},"_links":{"self":[{"href":"https:\/\/jnats.eu\/ro\/wp-json\/wp\/v2\/product\/2059","targetHints":{"allow":["GET"]}}],"collection":[{"href":"https:\/\/jnats.eu\/ro\/wp-json\/wp\/v2\/product"}],"about":[{"href":"https:\/\/jnats.eu\/ro\/wp-json\/wp\/v2\/types\/product"}],"replies":[{"embeddable":true,"href":"https:\/\/jnats.eu\/ro\/wp-json\/wp\/v2\/comments?post=2059"}],"wp:featuredmedia":[{"embeddable":true,"href":"https:\/\/jnats.eu\/ro\/wp-json\/wp\/v2\/media\/2063"}],"wp:attachment":[{"href":"https:\/\/jnats.eu\/ro\/wp-json\/wp\/v2\/media?parent=2059"}],"wp:term":[{"taxonomy":"product_brand","embeddable":true,"href":"https:\/\/jnats.eu\/ro\/wp-json\/wp\/v2\/product_brand?post=2059"},{"taxonomy":"product_cat","embeddable":true,"href":"https:\/\/jnats.eu\/ro\/wp-json\/wp\/v2\/product_cat?post=2059"},{"taxonomy":"product_tag","embeddable":true,"href":"https:\/\/jnats.eu\/ro\/wp-json\/wp\/v2\/product_tag?post=2059"}],"curies":[{"name":"wp","href":"https:\/\/api.w.org\/{rel}","templated":true}]}}