{"id":2065,"date":"2024-04-24T11:31:35","date_gmt":"2024-04-24T08:31:35","guid":{"rendered":"http:\/\/jnats.eu\/?post_type=product&#038;p=2065"},"modified":"2024-11-09T14:30:29","modified_gmt":"2024-11-09T12:30:29","slug":"shohonyama-shobudani-soft-tomae","status":"publish","type":"product","link":"https:\/\/jnats.eu\/ro\/product-2\/shohonyama-shobudani-soft-tomae\/","title":{"rendered":"Shohonyama Shobudani Soft Tomae"},"content":{"rendered":"<p>Acesta este Shohonyama Shobudani Tomae din Kyoto. Potrivit pentru finisarea cu\u021bitelor \u0219i uneltelor. Acest Tomae este extras dintr-un strat moale, permi\u021b\u00e2nd ascu\u021birea rapid\u0103 \u0219i neted\u0103 a lamei. Putere abraziv\u0103 puternic\u0103, suspensia fin\u0103 \u0219i bogat\u0103 se elibereaz\u0103 u\u0219or.<\/p>\n\n\n\n<p><strong>Shobu (\u83d6\u84b2\u8c37, Shobudani, Shoubu)<\/strong><br>O min\u0103 estic\u0103, bine considerat\u0103 pentru costumul s\u0103u. De\u0219i aceast\u0103 min\u0103 nu este la fel de apreciat\u0103 ca Ohira sau Nakayama \u00een Occident, pietrele din aceast\u0103 min\u0103 sunt \u00een general de foarte bun\u0103 calitate. Pre\u021burile cu ridicata pentru Shoubu suita sunt printre cele mai \u00een cre\u0219tere dintre toate pietrele de t\u0103iat japoneze.<\/p>","protected":false},"excerpt":{"rendered":"<ul>\n<li>Potrivit pentru cu\u021bite de finisare, foarfece, t\u00e2mpl\u0103rie \u0219i alte unelte.<\/li>\n<li>Dimensiuni: 191x70x29mm<\/li>\n<li>Greutate: 850 g<\/li>\n<li>Duritate: Lv 3.5<\/li>\n<li>V\u0103 recomand\u0103m s\u0103 lucra\u021bi cu ap\u0103 cald\u0103, deoarece apa rece reduce viteza \u0219i r\u0103spunsul.<\/li>\n<\/ul>","protected":false},"featured_media":2071,"comment_status":"open","ping_status":"closed","template":"","meta":[],"product_brand":[],"product_cat":[22],"product_tag":[219,44,235,258],"class_list":{"0":"post-2065","1":"product","2":"type-product","3":"status-publish","4":"has-post-thumbnail","6":"product_cat-jnats","7":"product_tag-shobu","8":"product_tag-shobudani","9":"product_tag-shohonyama","10":"product_tag-soft-tomae","11":"product_shipping_class-iprastas","13":"first","14":"outofstock","15":"sale","16":"shipping-taxable","17":"purchasable","18":"product-type-simple"},"_links":{"self":[{"href":"https:\/\/jnats.eu\/ro\/wp-json\/wp\/v2\/product\/2065","targetHints":{"allow":["GET"]}}],"collection":[{"href":"https:\/\/jnats.eu\/ro\/wp-json\/wp\/v2\/product"}],"about":[{"href":"https:\/\/jnats.eu\/ro\/wp-json\/wp\/v2\/types\/product"}],"replies":[{"embeddable":true,"href":"https:\/\/jnats.eu\/ro\/wp-json\/wp\/v2\/comments?post=2065"}],"wp:featuredmedia":[{"embeddable":true,"href":"https:\/\/jnats.eu\/ro\/wp-json\/wp\/v2\/media\/2071"}],"wp:attachment":[{"href":"https:\/\/jnats.eu\/ro\/wp-json\/wp\/v2\/media?parent=2065"}],"wp:term":[{"taxonomy":"product_brand","embeddable":true,"href":"https:\/\/jnats.eu\/ro\/wp-json\/wp\/v2\/product_brand?post=2065"},{"taxonomy":"product_cat","embeddable":true,"href":"https:\/\/jnats.eu\/ro\/wp-json\/wp\/v2\/product_cat?post=2065"},{"taxonomy":"product_tag","embeddable":true,"href":"https:\/\/jnats.eu\/ro\/wp-json\/wp\/v2\/product_tag?post=2065"}],"curies":[{"name":"wp","href":"https:\/\/api.w.org\/{rel}","templated":true}]}}