{"id":2156,"date":"2025-08-26T15:16:22","date_gmt":"2025-08-26T12:16:22","guid":{"rendered":"http:\/\/jnats.eu\/?post_type=product&#038;p=2156"},"modified":"2025-09-04T14:31:44","modified_gmt":"2025-09-04T11:31:44","slug":"vintazinis-nakayama-kiita-tomae-su-dezute","status":"publish","type":"product","link":"https:\/\/jnats.eu\/ro\/product-2\/vintazinis-nakayama-kiita-tomae-su-dezute\/","title":{"rendered":"Vintage Nakayama Kiita Tomae cu cutie"},"content":{"rendered":"<figure class=\"wp-block-embed is-type-video is-provider-youtube wp-block-embed-youtube wp-embed-aspect-16-9 wp-has-aspect-ratio\"><div class=\"wp-block-embed__wrapper\">\n<div class=\"video-container\"><iframe title=\"Ascu\u021birea iconicului Iwasaki Kamisori pe o piatr\u0103 de \u0219lefuit Nakayama\" width=\"1170\" height=\"658\" src=\"https:\/\/www.youtube.com\/embed\/TnGyRyTGinA?start=1072&#038;feature=oembed\" frameborder=\"0\" allow=\"accelerometer; autoplay; clipboard-write; encrypted-media; gyroscope; picture-in-picture; web-share\" referrerpolicy=\"strict-origin-when-cross-origin\" allowfullscreen><\/iframe><\/div>\n<\/div><\/figure>\n\n\n\n<p>\u00cen ciuda faptului c\u0103 este destul de dur, acest Nakayama Kiita de la mina Kato este u\u0219or de prelucrat. Este suficient de bun\u0103 pentru finisarea unei lame de ras, dar suficient de u\u0219or de folosit \u00eenc\u00e2t s\u0103 fie potrivit\u0103 \u0219i pentru cu\u021bite. Se simte mai moale \u0219i mai neted\u0103 dec\u00e2t ne-am a\u0219tepta de la o asemenea duritate. F\u0103r\u0103 un cui sau o plac\u0103 diamantat\u0103, piatra va emana pu\u021bin\u0103 m\u00e2zg\u0103, dar va ar\u0103ta cur\u00e2nd de\u0219eurile de metal care au fost lustruite. Dimensiunile sale o fac ideal\u0103 pentru lucrul cu briciul, dar este potrivit\u0103 \u0219i pentru ascu\u021birea uneltelor mai mari. Dac\u0103 cu\u021bitul dvs. este bine preg\u0103tit, aceasta va oferi, de asemenea, o lustruire kasumi foarte rafinat\u0103.<\/p>\n\n\n\n<p>Aceast\u0103 kiita nu este la fel de galben str\u0103lucitor ca unele, dar are o culoare bun\u0103, cu unele pete maronii ocazionale. <\/p>\n\n\n\n<p><strong>Nakayama (\u4e2d\u5c71)<\/strong><\/p>\n\n\n\n<p>Aceast\u0103 min\u0103 estic\u0103 este renumit\u0103 pentru pietrele sale de finisare pentru ascu\u021bit awasedo \u0219i este probabil cea mai c\u0103utat\u0103 printre profesioni\u0219tii \u0219i amatorii de ascu\u021bit. \u00cen compara\u021bie cu pietrele de duritate \u0219i fine\u021be similare din alte mine, pietrele Nakayama sunt cunoscute pentru senza\u021bia de ascu\u021bire mai pl\u0103cut\u0103 \u0219i pentru viteza mare de lucru. Piatra multistrat (Hondomae, Shikitomae) \u0219i Kiita sunt deosebit de apreciate.<\/p>\n\n\n\n<p><\/p>","protected":false},"excerpt":{"rendered":"<ul>\n<li>Ideal pentru finisarea briciurilor, cu\u021bitelor, foarfecelor, t\u00e2mpl\u0103riei \u0219i a altor unelte.<\/li>\n<li>Dimensiuni: 203x75x31-25 mm (grosimea variaz\u0103)<\/li>\n<li>Greutate: 1045 g<\/li>\n<li>Duritate: Lv 4.5<\/li>\n<li>Suprafa\u021b\u0103 neted\u0103 \u0219i gata de utilizare<\/li>\n<li>Exist\u0103 o mic\u0103 fisur\u0103 \u00een mijlocul marginii<\/li>\n<\/ul>","protected":false},"featured_media":5169,"comment_status":"open","ping_status":"closed","template":"","meta":[],"product_brand":[],"product_cat":[22],"product_tag":[141,49,48],"class_list":{"0":"post-2156","1":"product","2":"type-product","3":"status-publish","4":"has-post-thumbnail","6":"product_cat-jnats","7":"product_tag-kiita","8":"product_tag-nakayama","9":"product_tag-nashiji","10":"product_shipping_class-iprastas","12":"first","13":"outofstock","14":"shipping-taxable","15":"purchasable","16":"product-type-simple"},"_links":{"self":[{"href":"https:\/\/jnats.eu\/ro\/wp-json\/wp\/v2\/product\/2156","targetHints":{"allow":["GET"]}}],"collection":[{"href":"https:\/\/jnats.eu\/ro\/wp-json\/wp\/v2\/product"}],"about":[{"href":"https:\/\/jnats.eu\/ro\/wp-json\/wp\/v2\/types\/product"}],"replies":[{"embeddable":true,"href":"https:\/\/jnats.eu\/ro\/wp-json\/wp\/v2\/comments?post=2156"}],"wp:featuredmedia":[{"embeddable":true,"href":"https:\/\/jnats.eu\/ro\/wp-json\/wp\/v2\/media\/5169"}],"wp:attachment":[{"href":"https:\/\/jnats.eu\/ro\/wp-json\/wp\/v2\/media?parent=2156"}],"wp:term":[{"taxonomy":"product_brand","embeddable":true,"href":"https:\/\/jnats.eu\/ro\/wp-json\/wp\/v2\/product_brand?post=2156"},{"taxonomy":"product_cat","embeddable":true,"href":"https:\/\/jnats.eu\/ro\/wp-json\/wp\/v2\/product_cat?post=2156"},{"taxonomy":"product_tag","embeddable":true,"href":"https:\/\/jnats.eu\/ro\/wp-json\/wp\/v2\/product_tag?post=2156"}],"curies":[{"name":"wp","href":"https:\/\/api.w.org\/{rel}","templated":true}]}}