{"id":2162,"date":"2024-04-27T15:44:41","date_gmt":"2024-04-27T12:44:41","guid":{"rendered":"http:\/\/jnats.eu\/?post_type=product&#038;p=2162"},"modified":"2024-05-20T19:52:57","modified_gmt":"2024-05-20T16:52:57","slug":"nakayama-kiita-iromono","status":"publish","type":"product","link":"https:\/\/jnats.eu\/ro\/product-2\/nakayama-kiita-iromono\/","title":{"rendered":"Nakayama Kiita Iromono"},"content":{"rendered":"<p>Piatra de ascu\u021bit Nakayama Kiita este u\u0219or de lucrat. Este suficient de bun\u0103 pentru a finisa un brici, dar suficient de simplu de utilizat pentru a fi potrivit\u0103 \u0219i pentru cu\u021bite. Se poate renun\u021ba la un cui sau la o plac\u0103 diamantat\u0103, deoarece piatra va degaja suficient din propria sa suspensie pentru a ar\u0103ta rapid reziduurile de metal lustruit. Dimensiunile sale o fac ideal\u0103 pentru ascu\u021birea briciurilor, mai ales dac\u0103 v\u0103 place un b\u0103rbierit delicat \u0219i sigur. De asemenea, poate fi folosit ca donator de noroi pe piatr\u0103 dur\u0103.<\/p>\n\n\n\n<p>Aceast\u0103 piatr\u0103 este o combina\u021bie unic\u0103 de kiita (galben) \u0219i Iromono (roz), care este foarte rar de v\u0103zut.<\/p>\n\n\n\n<figure class=\"wp-block-embed is-type-video is-provider-youtube wp-block-embed-youtube wp-embed-aspect-16-9 wp-has-aspect-ratio\"><div class=\"wp-block-embed__wrapper\">\n<div class=\"video-container\"><iframe title=\"Nakayama Awasedo Soft\" width=\"1170\" height=\"658\" src=\"https:\/\/www.youtube.com\/embed\/-lrea77d1LM?start=332&feature=oembed\" frameborder=\"0\" allow=\"accelerometer; autoplay; clipboard-write; encrypted-media; gyroscope; picture-in-picture; web-share\" referrerpolicy=\"strict-origin-when-cross-origin\" allowfullscreen><\/iframe><\/div>\n<\/div><\/figure>\n\n\n\n<p><strong>Nakayama (\u4e2d\u5c71)<\/strong><\/p>\n\n\n\n<p>Aceast\u0103 min\u0103 estic\u0103 este renumit\u0103 pentru pietrele sale de finisare pentru ascu\u021bit awasedo \u0219i este probabil cea mai c\u0103utat\u0103 printre profesioni\u0219tii \u0219i amatorii de ascu\u021bit. \u00cen compara\u021bie cu pietrele de duritate \u0219i fine\u021be similare din alte mine, pietrele Nakayama sunt cunoscute pentru senza\u021bia de ascu\u021bire mai pl\u0103cut\u0103 \u0219i pentru viteza mare de lucru. Piatra multistrat (Hondomae, Shikitomae) \u0219i Kiita sunt deosebit de apreciate.<\/p>","protected":false},"excerpt":{"rendered":"<ul>\n<li>Potrivit pentru finisarea aparatelor de ras, cutitelor, foarfecelor, tamplariei si alte unelte. Poate fi folosit \u0219i ca donor de suspensie pe piatr\u0103 tare.<\/li>\n<li>Dimensiuni: 145x82x14 mm<\/li>\n<li>Greutate: 420 g<\/li>\n<li>Duritate: Lv 3<\/li>\n<li>Suprafa\u021b\u0103 neted\u0103 \u0219i gata de utilizare<\/li>\n<\/ul>","protected":false},"featured_media":2165,"comment_status":"open","ping_status":"closed","template":"","meta":[],"product_brand":[],"product_cat":[22],"product_tag":[41,141,49],"class_list":{"0":"post-2162","1":"product","2":"type-product","3":"status-publish","4":"has-post-thumbnail","6":"product_cat-jnats","7":"product_tag-iromono","8":"product_tag-kiita","9":"product_tag-nakayama","10":"product_shipping_class-iprastas","12":"first","13":"outofstock","14":"shipping-taxable","15":"purchasable","16":"product-type-simple"},"_links":{"self":[{"href":"https:\/\/jnats.eu\/ro\/wp-json\/wp\/v2\/product\/2162","targetHints":{"allow":["GET"]}}],"collection":[{"href":"https:\/\/jnats.eu\/ro\/wp-json\/wp\/v2\/product"}],"about":[{"href":"https:\/\/jnats.eu\/ro\/wp-json\/wp\/v2\/types\/product"}],"replies":[{"embeddable":true,"href":"https:\/\/jnats.eu\/ro\/wp-json\/wp\/v2\/comments?post=2162"}],"wp:featuredmedia":[{"embeddable":true,"href":"https:\/\/jnats.eu\/ro\/wp-json\/wp\/v2\/media\/2165"}],"wp:attachment":[{"href":"https:\/\/jnats.eu\/ro\/wp-json\/wp\/v2\/media?parent=2162"}],"wp:term":[{"taxonomy":"product_brand","embeddable":true,"href":"https:\/\/jnats.eu\/ro\/wp-json\/wp\/v2\/product_brand?post=2162"},{"taxonomy":"product_cat","embeddable":true,"href":"https:\/\/jnats.eu\/ro\/wp-json\/wp\/v2\/product_cat?post=2162"},{"taxonomy":"product_tag","embeddable":true,"href":"https:\/\/jnats.eu\/ro\/wp-json\/wp\/v2\/product_tag?post=2162"}],"curies":[{"name":"wp","href":"https:\/\/api.w.org\/{rel}","templated":true}]}}