{"id":2169,"date":"2024-04-27T15:49:23","date_gmt":"2024-04-27T12:49:23","guid":{"rendered":"http:\/\/jnats.eu\/?post_type=product&#038;p=2169"},"modified":"2024-05-13T10:16:41","modified_gmt":"2024-05-13T07:16:41","slug":"nakayama-iromono","status":"publish","type":"product","link":"https:\/\/jnats.eu\/ro\/product-2\/nakayama-iromono\/","title":{"rendered":"Nakayama Iromono"},"content":{"rendered":"<p>O piatr\u0103 moale de ascu\u021bit Nakayama Iromono, cu care este u\u0219or de lucrat. Este suficient de bun pentru a completa un aparat de ras, dar suficient de usor de folosit pentru a fi potrivit si pentru cutite. Te po\u021bi descurca f\u0103r\u0103 un cui sau o plac\u0103 de diamant, deoarece piatra va elibera mult din propria suspensie \u0219i de\u0219eurile de metal lustruit vor deveni rapid vizibile. Datorit\u0103 dimensiunilor sale, este perfect pentru ascu\u021birea aparatelor de ras, mai ales dac\u0103 v\u0103 place un b\u0103rbierit bl\u00e2nd \u0219i sigur. Poate fi folosit \u0219i ca donor de suspensie pe piatr\u0103 tare.<\/p>\n\n\n\n<figure class=\"wp-block-embed is-type-video is-provider-youtube wp-block-embed-youtube wp-embed-aspect-16-9 wp-has-aspect-ratio\"><div class=\"wp-block-embed__wrapper\">\n<div class=\"video-container\"><iframe title=\"Nakayama Awasedo Soft\" width=\"1170\" height=\"658\" src=\"https:\/\/www.youtube.com\/embed\/-lrea77d1LM?start=187&#038;feature=oembed\" frameborder=\"0\" allow=\"accelerometer; autoplay; clipboard-write; encrypted-media; gyroscope; picture-in-picture; web-share\" referrerpolicy=\"strict-origin-when-cross-origin\" allowfullscreen><\/iframe><\/div>\n<\/div><\/figure>\n\n\n\n<p><strong>Nakayama (\u4e2d\u5c71)<\/strong><\/p>\n\n\n\n<p>Aceast\u0103 min\u0103 estic\u0103 este renumit\u0103 pentru pietrele sale de finisare pentru ascu\u021bit awasedo \u0219i este probabil cea mai c\u0103utat\u0103 printre profesioni\u0219tii \u0219i amatorii de ascu\u021bit. \u00cen compara\u021bie cu pietrele de duritate \u0219i fine\u021be similare din alte mine, pietrele Nakayama sunt cunoscute pentru senza\u021bia de ascu\u021bire mai pl\u0103cut\u0103 \u0219i pentru viteza mare de lucru. Piatra multistrat (Hondomae, Shikitomae) \u0219i Kiita sunt deosebit de apreciate.<\/p>","protected":false},"excerpt":{"rendered":"<ul>\n<li>Potrivit pentru finisarea aparatelor de ras, cutitelor, foarfecelor, tamplariei si alte unelte. Poate fi folosit \u0219i ca donor de suspensie pe piatr\u0103 tare.<\/li>\n<li>Dimensiuni: 159x54x18 mm<\/li>\n<li>Greutate: 260 g<\/li>\n<li>Duritate: Lv 3<\/li>\n<li>Suprafa\u021ba este neted\u0103 \u0219i gata de utilizare. <strong>Exist\u0103 o mic\u0103 gaur\u0103 \u00een margine.<\/strong><\/li>\n<\/ul>","protected":false},"featured_media":2174,"comment_status":"open","ping_status":"closed","template":"","meta":[],"product_brand":[],"product_cat":[22],"product_tag":[41,49,262],"class_list":{"0":"post-2169","1":"product","2":"type-product","3":"status-publish","4":"has-post-thumbnail","6":"product_cat-jnats","7":"product_tag-iromono","8":"product_tag-nakayama","9":"product_tag-nakayama-kiita-iromono","10":"product_shipping_class-iprastas","12":"first","13":"outofstock","14":"shipping-taxable","15":"purchasable","16":"product-type-simple"},"_links":{"self":[{"href":"https:\/\/jnats.eu\/ro\/wp-json\/wp\/v2\/product\/2169","targetHints":{"allow":["GET"]}}],"collection":[{"href":"https:\/\/jnats.eu\/ro\/wp-json\/wp\/v2\/product"}],"about":[{"href":"https:\/\/jnats.eu\/ro\/wp-json\/wp\/v2\/types\/product"}],"replies":[{"embeddable":true,"href":"https:\/\/jnats.eu\/ro\/wp-json\/wp\/v2\/comments?post=2169"}],"wp:featuredmedia":[{"embeddable":true,"href":"https:\/\/jnats.eu\/ro\/wp-json\/wp\/v2\/media\/2174"}],"wp:attachment":[{"href":"https:\/\/jnats.eu\/ro\/wp-json\/wp\/v2\/media?parent=2169"}],"wp:term":[{"taxonomy":"product_brand","embeddable":true,"href":"https:\/\/jnats.eu\/ro\/wp-json\/wp\/v2\/product_brand?post=2169"},{"taxonomy":"product_cat","embeddable":true,"href":"https:\/\/jnats.eu\/ro\/wp-json\/wp\/v2\/product_cat?post=2169"},{"taxonomy":"product_tag","embeddable":true,"href":"https:\/\/jnats.eu\/ro\/wp-json\/wp\/v2\/product_tag?post=2169"}],"curies":[{"name":"wp","href":"https:\/\/api.w.org\/{rel}","templated":true}]}}