{"id":2179,"date":"2024-04-28T10:50:58","date_gmt":"2024-04-28T07:50:58","guid":{"rendered":"http:\/\/jnats.eu\/?post_type=product&#038;p=2179"},"modified":"2024-11-11T18:08:55","modified_gmt":"2024-11-11T16:08:55","slug":"nakayama-awasedo","status":"publish","type":"product","link":"https:\/\/jnats.eu\/ro\/product-2\/nakayama-awasedo\/","title":{"rendered":"Nakayama Awasedo"},"content":{"rendered":"<p>Piatra de ascu\u021bit Nakayama cu duritate medie este destul de dur\u0103 \u0219i u\u0219or de lucrat. Nu va fi nevoie de o r\u00e2p\u0103 sau o plac\u0103 de diamant, deoarece piatra va elibera suficient din propria suspensie. O op\u021biune grozav\u0103 pentru cei c\u0103rora nu le place \u201edansul cu tobe\u201d - pur \u0219i simplu ridica\u021bi-l \u0219i ascu\u021bi\u021bi-l. Datorita dimensiunilor sale, este perfecta pentru lucrul cu aparatul de ras, dar este potrivita si pentru ascutirea sculelor mai mari. <\/p>\n\n\n\n<p>Nu foarte frumos, dar o piatr\u0103 fin\u0103 care func\u021bioneaz\u0103 bine, ceea ce ne a\u0219tept\u0103m de la mina Nakayama. Piatra este lipit\u0103 pe un suport de lemn.<\/p>\n\n\n\n<p><strong>Nakayama (\u4e2d\u5c71)<\/strong><\/p>\n\n\n\n<p>Aceast\u0103 min\u0103 estic\u0103 este renumit\u0103 pentru pietrele sale de finisare pentru ascu\u021bit awasedo \u0219i este probabil cea mai c\u0103utat\u0103 printre profesioni\u0219tii \u0219i amatorii de ascu\u021bit. \u00cen compara\u021bie cu pietrele de duritate \u0219i fine\u021be similare din alte mine, pietrele Nakayama sunt cunoscute pentru senza\u021bia de ascu\u021bire mai pl\u0103cut\u0103 \u0219i pentru viteza mare de lucru. Piatra multistrat (Hondomae, Shikitomae) \u0219i Kiita sunt deosebit de apreciate.<\/p>","protected":false},"excerpt":{"rendered":"<ul>\n<li>Potrivit pentru finisarea briciurilor, cu\u021bitelor, foarfecelor, t\u00e2mpl\u0103riei \u0219i a altor unelte.<\/li>\n<li>Dimensiuni: 195x70x23 mm<\/li>\n<li>Greutate cu suport: 1050 g<\/li>\n<li>Duritate: Lv 4<\/li>\n<li>Suprafa\u021b\u0103 neted\u0103 \u0219i gata de utilizare<\/li>\n<\/ul>","protected":false},"featured_media":2183,"comment_status":"open","ping_status":"closed","template":"","meta":[],"product_brand":[],"product_cat":[22],"product_tag":[40,49],"class_list":{"0":"post-2179","1":"product","2":"type-product","3":"status-publish","4":"has-post-thumbnail","6":"product_cat-jnats","7":"product_tag-awasedo","8":"product_tag-nakayama","9":"product_shipping_class-iprastas","11":"first","12":"outofstock","13":"shipping-taxable","14":"purchasable","15":"product-type-simple"},"_links":{"self":[{"href":"https:\/\/jnats.eu\/ro\/wp-json\/wp\/v2\/product\/2179","targetHints":{"allow":["GET"]}}],"collection":[{"href":"https:\/\/jnats.eu\/ro\/wp-json\/wp\/v2\/product"}],"about":[{"href":"https:\/\/jnats.eu\/ro\/wp-json\/wp\/v2\/types\/product"}],"replies":[{"embeddable":true,"href":"https:\/\/jnats.eu\/ro\/wp-json\/wp\/v2\/comments?post=2179"}],"wp:featuredmedia":[{"embeddable":true,"href":"https:\/\/jnats.eu\/ro\/wp-json\/wp\/v2\/media\/2183"}],"wp:attachment":[{"href":"https:\/\/jnats.eu\/ro\/wp-json\/wp\/v2\/media?parent=2179"}],"wp:term":[{"taxonomy":"product_brand","embeddable":true,"href":"https:\/\/jnats.eu\/ro\/wp-json\/wp\/v2\/product_brand?post=2179"},{"taxonomy":"product_cat","embeddable":true,"href":"https:\/\/jnats.eu\/ro\/wp-json\/wp\/v2\/product_cat?post=2179"},{"taxonomy":"product_tag","embeddable":true,"href":"https:\/\/jnats.eu\/ro\/wp-json\/wp\/v2\/product_tag?post=2179"}],"curies":[{"name":"wp","href":"https:\/\/api.w.org\/{rel}","templated":true}]}}