{"id":2185,"date":"2024-04-28T11:00:34","date_gmt":"2024-04-28T08:00:34","guid":{"rendered":"http:\/\/jnats.eu\/?post_type=product&#038;p=2185"},"modified":"2024-10-04T17:53:37","modified_gmt":"2024-10-04T14:53:37","slug":"nakayama-asagi-nashiji","status":"publish","type":"product","link":"https:\/\/jnats.eu\/ro\/product-2\/nakayama-asagi-nashiji\/","title":{"rendered":"Nakayama Asagi Nashiji"},"content":{"rendered":"<p>Piatra de ascu\u021bire natural\u0103 japonez\u0103 de finisare Nakayama Asagi Nashiji. O piatr\u0103 destul de tare \u0219i fin\u0103 pe care v\u0103 recomand\u0103m s\u0103 o folosi\u021bi ca piatr\u0103 final\u0103 la sf\u00e2r\u0219itul procesului de ascu\u021bire pentru cu\u021bite sau alte unelte. Este potrivit si pentru finisarea aparatelor de ras, atata timp cat nu folositi prea multa forta. <\/p>\n\n\n\n<p>Este o piatra grea cu o forma regulata care isi face treaba foarte bine!<\/p>\n\n\n\n<p>Acest asagi gri are un model distinct de puncte nashiji pe toat\u0103 piatra. Nu sunt vizibile linii sau incluziuni. De asemenea, fundul pietrei poate fi u\u0219or preg\u0103tit pentru lucru.<\/p>\n\n\n\n<p><strong>Nakayama (\u4e2d\u5c71)<\/strong><\/p>\n\n\n\n<p>Aceast\u0103 min\u0103 estic\u0103 este renumit\u0103 pentru pietrele sale de ascu\u021bit, awasedo. Piatra multistratificat\u0103 cu culoarea kiita este apreciat\u0103 \u00een special de t\u00e2mplari \u0219i de cei care ascut briciuri. \u00cen compara\u021bie cu pietrele de duritate \u0219i fine\u021be similare din alte mine, pietrele Nakayama sunt cunoscute pentru senza\u021bia lor mai pl\u0103cut\u0103 de ascu\u021bire.<\/p>","protected":false},"excerpt":{"rendered":"<ul>\n<li>Potrivit pentru finisarea briciurilor, cu\u021bitelor, foarfecelor, t\u00e2mpl\u0103riei \u0219i a altor unelte.<\/li>\n<li>Dimensiuni: 205x75x29 mm<\/li>\n<li>Greutate: 1340 g<\/li>\n<li>Duritate: Lv 5<\/li>\n<li>Suprafa\u021ba este neted\u0103 \u0219i gata de utilizare.<\/li>\n<li>V\u0103 recomand\u0103m s\u0103 lucra\u021bi cu ap\u0103 cald\u0103, deoarece apa rece afecteaz\u0103 viteza \u0219i r\u0103spunsul<\/li>\n<\/ul>","protected":false},"featured_media":2190,"comment_status":"open","ping_status":"closed","template":"","meta":[],"product_brand":[],"product_cat":[22],"product_tag":[45,49,263],"class_list":{"0":"post-2185","1":"product","2":"type-product","3":"status-publish","4":"has-post-thumbnail","6":"product_cat-jnats","7":"product_tag-asagi","8":"product_tag-nakayama","9":"product_tag-nakayama-asagi","10":"product_shipping_class-iprastas","12":"first","13":"outofstock","14":"shipping-taxable","15":"purchasable","16":"product-type-simple"},"_links":{"self":[{"href":"https:\/\/jnats.eu\/ro\/wp-json\/wp\/v2\/product\/2185","targetHints":{"allow":["GET"]}}],"collection":[{"href":"https:\/\/jnats.eu\/ro\/wp-json\/wp\/v2\/product"}],"about":[{"href":"https:\/\/jnats.eu\/ro\/wp-json\/wp\/v2\/types\/product"}],"replies":[{"embeddable":true,"href":"https:\/\/jnats.eu\/ro\/wp-json\/wp\/v2\/comments?post=2185"}],"wp:featuredmedia":[{"embeddable":true,"href":"https:\/\/jnats.eu\/ro\/wp-json\/wp\/v2\/media\/2190"}],"wp:attachment":[{"href":"https:\/\/jnats.eu\/ro\/wp-json\/wp\/v2\/media?parent=2185"}],"wp:term":[{"taxonomy":"product_brand","embeddable":true,"href":"https:\/\/jnats.eu\/ro\/wp-json\/wp\/v2\/product_brand?post=2185"},{"taxonomy":"product_cat","embeddable":true,"href":"https:\/\/jnats.eu\/ro\/wp-json\/wp\/v2\/product_cat?post=2185"},{"taxonomy":"product_tag","embeddable":true,"href":"https:\/\/jnats.eu\/ro\/wp-json\/wp\/v2\/product_tag?post=2185"}],"curies":[{"name":"wp","href":"https:\/\/api.w.org\/{rel}","templated":true}]}}