{"id":2193,"date":"2024-04-28T11:08:31","date_gmt":"2024-04-28T08:08:31","guid":{"rendered":"http:\/\/jnats.eu\/?post_type=product&#038;p=2193"},"modified":"2025-04-22T15:40:08","modified_gmt":"2025-04-22T12:40:08","slug":"nakayama-mizu-asagi-karasu","status":"publish","type":"product","link":"https:\/\/jnats.eu\/ro\/product-2\/nakayama-mizu-asagi-karasu\/","title":{"rendered":"Nakayama Mizu Asagi Karasu"},"content":{"rendered":"<p>Piatr\u0103 natural\u0103 japonez\u0103 de finisare pentru ascu\u021bit Nakayama Mizu Asagi Karasu. O piatr\u0103 foarte dur\u0103 \u0219i cu granula\u021bie extrem de fin\u0103, pe care o recomand\u0103m pentru utilizarea ca piatr\u0103 de finisare la sf\u00e2r\u0219itul procesului de ascu\u021bire, pentru bricege, cu\u021bite sau alte unelte. Ideal\u0103 ca baz\u0103 pentru naguros.<\/p>\n\n\n\n<p>Este o piatr\u0103 grea de form\u0103 obi\u0219nuit\u0103 care \u00ee\u0219i face treaba foarte bine! Grosimea este mic\u0103, dar va dura mai multe genera\u021bii, deoarece astfel de pietre dure se uzeaz\u0103 foarte \u00eencet.<\/p>\n\n\n\n<p>Acest asagi gri are un model slab Mizu \u0219i Karasu pe toat\u0103 suprafa\u021ba pietrei. Nu exist\u0103 linii sau incluziuni. <\/p>\n\n\n\n<p><strong>Nakayama (\u4e2d\u5c71)<\/strong><\/p>\n\n\n\n<p>Aceast\u0103 min\u0103 estic\u0103 este renumit\u0103 pentru pietrele sale de ascu\u021bit, awasedo. Piatra multistratificat\u0103 cu culoarea kiita este apreciat\u0103 \u00een special de t\u00e2mplari \u0219i de cei care ascut briciuri. \u00cen compara\u021bie cu pietrele de duritate \u0219i fine\u021be similare din alte mine, pietrele Nakayama sunt cunoscute pentru senza\u021bia lor mai pl\u0103cut\u0103 de ascu\u021bire.<\/p>","protected":false},"excerpt":{"rendered":"<ul>\n<li>Potrivit pentru finisarea briciurilor, cu\u021bitelor, foarfecelor, t\u00e2mpl\u0103riei \u0219i a altor unelte.<\/li>\n<li>Dimensiuni: 197x71x16 mm<\/li>\n<li>Greutate cu suport: 860 g<\/li>\n<li>Duritate: Lv 5+<\/li>\n<li>Suprafa\u021ba este neted\u0103 \u0219i gata de utilizare.<\/li>\n<li>V\u0103 recomand\u0103m s\u0103 lucra\u021bi cu ap\u0103 cald\u0103, deoarece apa rece afecteaz\u0103 viteza \u0219i r\u0103spunsul<\/li>\n<\/ul>","protected":false},"featured_media":2199,"comment_status":"open","ping_status":"closed","template":"","meta":[],"product_brand":[],"product_cat":[],"product_tag":[45,57,154,49],"class_list":{"0":"post-2193","1":"product","2":"type-product","3":"status-publish","4":"has-post-thumbnail","6":"product_tag-asagi","7":"product_tag-karasu","8":"product_tag-mizu","9":"product_tag-nakayama","10":"product_shipping_class-iprastas","12":"first","13":"outofstock","14":"shipping-taxable","15":"purchasable","16":"product-type-simple"},"_links":{"self":[{"href":"https:\/\/jnats.eu\/ro\/wp-json\/wp\/v2\/product\/2193","targetHints":{"allow":["GET"]}}],"collection":[{"href":"https:\/\/jnats.eu\/ro\/wp-json\/wp\/v2\/product"}],"about":[{"href":"https:\/\/jnats.eu\/ro\/wp-json\/wp\/v2\/types\/product"}],"replies":[{"embeddable":true,"href":"https:\/\/jnats.eu\/ro\/wp-json\/wp\/v2\/comments?post=2193"}],"wp:featuredmedia":[{"embeddable":true,"href":"https:\/\/jnats.eu\/ro\/wp-json\/wp\/v2\/media\/2199"}],"wp:attachment":[{"href":"https:\/\/jnats.eu\/ro\/wp-json\/wp\/v2\/media?parent=2193"}],"wp:term":[{"taxonomy":"product_brand","embeddable":true,"href":"https:\/\/jnats.eu\/ro\/wp-json\/wp\/v2\/product_brand?post=2193"},{"taxonomy":"product_cat","embeddable":true,"href":"https:\/\/jnats.eu\/ro\/wp-json\/wp\/v2\/product_cat?post=2193"},{"taxonomy":"product_tag","embeddable":true,"href":"https:\/\/jnats.eu\/ro\/wp-json\/wp\/v2\/product_tag?post=2193"}],"curies":[{"name":"wp","href":"https:\/\/api.w.org\/{rel}","templated":true}]}}