{"id":2207,"date":"2024-04-28T11:27:14","date_gmt":"2024-04-28T08:27:14","guid":{"rendered":"http:\/\/jnats.eu\/?post_type=product&#038;p=2207"},"modified":"2024-05-16T10:41:28","modified_gmt":"2024-05-16T07:41:28","slug":"nakayama-tomae-japoniskas-naturalus-galandinimo-uzbaigimo-akmuo","status":"publish","type":"product","link":"https:\/\/jnats.eu\/ro\/product-2\/nakayama-tomae-japoniskas-naturalus-galandinimo-uzbaigimo-akmuo\/","title":{"rendered":"Nakayama Tomae Piatr\u0103 de finisare natural\u0103 japonez\u0103 de ascu\u021bit"},"content":{"rendered":"<p>Piatra naturala de ascutit japoneza de finisare Nakayama Tomae. Este o piatr\u0103 destul de dur\u0103, cu o vitez\u0103 excelent\u0103 de ascu\u021bire. \u00cel recomand\u0103m pentru finisarea cu\u021bitelor \u0219i aparatelor de ras. Desigur, va func\u021biona \u0219i pentru alte instrumente.<\/p>\n\n\n\n<p>Este o piatr\u0103 mare, de form\u0103 regulat\u0103, care \u00ee\u0219i face treaba foarte bine! Nu sunt vizibile linii sau incluziuni \u201etoxice\u201d.<\/p>","protected":false},"excerpt":{"rendered":"<ul>\n<li>Potrivit pentru finisarea briciurilor, cu\u021bitelor, t\u00e2mpl\u0103riei \u0219i a altor unelte.<\/li>\n<li>Dimensiuni: 207x75x40mm<\/li>\n<li>Greutate: 1510 grame<\/li>\n<li>Duritate: Lv 4.7<\/li>\n<li>Suprafa\u021ba este neted\u0103 \u0219i gata de utilizare.<\/li>\n<li>V\u0103 recomand\u0103m s\u0103 lucra\u021bi cu ap\u0103 cald\u0103, deoarece apa rece afecteaz\u0103 viteza \u0219i r\u0103spunsul<\/li>\n<\/ul>","protected":false},"featured_media":2208,"comment_status":"open","ping_status":"closed","template":"","meta":[],"product_brand":[],"product_cat":[22],"product_tag":[49,67],"class_list":{"0":"post-2207","1":"product","2":"type-product","3":"status-publish","4":"has-post-thumbnail","6":"product_cat-jnats","7":"product_tag-nakayama","8":"product_tag-tomae","9":"product_shipping_class-iprastas","11":"first","12":"instock","13":"sale","14":"shipping-taxable","15":"purchasable","16":"product-type-simple"},"_links":{"self":[{"href":"https:\/\/jnats.eu\/ro\/wp-json\/wp\/v2\/product\/2207","targetHints":{"allow":["GET"]}}],"collection":[{"href":"https:\/\/jnats.eu\/ro\/wp-json\/wp\/v2\/product"}],"about":[{"href":"https:\/\/jnats.eu\/ro\/wp-json\/wp\/v2\/types\/product"}],"replies":[{"embeddable":true,"href":"https:\/\/jnats.eu\/ro\/wp-json\/wp\/v2\/comments?post=2207"}],"wp:featuredmedia":[{"embeddable":true,"href":"https:\/\/jnats.eu\/ro\/wp-json\/wp\/v2\/media\/2208"}],"wp:attachment":[{"href":"https:\/\/jnats.eu\/ro\/wp-json\/wp\/v2\/media?parent=2207"}],"wp:term":[{"taxonomy":"product_brand","embeddable":true,"href":"https:\/\/jnats.eu\/ro\/wp-json\/wp\/v2\/product_brand?post=2207"},{"taxonomy":"product_cat","embeddable":true,"href":"https:\/\/jnats.eu\/ro\/wp-json\/wp\/v2\/product_cat?post=2207"},{"taxonomy":"product_tag","embeddable":true,"href":"https:\/\/jnats.eu\/ro\/wp-json\/wp\/v2\/product_tag?post=2207"}],"curies":[{"name":"wp","href":"https:\/\/api.w.org\/{rel}","templated":true}]}}