{"id":2214,"date":"2024-04-28T11:43:55","date_gmt":"2024-04-28T08:43:55","guid":{"rendered":"http:\/\/jnats.eu\/?post_type=product&#038;p=2214"},"modified":"2024-10-20T15:02:22","modified_gmt":"2024-10-20T12:02:22","slug":"nakayama-tomae-kiita","status":"publish","type":"product","link":"https:\/\/jnats.eu\/ro\/product-2\/nakayama-tomae-kiita\/","title":{"rendered":"Nakayama Tomae Kiita"},"content":{"rendered":"<p>Nakayama Kiita \u00ee\u0219i merit\u0103 reputa\u021bia ca fiind cele mai bune pietre de finisare pentru ascu\u021bit pe care banii le pot cump\u0103ra. De obicei sunt mici, curate, rapide \u0219i potrivite pentru orice, de la ascu\u021birea aparatelor de ras la lustruirea cu\u021bitelor de buc\u0103t\u0103rie.<\/p>\n\n\n\n<p>Piatra kiita frumoasa si autentica din mina Nakayama. Extras \u00een anii 1950. Aceast\u0103 piatr\u0103 are o culoare galben str\u0103lucitor, \u00eempodobit\u0103 cu puncte nashiji rare \u0219i c\u00e2teva linii numazu sigure.<\/p>\n\n\n\n<p>Senza\u021bia de ascu\u021bire este divin\u0103, cu o baz\u0103 solid\u0103 \u0219i totu\u0219i un r\u0103spuns extrem de neted. Cipul negru iese in evidenta instantaneu, iar piatra taie pur si simplu otelul, pastrand in acelasi timp o senzatie tactila minunata. Elibereaz\u0103 pu\u021bin din propria suspensie, dar asta nu o \u00eempiedic\u0103 s\u0103 func\u021bioneze rapid.<\/p>\n\n\n\n<p>Finisajul Kasumi este tulbure, cu un contrast mare \u00eentre hagane \u0219i jigane, ceea ce este mai pu\u021bin comun \u00een pietrele Nakayama mai dure. C\u00e2nd este lucrat\u0103, piatra emite un miros puternic \u0219i deosebit.<\/p>\n\n\n\n<p><strong>O cr\u0103p\u0103tur\u0103 sau o roc\u0103 necresit\u0103 este vizibil\u0103 \u00een plan orizontal aproximativ la mijloc \u00een jurul \u00eentregii pietre<\/strong>. Prin urmare, nepo\u021bii t\u0103i ar putea avea nevoie s\u0103 \u00eendep\u0103rteze c\u00e2teva pietre de aproximativ o jum\u0103tate de centimetru. Exist\u0103, de asemenea, o mic\u0103 \u0219ans\u0103 ca piatra s\u0103 se despart\u0103 acolo. Pentru a o reduce, p\u0103r\u021bile laterale ale pietrei pot fi acoperite cu lac, \u00eempiedic\u00e2nd astfel apa s\u0103 p\u0103trund\u0103 \u00een cr\u0103p\u0103tur\u0103.<\/p>\n\n\n\n<p><strong>Nakayama (\u4e2d\u5c71)<\/strong><\/p>\n\n\n\n<p>Aceast\u0103 min\u0103 din Est este renumit\u0103 pentru pietrele sale de finisare awasedo \u0219i este probabil cea mai c\u0103utat\u0103 printre profesioni\u0219tii \u0219i amatorii de ascu\u021bit. \u00cen compara\u021bie cu pietrele de duritate \u0219i fine\u021be similare din alte mine, pietrele Nakayama sunt cunoscute pentru r\u0103spunsul lor de ascu\u021bire mai pl\u0103cut \u0219i rata de lucru ridicat\u0103. Piatra cu mai multe straturi (Hondomae, Shikitomae) \u0219i Kiita sunt deosebit de apreciate.<\/p>\n\n\n\n<figure class=\"wp-block-embed is-type-video is-provider-youtube wp-block-embed-youtube wp-embed-aspect-16-9 wp-has-aspect-ratio\"><div class=\"wp-block-embed__wrapper\">\n<div class=\"video-container\"><iframe title=\"Nakayama Tomae Kiita, Ohira Naikumo Suita\" width=\"1170\" height=\"658\" src=\"https:\/\/www.youtube.com\/embed\/VZSDGTWTt3c?start=260&#038;feature=oembed\" frameborder=\"0\" allow=\"accelerometer; autoplay; clipboard-write; encrypted-media; gyroscope; picture-in-picture; web-share\" referrerpolicy=\"strict-origin-when-cross-origin\" allowfullscreen><\/iframe><\/div>\n<\/div><\/figure>","protected":false},"excerpt":{"rendered":"<ul>\n<li>Potrivit pentru finisarea briciurilor, cu\u021bitelor, foarfecelor, t\u00e2mpl\u0103riei \u0219i a altor unelte.\u00a0<\/li>\n<li>Dimensiuni: 205x75x35 mm<\/li>\n<li>Greutate: 1290 g<\/li>\n<li>Duritate: Lv 4,8<\/li>\n<li>Suprafa\u021ba este neted\u0103 \u0219i gata de utilizare.<\/li>\n<li>V\u0103 recomand\u0103m s\u0103 lucra\u021bi cu ap\u0103 cald\u0103, deoarece apa rece afecteaz\u0103 viteza \u0219i r\u0103spunsul<\/li>\n<\/ul>","protected":false},"featured_media":2224,"comment_status":"open","ping_status":"closed","template":"","meta":[],"product_brand":[],"product_cat":[22],"product_tag":[141,49,67],"class_list":{"0":"post-2214","1":"product","2":"type-product","3":"status-publish","4":"has-post-thumbnail","6":"product_cat-jnats","7":"product_tag-kiita","8":"product_tag-nakayama","9":"product_tag-tomae","10":"product_shipping_class-iprastas","12":"first","13":"outofstock","14":"shipping-taxable","15":"purchasable","16":"product-type-simple"},"_links":{"self":[{"href":"https:\/\/jnats.eu\/ro\/wp-json\/wp\/v2\/product\/2214","targetHints":{"allow":["GET"]}}],"collection":[{"href":"https:\/\/jnats.eu\/ro\/wp-json\/wp\/v2\/product"}],"about":[{"href":"https:\/\/jnats.eu\/ro\/wp-json\/wp\/v2\/types\/product"}],"replies":[{"embeddable":true,"href":"https:\/\/jnats.eu\/ro\/wp-json\/wp\/v2\/comments?post=2214"}],"wp:featuredmedia":[{"embeddable":true,"href":"https:\/\/jnats.eu\/ro\/wp-json\/wp\/v2\/media\/2224"}],"wp:attachment":[{"href":"https:\/\/jnats.eu\/ro\/wp-json\/wp\/v2\/media?parent=2214"}],"wp:term":[{"taxonomy":"product_brand","embeddable":true,"href":"https:\/\/jnats.eu\/ro\/wp-json\/wp\/v2\/product_brand?post=2214"},{"taxonomy":"product_cat","embeddable":true,"href":"https:\/\/jnats.eu\/ro\/wp-json\/wp\/v2\/product_cat?post=2214"},{"taxonomy":"product_tag","embeddable":true,"href":"https:\/\/jnats.eu\/ro\/wp-json\/wp\/v2\/product_tag?post=2214"}],"curies":[{"name":"wp","href":"https:\/\/api.w.org\/{rel}","templated":true}]}}