{"id":2232,"date":"2024-04-29T11:03:13","date_gmt":"2024-04-29T08:03:13","guid":{"rendered":"http:\/\/jnats.eu\/?post_type=product&#038;p=2232"},"modified":"2024-08-18T23:33:42","modified_gmt":"2024-08-18T20:33:42","slug":"nakayama-iromono-2","status":"publish","type":"product","link":"https:\/\/jnats.eu\/ro\/product-2\/nakayama-iromono-2\/","title":{"rendered":"Nakayama Iromono"},"content":{"rendered":"<p>O piatr\u0103 moale de ascu\u021bit Nakayama Kiita cu care este u\u0219or de lucrat. Este foarte fin \u0219i va finisa corect un aparat de ras, dar suficient de u\u0219or de utilizat pentru a fi potrivit \u0219i pentru cu\u021bite. Te po\u021bi descurca f\u0103r\u0103 un cui sau o plac\u0103 de diamant, deoarece piatra va elibera suficient din propria suspensie \u0219i resturile de metal lustruit vor fi vizibile \u00een cur\u00e2nd. Datorit\u0103 dimensiunilor sale, este perfect pentru ascu\u021birea aparatelor de ras, mai ales dac\u0103 v\u0103 place un b\u0103rbierit bl\u00e2nd \u0219i sigur. Poate fi folosit \u0219i ca donor de suspensie pe piatr\u0103 tare.<\/p>\n\n\n\n<p><strong>Nakayama (\u4e2d\u5c71)<\/strong><\/p>\n\n\n\n<p>Aceast\u0103 min\u0103 estic\u0103 este renumit\u0103 pentru pietrele sale de finisare pentru ascu\u021bit awasedo \u0219i este probabil cea mai c\u0103utat\u0103 printre profesioni\u0219tii \u0219i amatorii de ascu\u021bit. \u00cen compara\u021bie cu pietrele de duritate \u0219i fine\u021be similare din alte mine, pietrele Nakayama sunt cunoscute pentru senza\u021bia de ascu\u021bire mai pl\u0103cut\u0103 \u0219i pentru viteza mare de lucru. Piatra multistrat (Hondomae, Shikitomae) \u0219i Kiita sunt deosebit de apreciate.<\/p>","protected":false},"excerpt":{"rendered":"<ul>\n<li>Potrivit pentru finisarea aparatelor de ras, cutitelor, foarfecelor, tamplariei si alte unelte. Poate fi folosit \u0219i ca donor de suspensie pe piatr\u0103 tare.<\/li>\n<li>Dimensiuni: 149x79x23 mm<\/li>\n<li>Greutate: 610 g<\/li>\n<li>Duritate: Lv 3.5<\/li>\n<li>Suprafa\u021b\u0103 neted\u0103 \u0219i gata de utilizare<\/li>\n<\/ul>","protected":false},"featured_media":2239,"comment_status":"open","ping_status":"closed","template":"","meta":[],"product_brand":[],"product_cat":[22],"product_tag":[41,49],"class_list":{"0":"post-2232","1":"product","2":"type-product","3":"status-publish","4":"has-post-thumbnail","6":"product_cat-jnats","7":"product_tag-iromono","8":"product_tag-nakayama","9":"product_shipping_class-iprastas","11":"first","12":"outofstock","13":"sale","14":"shipping-taxable","15":"purchasable","16":"product-type-simple"},"_links":{"self":[{"href":"https:\/\/jnats.eu\/ro\/wp-json\/wp\/v2\/product\/2232","targetHints":{"allow":["GET"]}}],"collection":[{"href":"https:\/\/jnats.eu\/ro\/wp-json\/wp\/v2\/product"}],"about":[{"href":"https:\/\/jnats.eu\/ro\/wp-json\/wp\/v2\/types\/product"}],"replies":[{"embeddable":true,"href":"https:\/\/jnats.eu\/ro\/wp-json\/wp\/v2\/comments?post=2232"}],"wp:featuredmedia":[{"embeddable":true,"href":"https:\/\/jnats.eu\/ro\/wp-json\/wp\/v2\/media\/2239"}],"wp:attachment":[{"href":"https:\/\/jnats.eu\/ro\/wp-json\/wp\/v2\/media?parent=2232"}],"wp:term":[{"taxonomy":"product_brand","embeddable":true,"href":"https:\/\/jnats.eu\/ro\/wp-json\/wp\/v2\/product_brand?post=2232"},{"taxonomy":"product_cat","embeddable":true,"href":"https:\/\/jnats.eu\/ro\/wp-json\/wp\/v2\/product_cat?post=2232"},{"taxonomy":"product_tag","embeddable":true,"href":"https:\/\/jnats.eu\/ro\/wp-json\/wp\/v2\/product_tag?post=2232"}],"curies":[{"name":"wp","href":"https:\/\/api.w.org\/{rel}","templated":true}]}}