{"id":2240,"date":"2024-04-29T11:23:44","date_gmt":"2024-04-29T08:23:44","guid":{"rendered":"http:\/\/jnats.eu\/?post_type=product&#038;p=2240"},"modified":"2024-09-22T15:26:07","modified_gmt":"2024-09-22T12:26:07","slug":"nakayama-homdomae-galandinimo-akmuo-is-senovinio-sluoksnio","status":"publish","type":"product","link":"https:\/\/jnats.eu\/ro\/product-2\/nakayama-homdomae-galandinimo-akmuo-is-senovinio-sluoksnio\/","title":{"rendered":"Nakayama Hondomae piatr\u0103 de ascu\u021bit dintr-un strat str\u0103vechi"},"content":{"rendered":"<p>Nakayama Hondomae a fost extras \u00een prefectura Umegahata. Aceast\u0103 piatr\u0103 a fost excavat\u0103 de dl. Honda acum 300 de ani. Stratul Hondomae a fost complet epuizat acum 100 de ani, iar mul\u021bi al\u021bii au urmat exemplul. 1971 Hatanaka Toishi a achizi\u021bionat drepturile de exploatare a minei Nakayama \u0219i a \u00eenceput s\u0103 o opereze. Dac\u0103 pu\u021bul merge lateral, pute\u021bi s\u0103pa acolo aproape pentru totdeauna, dar dac\u0103 duce spre v\u00e2rf, mai devreme sau mai t\u00e2rziu trebuie s\u0103 v\u0103 opri\u021bi din cauza amenin\u021b\u0103rii colapsului. Drept urmare, mina Nakayama Kato-san a trebuit s\u0103 fie \u00eenchis\u0103 \u00een 1967. O piatr\u0103 bun\u0103 pentru o colec\u021bie, deoarece aproape au disp\u0103rut de pe pia\u021b\u0103.<\/p>\n\n\n\n<p>Pietre de ascu\u021bit de bun\u0103 calitate se g\u0103sesc \u00eenc\u0103 \u00een alte p\u0103r\u021bi ale acestui munte, dar sunt semnificativ inferioare ca calitate fa\u021b\u0103 de cele de epoc\u0103. <\/p>\n\n\n\n<p>Nakayama Homdomae este o piatr\u0103 de ascu\u021bit japonez\u0103 cu duritate medie, cu care este u\u0219or de lucrat. Este suficient de fin pentru a finisa corect un aparat de ras, dar suficient de usor de folosit pentru a fi potrivit si pentru cutite. Te po\u021bi descurca f\u0103r\u0103 un cui sau o plac\u0103 de diamant, deoarece piatra va elibera suficient din propria suspensie \u0219i resturile de metal lustruit vor fi vizibile \u00een cur\u00e2nd. Datorit\u0103 dimensiunilor sale, este perfect pentru ascu\u021birea aparatelor de ras, mai ales dac\u0103 v\u0103 place un b\u0103rbierit bl\u00e2nd \u0219i sigur. Poate fi folosit \u0219i ca donor de suspensie pe piatr\u0103 tare.   <\/p>","protected":false},"excerpt":{"rendered":"<ul>\n<li>Potrivit pentru finisarea briciurilor, cu\u021bitelor, foarfecelor, t\u00e2mpl\u0103riei \u0219i a altor unelte.<\/li>\n<li>Dimensiuni: 140x79x22 mm<\/li>\n<li>Greutate: 620 g<\/li>\n<li>Duritate: Lv 4<\/li>\n<li>Suprafa\u021b\u0103 neted\u0103 \u0219i gata de utilizare<\/li>\n<\/ul>","protected":false},"featured_media":2244,"comment_status":"open","ping_status":"closed","template":"","meta":[],"product_brand":[],"product_cat":[22],"product_tag":[139,49],"class_list":{"0":"post-2240","1":"product","2":"type-product","3":"status-publish","4":"has-post-thumbnail","6":"product_cat-jnats","7":"product_tag-homdomae","8":"product_tag-nakayama","9":"product_shipping_class-iprastas","11":"first","12":"outofstock","13":"sale","14":"shipping-taxable","15":"purchasable","16":"product-type-simple"},"_links":{"self":[{"href":"https:\/\/jnats.eu\/ro\/wp-json\/wp\/v2\/product\/2240","targetHints":{"allow":["GET"]}}],"collection":[{"href":"https:\/\/jnats.eu\/ro\/wp-json\/wp\/v2\/product"}],"about":[{"href":"https:\/\/jnats.eu\/ro\/wp-json\/wp\/v2\/types\/product"}],"replies":[{"embeddable":true,"href":"https:\/\/jnats.eu\/ro\/wp-json\/wp\/v2\/comments?post=2240"}],"wp:featuredmedia":[{"embeddable":true,"href":"https:\/\/jnats.eu\/ro\/wp-json\/wp\/v2\/media\/2244"}],"wp:attachment":[{"href":"https:\/\/jnats.eu\/ro\/wp-json\/wp\/v2\/media?parent=2240"}],"wp:term":[{"taxonomy":"product_brand","embeddable":true,"href":"https:\/\/jnats.eu\/ro\/wp-json\/wp\/v2\/product_brand?post=2240"},{"taxonomy":"product_cat","embeddable":true,"href":"https:\/\/jnats.eu\/ro\/wp-json\/wp\/v2\/product_cat?post=2240"},{"taxonomy":"product_tag","embeddable":true,"href":"https:\/\/jnats.eu\/ro\/wp-json\/wp\/v2\/product_tag?post=2240"}],"curies":[{"name":"wp","href":"https:\/\/api.w.org\/{rel}","templated":true}]}}