{"id":2246,"date":"2024-04-29T11:35:34","date_gmt":"2024-04-29T08:35:34","guid":{"rendered":"http:\/\/jnats.eu\/?post_type=product&#038;p=2246"},"modified":"2024-09-21T11:33:09","modified_gmt":"2024-09-21T08:33:09","slug":"nakayama-maruka-8-sluoksniu-hondomae-shikitomae","status":"publish","type":"product","link":"https:\/\/jnats.eu\/ro\/product-2\/nakayama-maruka-8-sluoksniu-hondomae-shikitomae\/","title":{"rendered":"Nakayama Maruka Hondomae Shikitomae cu 8 straturi"},"content":{"rendered":"<p>Pietrele de ascu\u021bit Nakayama cu opt straturi sunt aproape disp\u0103rute \u00een comer\u021b, deoarece sunt produsele de cea mai \u00eenalt\u0103 calitate. Este piatra perfect\u0103 din toate punctele de vedere: fine\u021be, netezime, vitez\u0103 \u0219i r\u0103spuns. \u00cen Japonia, am v\u0103zut un exemplar de 2,9 kg la un pre\u021b de 10 000 EUR.<\/p>\n\n\n\n<p>Este piatra de \u0219lefuit perfect\u0103 \u0219i este cunoscut\u0103 \u00een Japonia ca \"f\u0103r\u0103 plafon\". Acest lucru \u00eenseamn\u0103 c\u0103 pre\u021bul pietrei este indiferent de c\u00e2t de mult o ofer\u0103 v\u00e2nz\u0103torul.<\/p>\n\n\n\n<p>Cu toate acestea, deoarece este o afacere, exist\u0103 un pre\u021b corect \u00een industrie. \u00cen industria japonez\u0103 normal\u0103 de ascu\u021bire natural\u0103, acestea sunt cele mai scumpe pietre de \u0219lefuit.<\/p>\n\n\n\n<p>Aceast\u0103 piatr\u0103 are o form\u0103 perfect\u0103 pentru aparate de ras \u0219i o grosime care va rezista c\u00e2teva secole. \u0218tampila Maruka \u32d5\u6b63\u672c\u5c71 abia se vede, dar este acolo. Acest marcaj a fost pus de ultimul proprietar al minei Nakayama, Kato-san, doar pe pietrele de ascu\u021bit japoneze de cea mai bun\u0103 calitate.\u00a0<\/p>\n\n\n\n<p><strong>Nakayama (\u4e2d\u5c71)<\/strong><\/p>\n\n\n\n<p>Aceast\u0103 min\u0103 estic\u0103 este renumit\u0103 pentru pietrele sale de finisare pentru ascu\u021bit awasedo \u0219i este probabil cea mai c\u0103utat\u0103 printre profesioni\u0219tii \u0219i amatorii de ascu\u021bit. \u00cen compara\u021bie cu pietrele de duritate \u0219i fine\u021be similare din alte mine, pietrele Nakayama sunt cunoscute pentru senza\u021bia de ascu\u021bire mai pl\u0103cut\u0103 \u0219i pentru viteza mare de lucru. Piatra multistrat (Hondomae, Shikitomae) \u0219i Kiita sunt deosebit de apreciate.<\/p>","protected":false},"excerpt":{"rendered":"<ul>\n<li>Ideal pentru finisarea briciurilor, cu\u021bitelor, foarfecelor, t\u00e2mpl\u0103riei \u0219i a altor unelte.<\/li>\n<li>Dimensiuni: 194x69x30 mm<\/li>\n<li>Greutate cu suport: 1150 g<\/li>\n<li>Duritate: Lv 5<\/li>\n<li>Suprafa\u021b\u0103 neted\u0103 \u0219i gata de utilizare<\/li>\n<li>C\u00e2teva pete pot fi sim\u021bite cu degetul, dar nu interfereaz\u0103 cu ascu\u021birea \u0219i ar trebui s\u0103 dispar\u0103 \u00een timp. Col\u021bul este ciobit, ceea ce se vede clar \u00een fotografii.<\/li>\n<\/ul>","protected":false},"featured_media":2249,"comment_status":"open","ping_status":"closed","template":"","meta":[],"product_brand":[],"product_cat":[22],"product_tag":[260,51,58,49,108],"class_list":{"0":"post-2246","1":"product","2":"type-product","3":"status-publish","4":"has-post-thumbnail","6":"product_cat-jnats","7":"product_tag-8-sluoksniu","8":"product_tag-hondomae","9":"product_tag-maruka","10":"product_tag-nakayama","11":"product_tag-shikitomae","12":"product_shipping_class-iprastas","14":"first","15":"outofstock","16":"sale","17":"shipping-taxable","18":"purchasable","19":"product-type-simple"},"_links":{"self":[{"href":"https:\/\/jnats.eu\/ro\/wp-json\/wp\/v2\/product\/2246","targetHints":{"allow":["GET"]}}],"collection":[{"href":"https:\/\/jnats.eu\/ro\/wp-json\/wp\/v2\/product"}],"about":[{"href":"https:\/\/jnats.eu\/ro\/wp-json\/wp\/v2\/types\/product"}],"replies":[{"embeddable":true,"href":"https:\/\/jnats.eu\/ro\/wp-json\/wp\/v2\/comments?post=2246"}],"wp:featuredmedia":[{"embeddable":true,"href":"https:\/\/jnats.eu\/ro\/wp-json\/wp\/v2\/media\/2249"}],"wp:attachment":[{"href":"https:\/\/jnats.eu\/ro\/wp-json\/wp\/v2\/media?parent=2246"}],"wp:term":[{"taxonomy":"product_brand","embeddable":true,"href":"https:\/\/jnats.eu\/ro\/wp-json\/wp\/v2\/product_brand?post=2246"},{"taxonomy":"product_cat","embeddable":true,"href":"https:\/\/jnats.eu\/ro\/wp-json\/wp\/v2\/product_cat?post=2246"},{"taxonomy":"product_tag","embeddable":true,"href":"https:\/\/jnats.eu\/ro\/wp-json\/wp\/v2\/product_tag?post=2246"}],"curies":[{"name":"wp","href":"https:\/\/api.w.org\/{rel}","templated":true}]}}