{"id":2263,"date":"2024-04-29T11:57:03","date_gmt":"2024-04-29T08:57:03","guid":{"rendered":"http:\/\/jnats.eu\/?post_type=product&#038;p=2263"},"modified":"2025-04-11T21:03:49","modified_gmt":"2025-04-11T18:03:49","slug":"nakayama-kiita-nashiji-2","status":"publish","type":"product","link":"https:\/\/jnats.eu\/ro\/product-2\/nakayama-kiita-nashiji-2\/","title":{"rendered":"Nakayama Kiita Nashiji"},"content":{"rendered":"<p>\u00cen ciuda faptului c\u0103 aceast\u0103 piatr\u0103 de ascu\u021bit Nakayama Kiita Nashiji este foarte grea, este u\u0219or de lucrat. Este suficient de bun pentru a completa un aparat de ras, dar suficient de usor de folosit pentru a fi potrivit si pentru cutite. Se simte mai moale \u0219i mai rapid dec\u00e2t v-a\u021bi a\u0219tepta de la o astfel de duritate. F\u0103r\u0103 un cui sau o plac\u0103 de diamant, piatra nu \u00ee\u0219i va elibera suspensia, dar resturile de metal lustruit vor fi vizibile \u00een cur\u00e2nd. Datorit\u0103 dimensiunilor sale, este perfect pentru lucrul cu un aparat de ras, dar poate fi folosit \u0219i pentru ascu\u021birea uneltelor mai mari. Dac\u0103 cu\u021bitul t\u0103u este bine preg\u0103tit, va oferi \u0219i un lustru de kasumi foarte rafinat.<\/p>\n\n\n\n<p>Acest kiita este galben str\u0103lucitor cu pete gri. Peste tot este plin de puncte nashiji. <\/p>\n\n\n\n<p><strong>Nakayama (\u4e2d\u5c71)<\/strong><\/p>\n\n\n\n<p>Aceast\u0103 min\u0103 estic\u0103 este renumit\u0103 pentru pietrele sale de finisare pentru ascu\u021bit awasedo \u0219i este probabil cea mai c\u0103utat\u0103 printre profesioni\u0219tii \u0219i amatorii de ascu\u021bit. \u00cen compara\u021bie cu pietrele de duritate \u0219i fine\u021be similare din alte mine, pietrele Nakayama sunt cunoscute pentru senza\u021bia de ascu\u021bire mai pl\u0103cut\u0103 \u0219i pentru viteza mare de lucru. Piatra multistrat (Hondomae, Shikitomae) \u0219i Kiita sunt deosebit de apreciate.<\/p>","protected":false},"excerpt":{"rendered":"<ul>\n<li>Ideal pentru finisarea briciurilor, cu\u021bitelor, foarfecelor, t\u00e2mpl\u0103riei \u0219i a altor unelte.<\/li>\n<li>Dimensiuni: 135x82x25 mm<\/li>\n<li>Greutate: 610 g<\/li>\n<li>Duritate: Lv 5<\/li>\n<li>Suprafa\u021b\u0103 neted\u0103 \u0219i gata de utilizare<\/li>\n<\/ul>","protected":false},"featured_media":2270,"comment_status":"open","ping_status":"closed","template":"","meta":[],"product_brand":[],"product_cat":[22],"product_tag":[141,49,48],"class_list":{"0":"post-2263","1":"product","2":"type-product","3":"status-publish","4":"has-post-thumbnail","6":"product_cat-jnats","7":"product_tag-kiita","8":"product_tag-nakayama","9":"product_tag-nashiji","10":"product_shipping_class-iprastas","12":"first","13":"outofstock","14":"shipping-taxable","15":"purchasable","16":"product-type-simple"},"_links":{"self":[{"href":"https:\/\/jnats.eu\/ro\/wp-json\/wp\/v2\/product\/2263","targetHints":{"allow":["GET"]}}],"collection":[{"href":"https:\/\/jnats.eu\/ro\/wp-json\/wp\/v2\/product"}],"about":[{"href":"https:\/\/jnats.eu\/ro\/wp-json\/wp\/v2\/types\/product"}],"replies":[{"embeddable":true,"href":"https:\/\/jnats.eu\/ro\/wp-json\/wp\/v2\/comments?post=2263"}],"wp:featuredmedia":[{"embeddable":true,"href":"https:\/\/jnats.eu\/ro\/wp-json\/wp\/v2\/media\/2270"}],"wp:attachment":[{"href":"https:\/\/jnats.eu\/ro\/wp-json\/wp\/v2\/media?parent=2263"}],"wp:term":[{"taxonomy":"product_brand","embeddable":true,"href":"https:\/\/jnats.eu\/ro\/wp-json\/wp\/v2\/product_brand?post=2263"},{"taxonomy":"product_cat","embeddable":true,"href":"https:\/\/jnats.eu\/ro\/wp-json\/wp\/v2\/product_cat?post=2263"},{"taxonomy":"product_tag","embeddable":true,"href":"https:\/\/jnats.eu\/ro\/wp-json\/wp\/v2\/product_tag?post=2263"}],"curies":[{"name":"wp","href":"https:\/\/api.w.org\/{rel}","templated":true}]}}