{"id":2277,"date":"2024-04-29T12:09:34","date_gmt":"2024-04-29T09:09:34","guid":{"rendered":"http:\/\/jnats.eu\/?post_type=product&#038;p=2277"},"modified":"2025-10-15T13:39:51","modified_gmt":"2025-10-15T10:39:51","slug":"nakayama-asagi-premium-finishing-whetstone","status":"publish","type":"product","link":"https:\/\/jnats.eu\/ro\/product-2\/nakayama-asagi-premium-finishing-whetstone\/","title":{"rendered":"Nakayama Asagi Premium Finishing Whetstone"},"content":{"rendered":"<p>Foarte frumoas\u0103 Nakayama Asagi, a c\u0103rei suprafa\u021b\u0103 seam\u0103n\u0103 cu sticla mat\u0103. Aceasta este o dovad\u0103 de \u00eencredere a pietrei de calitate premium Nakayama Asagi, pe care nu o ve\u021bi vedea \u00een alt\u0103 parte. Potrivit pentru finisarea ascu\u021bitului aparate de ras, cu\u021bite, foarfece, dulgher \u0219i alte unelte. F\u0103r\u0103 a folosi prea mult\u0103 presiune, ve\u021bi ob\u021bine o str\u0103lucire tern\u0103 pe lama cu\u021bitului. <\/p>\n\n\n\n<p>Aceast\u0103 piatr\u0103 poate fi folosit\u0103 \u0219i ca baz\u0103 pentru unghii deoarece este suficient de tare.<\/p>\n\n\n\n<figure class=\"wp-block-embed is-type-video is-provider-youtube wp-block-embed-youtube wp-embed-aspect-16-9 wp-has-aspect-ratio\"><div class=\"wp-block-embed__wrapper\">\n<div class=\"video-container\"><iframe title=\"Nakayama Asagi Premium Finishing Whetstone\" width=\"1170\" height=\"658\" src=\"https:\/\/www.youtube.com\/embed\/gbhrWnnV_ck?feature=oembed\" frameborder=\"0\" allow=\"accelerometer; autoplay; clipboard-write; encrypted-media; gyroscope; picture-in-picture; web-share\" referrerpolicy=\"strict-origin-when-cross-origin\" allowfullscreen><\/iframe><\/div>\n<\/div><\/figure>","protected":false},"excerpt":{"rendered":"<ul>\n<li>Potrivit pentru finisarea briciurilor, cu\u021bitelor, foarfecelor, t\u00e2mpl\u0103riei \u0219i a altor unelte.\u00a0<\/li>\n<li>Dimensiuni: 206x76x26 mm<\/li>\n<li>Greutate: 1000 g<\/li>\n<li>Duritate: Lv 4,8<\/li>\n<li>Suprafa\u021b\u0103 neted\u0103 \u0219i gata de utilizare<\/li>\n<\/ul>","protected":false},"featured_media":2284,"comment_status":"open","ping_status":"closed","template":"","meta":[],"product_brand":[],"product_cat":[22],"product_tag":[45,71,49,264,265],"class_list":{"0":"post-2277","1":"product","2":"type-product","3":"status-publish","4":"has-post-thumbnail","6":"product_cat-jnats","7":"product_tag-asagi","8":"product_tag-finishing","9":"product_tag-nakayama","10":"product_tag-premium","11":"product_tag-whetstone","12":"product_shipping_class-iprastas","14":"first","15":"outofstock","16":"shipping-taxable","17":"purchasable","18":"product-type-simple"},"_links":{"self":[{"href":"https:\/\/jnats.eu\/ro\/wp-json\/wp\/v2\/product\/2277","targetHints":{"allow":["GET"]}}],"collection":[{"href":"https:\/\/jnats.eu\/ro\/wp-json\/wp\/v2\/product"}],"about":[{"href":"https:\/\/jnats.eu\/ro\/wp-json\/wp\/v2\/types\/product"}],"replies":[{"embeddable":true,"href":"https:\/\/jnats.eu\/ro\/wp-json\/wp\/v2\/comments?post=2277"}],"wp:featuredmedia":[{"embeddable":true,"href":"https:\/\/jnats.eu\/ro\/wp-json\/wp\/v2\/media\/2284"}],"wp:attachment":[{"href":"https:\/\/jnats.eu\/ro\/wp-json\/wp\/v2\/media?parent=2277"}],"wp:term":[{"taxonomy":"product_brand","embeddable":true,"href":"https:\/\/jnats.eu\/ro\/wp-json\/wp\/v2\/product_brand?post=2277"},{"taxonomy":"product_cat","embeddable":true,"href":"https:\/\/jnats.eu\/ro\/wp-json\/wp\/v2\/product_cat?post=2277"},{"taxonomy":"product_tag","embeddable":true,"href":"https:\/\/jnats.eu\/ro\/wp-json\/wp\/v2\/product_tag?post=2277"}],"curies":[{"name":"wp","href":"https:\/\/api.w.org\/{rel}","templated":true}]}}