{"id":2299,"date":"2024-04-30T09:16:32","date_gmt":"2024-04-30T06:16:32","guid":{"rendered":"http:\/\/jnats.eu\/?post_type=product&#038;p=2299"},"modified":"2025-10-20T17:52:29","modified_gmt":"2025-10-20T14:52:29","slug":"ohira-iromono-tomae","status":"publish","type":"product","link":"https:\/\/jnats.eu\/ro\/product-2\/ohira-iromono-tomae\/","title":{"rendered":"Ohira Iromono Tomae"},"content":{"rendered":"<p>Ohira Iromono Tomae de duritate medie sunt u\u0219or de utilizat \u0219i las\u0103 un finisaj mat. Sunt grozavi la transformarea zg\u00e2rieturilor sintetice \u00een kasumi. Aceast\u0103 piatr\u0103 de ascu\u021bit japonez\u0103 este foarte omogen\u0103 \u0219i suficient de rapid\u0103 pentru a func\u021biona bine la cu\u021bite. Va l\u0103sa un miez de o\u021bel foarte curat \u0219i o zg\u00e2rietur\u0103 foarte slab\u0103 \u0219i consistent\u0103 \u00een stratul de fier mai moale. C\u00e2nd lustrui\u021bi, pute\u021bi trece cu u\u0219urin\u021b\u0103 de la aceast\u0103 piatr\u0103 la cele de finisare. Aceast\u0103 piatr\u0103 este potrivit\u0103 \u0219i pentru ascu\u021birea sculelor de t\u00e2mpl\u0103rie \u0219i a aparatelor de ras, dar nu este cea mai bun\u0103 alegere pentru finisarea acestor unelte.<\/p>\n\n\n\n<p>Aceast\u0103 piatr\u0103 are o combina\u021bie frumoas\u0103 de ro\u0219u, galben \u0219i verde, decorat\u0103 cu puncte Nashiji mici. Pe matri\u021b\u0103 sunt vizibile c\u00e2teva linii superficiale, dar suspecte. Probabil ar fi mai bine s\u0103 le evi\u021bi. Dimensiuni \u201eamericane\u201d \u0219i form\u0103 regulat\u0103.<\/p>","protected":false},"excerpt":{"rendered":"<ul>\n<li>Potrivit pentru cu\u021bite de finisare, foarfece, t\u00e2mpl\u0103rie \u0219i alte unelte.<\/li>\n<li>Dimensiuni: 204x53x29 mm<\/li>\n<li>Greutate: 810 g<\/li>\n<li>Duritate: Lv 3,7<\/li>\n<li>Suprafa\u021b\u0103 neted\u0103 \u0219i gata de utilizare<\/li>\n<\/ul>","protected":false},"featured_media":2300,"comment_status":"open","ping_status":"closed","template":"","meta":[],"product_brand":[],"product_cat":[22],"product_tag":[47,67],"class_list":{"0":"post-2299","1":"product","2":"type-product","3":"status-publish","4":"has-post-thumbnail","6":"product_cat-jnats","7":"product_tag-ohira","8":"product_tag-tomae","9":"product_shipping_class-iprastas","11":"first","12":"outofstock","13":"sale","14":"shipping-taxable","15":"purchasable","16":"product-type-simple"},"_links":{"self":[{"href":"https:\/\/jnats.eu\/ro\/wp-json\/wp\/v2\/product\/2299","targetHints":{"allow":["GET"]}}],"collection":[{"href":"https:\/\/jnats.eu\/ro\/wp-json\/wp\/v2\/product"}],"about":[{"href":"https:\/\/jnats.eu\/ro\/wp-json\/wp\/v2\/types\/product"}],"replies":[{"embeddable":true,"href":"https:\/\/jnats.eu\/ro\/wp-json\/wp\/v2\/comments?post=2299"}],"wp:featuredmedia":[{"embeddable":true,"href":"https:\/\/jnats.eu\/ro\/wp-json\/wp\/v2\/media\/2300"}],"wp:attachment":[{"href":"https:\/\/jnats.eu\/ro\/wp-json\/wp\/v2\/media?parent=2299"}],"wp:term":[{"taxonomy":"product_brand","embeddable":true,"href":"https:\/\/jnats.eu\/ro\/wp-json\/wp\/v2\/product_brand?post=2299"},{"taxonomy":"product_cat","embeddable":true,"href":"https:\/\/jnats.eu\/ro\/wp-json\/wp\/v2\/product_cat?post=2299"},{"taxonomy":"product_tag","embeddable":true,"href":"https:\/\/jnats.eu\/ro\/wp-json\/wp\/v2\/product_tag?post=2299"}],"curies":[{"name":"wp","href":"https:\/\/api.w.org\/{rel}","templated":true}]}}