{"id":2306,"date":"2024-04-30T09:32:25","date_gmt":"2024-04-30T06:32:25","guid":{"rendered":"http:\/\/jnats.eu\/?post_type=product&#038;p=2306"},"modified":"2024-11-30T13:07:57","modified_gmt":"2024-11-30T11:07:57","slug":"nakayama-karasu-aisa","status":"publish","type":"product","link":"https:\/\/jnats.eu\/ro\/product-2\/nakayama-karasu-aisa\/","title":{"rendered":"Nakayama Karasu Aisa"},"content":{"rendered":"<p>Un minunat Nakayama Karasu care poate fi folosit pentru a termina ascu\u021bitul aparatelor de ras, cu\u021bitelor \u0219i uneltelor. Este foarte rar ca Nakayama Karasu s\u0103 poat\u0103 fi folosit pe cu\u021bite f\u0103r\u0103 a le zg\u00e2ria!<\/p>\n\n\n\n<p>Ofer\u0103 un finisaj semi-oglind\u0103 ultra-fin cu contrast luminos! Cel mai bine este s\u0103 lucra\u021bi cu Nagura \u0219i astfel s\u0103 gr\u0103bi\u021bi procesul.<\/p>\n\n\n\n<p>Poate fi, de asemenea, utilizat\u0103 cu progresia complet\u0103 Asano nagura pentru b\u0103rbierit \u0219i va oferi o ascu\u021bime suficient\u0103. O piatr\u0103 gri foarte frumoas\u0103 cu \u201ecorbi\u201d, c\u00e2teva linii negre sub\u021biri \u0219i c\u00e2teva linii namazu scurte.<\/p>\n\n\n\n<p>Perfect modelat, gata de utilizare \u0219i netezit. A doua jum\u0103tate poate fi, de asemenea, completat\u0103 cu u\u0219urin\u021b\u0103. <\/p>\n\n\n\n<figure class=\"wp-block-embed is-type-video is-provider-youtube wp-block-embed-youtube wp-embed-aspect-16-9 wp-has-aspect-ratio\"><div class=\"wp-block-embed__wrapper\">\n<div class=\"video-container\"><iframe title=\"Galandame Kanemasa Super Extra Full Concave Finest Razor Nakayama Karasu Aisa\" width=\"1170\" height=\"658\" src=\"https:\/\/www.youtube.com\/embed\/ewmrUk9XIg8?start=266&feature=oembed\" frameborder=\"0\" allow=\"accelerometer; autoplay; clipboard-write; encrypted-media; gyroscope; picture-in-picture; web-share\" referrerpolicy=\"strict-origin-when-cross-origin\" allowfullscreen><\/iframe><\/div>\n<\/div><\/figure>","protected":false},"excerpt":{"rendered":"<ul>\n<li>Potrivit pentru finisarea lamelor de ras, a tamplariei si a altor unelte.<\/li>\n<li>Dimensiuni: 206x74x22 mm<\/li>\n<li>Greutate: 900 g<\/li>\n<li>Duritate: Lv 5<\/li>\n<li>Linii sigure<\/li>\n<li>Suprafa\u021ba nu este complet neted\u0103, exist\u0103 gropi pe margini.<\/li>\n<li>V\u0103 recomand\u0103m s\u0103 lucra\u021bi cu ap\u0103 cald\u0103, deoarece apa rece reduce viteza \u0219i r\u0103spunsul.<\/li>\n<\/ul>","protected":false},"featured_media":2309,"comment_status":"open","ping_status":"closed","template":"","meta":[],"product_brand":[],"product_cat":[22],"product_tag":[250,57,49],"class_list":{"0":"post-2306","1":"product","2":"type-product","3":"status-publish","4":"has-post-thumbnail","6":"product_cat-jnats","7":"product_tag-aisa","8":"product_tag-karasu","9":"product_tag-nakayama","10":"product_shipping_class-iprastas","12":"first","13":"outofstock","14":"sale","15":"shipping-taxable","16":"purchasable","17":"product-type-simple"},"_links":{"self":[{"href":"https:\/\/jnats.eu\/ro\/wp-json\/wp\/v2\/product\/2306","targetHints":{"allow":["GET"]}}],"collection":[{"href":"https:\/\/jnats.eu\/ro\/wp-json\/wp\/v2\/product"}],"about":[{"href":"https:\/\/jnats.eu\/ro\/wp-json\/wp\/v2\/types\/product"}],"replies":[{"embeddable":true,"href":"https:\/\/jnats.eu\/ro\/wp-json\/wp\/v2\/comments?post=2306"}],"wp:featuredmedia":[{"embeddable":true,"href":"https:\/\/jnats.eu\/ro\/wp-json\/wp\/v2\/media\/2309"}],"wp:attachment":[{"href":"https:\/\/jnats.eu\/ro\/wp-json\/wp\/v2\/media?parent=2306"}],"wp:term":[{"taxonomy":"product_brand","embeddable":true,"href":"https:\/\/jnats.eu\/ro\/wp-json\/wp\/v2\/product_brand?post=2306"},{"taxonomy":"product_cat","embeddable":true,"href":"https:\/\/jnats.eu\/ro\/wp-json\/wp\/v2\/product_cat?post=2306"},{"taxonomy":"product_tag","embeddable":true,"href":"https:\/\/jnats.eu\/ro\/wp-json\/wp\/v2\/product_tag?post=2306"}],"curies":[{"name":"wp","href":"https:\/\/api.w.org\/{rel}","templated":true}]}}