{"id":2314,"date":"2024-04-30T09:38:16","date_gmt":"2024-04-30T06:38:16","guid":{"rendered":"http:\/\/jnats.eu\/?post_type=product&#038;p=2314"},"modified":"2024-10-04T17:53:37","modified_gmt":"2024-10-04T14:53:37","slug":"nakayama-mizu-asagi","status":"publish","type":"product","link":"https:\/\/jnats.eu\/ro\/product-2\/nakayama-mizu-asagi\/","title":{"rendered":"Nakayama Mizu Asagi"},"content":{"rendered":"<p>Aceast\u0103 piatr\u0103 este dur\u0103 \u0219i extrem de fin\u0103, capabil\u0103 s\u0103 prelucreze cu u\u0219urin\u021b\u0103 aparatele de ras. De\u0219i Nakayama Mizu Asagi este dur, are un r\u0103spuns peste medie \u00een compara\u021bie cu alte pietre din acest cereal. Poate fi folosit \u0219i pentru unelte \u0219i cu\u021bite de t\u00e2mpl\u0103rie. Va l\u0103sa un argintiu str\u0103lucitor \u0219i o lustruire san mai detaliat\u0103. Acestea sunt pietre de finisare foarte puternice din toate punctele de vedere.<\/p>\n\n\n\n<p>Aceast\u0103 piatr\u0103 poate fi folosit\u0103 \u0219i ca baz\u0103 pentru unghii deoarece este suficient de tare.<\/p>\n\n\n\n<p><strong>Nakayama (\u4e2d\u5c71)<\/strong><br>Aceast\u0103 min\u0103 din Est este renumit\u0103 pentru pietrele sale awasedo, care completeaz\u0103 procesul de ascu\u021bire. O piatr\u0103 cu mai multe straturi (Hondomae Shikitomae) cu un \u201ecoleg\u201d de culoare diferit\u0103 este apreciat\u0103 \u00een special de dulgheri \u0219i ascu\u021bitori. \u00cen compara\u021bie cu pietrele de duritate \u0219i fine\u021be similare din alte mine, produsele Nakayama sunt cunoscute pentru senza\u021bia lor de ascu\u021bire mai pl\u0103cut\u0103. Pietrele Nakayama autentice poart\u0103 adesea faimoasa \u0219tampil\u0103 Maruka \u32d5\u6b63\u672c\u5c71.<\/p>","protected":false},"excerpt":{"rendered":"<ul>\n<li>Potrivit pentru finisarea briciurilor, cu\u021bitelor, foarfecelor, t\u00e2mpl\u0103riei \u0219i a altor unelte.<\/li>\n<li>Dimensiuni: 207x79x21 mm<\/li>\n<li>Greutate: 1030 g<\/li>\n<li>Duritate: Lv 5<\/li>\n<li>Suprafa\u021b\u0103 neted\u0103 \u0219i gata de utilizare<\/li>\n<li>Linii sigure<\/li>\n<\/ul>","protected":false},"featured_media":2320,"comment_status":"open","ping_status":"closed","template":"","meta":[],"product_brand":[],"product_cat":[22],"product_tag":[45,154,49],"class_list":{"0":"post-2314","1":"product","2":"type-product","3":"status-publish","4":"has-post-thumbnail","6":"product_cat-jnats","7":"product_tag-asagi","8":"product_tag-mizu","9":"product_tag-nakayama","10":"product_shipping_class-iprastas","12":"first","13":"outofstock","14":"sale","15":"shipping-taxable","16":"purchasable","17":"product-type-simple"},"_links":{"self":[{"href":"https:\/\/jnats.eu\/ro\/wp-json\/wp\/v2\/product\/2314","targetHints":{"allow":["GET"]}}],"collection":[{"href":"https:\/\/jnats.eu\/ro\/wp-json\/wp\/v2\/product"}],"about":[{"href":"https:\/\/jnats.eu\/ro\/wp-json\/wp\/v2\/types\/product"}],"replies":[{"embeddable":true,"href":"https:\/\/jnats.eu\/ro\/wp-json\/wp\/v2\/comments?post=2314"}],"wp:featuredmedia":[{"embeddable":true,"href":"https:\/\/jnats.eu\/ro\/wp-json\/wp\/v2\/media\/2320"}],"wp:attachment":[{"href":"https:\/\/jnats.eu\/ro\/wp-json\/wp\/v2\/media?parent=2314"}],"wp:term":[{"taxonomy":"product_brand","embeddable":true,"href":"https:\/\/jnats.eu\/ro\/wp-json\/wp\/v2\/product_brand?post=2314"},{"taxonomy":"product_cat","embeddable":true,"href":"https:\/\/jnats.eu\/ro\/wp-json\/wp\/v2\/product_cat?post=2314"},{"taxonomy":"product_tag","embeddable":true,"href":"https:\/\/jnats.eu\/ro\/wp-json\/wp\/v2\/product_tag?post=2314"}],"curies":[{"name":"wp","href":"https:\/\/api.w.org\/{rel}","templated":true}]}}