{"id":2321,"date":"2024-04-30T09:46:56","date_gmt":"2024-04-30T06:46:56","guid":{"rendered":"http:\/\/jnats.eu\/?post_type=product&#038;p=2321"},"modified":"2024-09-25T15:27:31","modified_gmt":"2024-09-25T12:27:31","slug":"nakayama-asagi-maruka","status":"publish","type":"product","link":"https:\/\/jnats.eu\/ro\/product-2\/nakayama-asagi-maruka\/","title":{"rendered":"Nakayama Asagi Maruka"},"content":{"rendered":"<p>Aceast\u0103 piatr\u0103 mare reflect\u0103 perfect toate avantajele Nakayama - mic\u0103, dar destul de rapid\u0103 \u0219i bl\u00e2nd\u0103. Nu are nevoie de un cui de tom sau de o plac\u0103 de diamant pentru a \u00eencepe s\u0103 lucreze. Nakayama Nakayama Asagi Maruka lustruie\u0219te rapid metalul \u0219i las\u0103 o str\u0103lucire foarte rafinat\u0103. Datorit\u0103 dimensiunilor lor mari, cu\u021bitele lungi sunt foarte u\u0219or de ascu\u021bit, la fel ca \u0219i alte unelte.<\/p>\n\n\n\n<p>Aceast\u0103 piatr\u0103 de ascu\u021bit Nakayama este de culoare gri cu tonuri verzui.<\/p>\n\n\n\n<p>Aceast\u0103 piatr\u0103 are o form\u0103 perfect\u0103 pentru orice unealt\u0103 \u0219i o grosime care va rezista c\u00e2teva secole. \u0218tampila Maruka \u32d5\u6b63\u672c\u5c71 este clar vizibil\u0103 \u0219i nu s-a estompat \u00een timp. Acest marcaj a fost pus de ultimul proprietar al minei Nakayama, Kato-san, doar pe pietrele de ascu\u021bit japoneze de cea mai bun\u0103 calitate.&nbsp;<\/p>\n\n\n\n<figure class=\"wp-block-embed is-type-video is-provider-youtube wp-block-embed-youtube wp-embed-aspect-16-9 wp-has-aspect-ratio\"><div class=\"wp-block-embed__wrapper\">\n<div class=\"video-container\"><iframe title=\"Nakayama Maruka Lv 5\" width=\"1170\" height=\"658\" src=\"https:\/\/www.youtube.com\/embed\/jcWysxk_6ns?feature=oembed\" frameborder=\"0\" allow=\"accelerometer; autoplay; clipboard-write; encrypted-media; gyroscope; picture-in-picture; web-share\" referrerpolicy=\"strict-origin-when-cross-origin\" allowfullscreen><\/iframe><\/div>\n<\/div><\/figure>\n\n\n\n<p>Piatra Nakayama este renumit\u0103 pentru marca Kato Mutsuyama Maruka cu litera \"ka\" \u0219i sigiliul Seihonzan \u32d5\u6b63\u672c\u5c71. Kato Mutsuyama a fost primul care a sculptat un astfel de sigiliu. Pietrele supradimensionate, mari sau brute nu purtau ini\u021bial marca Maruka. Cu toate acestea, exist\u0103 \u0219i produse de calitate \u0219i pietre de ascu\u021bit non-standard care au fost ulterior \u0219tampilate cu \u0219tampila Maruka \u00een timpul prelucr\u0103rii finale \u00een comer\u021bul cu am\u0103nuntul, precum \u0219i pietre t\u0103iate de v\u00e2nz\u0103tor din pietre brute f\u0103r\u0103 \u0219tampila \u02bb\u672c\u5c71. \u00cen plus, pietrele de \u0219lefuit Nakayama v\u00e2ndute \u00eenainte de perioada de \u0219tampilare nu poart\u0103 \u0219tampila Maruka. <\/p>\n\n\n\n<p>\u00cen orice caz, dac\u0103 este o piatr\u0103 Kato Mutsuyama extras\u0103 din aceast\u0103 min\u0103, va fi aceea\u0219i piatr\u0103 Nakayama, indiferent dac\u0103 poart\u0103 sau nu marca Maruka. Sigiliul \u32d5\u6b63\u672c\u5c71 \u00een sine poate sau nu poate fi prezent, \u00een func\u021bie de canalul de distribu\u021bie, \u0219i nu garanteaz\u0103 calitatea. Nu numai Nakayama, ci \u0219i alte pietre de \u0219lefuit naturale sunt fiecare diferite \u0219i nu exist\u0103 dou\u0103 la fel. \u00cen plus, au trecut mul\u021bi ani de la \u00eenchiderea minei, astfel \u00eenc\u00e2t exist\u0103 din ce \u00een ce mai pu\u021bine exemplare bune pe pia\u021b\u0103 \u00een fiecare an.<\/p>\n\n\n\n<p>Datorit\u0103 rarit\u0103\u021bii lor \u0219i a puterii brandului, exist\u0103 multe falsuri, a\u0219a c\u0103 v\u0103 recomand\u0103m s\u0103 nu v\u0103 \u00eencrede\u021bi prea mult \u00een \u0219tampila Maruka \u0219i s\u0103 evalua\u021bi piatra cu proprii ochi.&nbsp;<\/p>\n\n\n\n<p>Mina Kato este situat\u0103 \u00een Mun\u021bii Nakayama, unde se extr\u0103geau pietre de ascu\u021bit, \u0219i a fost denumit\u0103 astfel deoarece a fost de\u021binut\u0103 de domnul Kato. \"Hatanaka Whetstone\" este un fost magazin de pietre cu tradi\u021bie \u00een Kyoto. Dup\u0103 r\u0103zboi, v\u00e2nzarea pietrelor de ascu\u021bit Nakayama extrase de Kato \u00een Utsuyama a fost gestionat\u0103 de un grup de cinci persoane de la un important magazin de pietre din Kyoto. Dintre ace\u0219tia, se spune c\u0103 Hatanaka Toishi a fost cel \u00een care proprietarii mun\u021bilor au avut cea mai mare \u00eencredere pentru o perioad\u0103 de timp. \u00cen 1952, Hatanaka Toishi a \u00eenregistrat marca \"Junshin Honzan\" (\u7d14\u771f\u6b63\u672c\u5c71) pentru a se distinge de al\u021bi comercian\u021bi. Dup\u0103 1980, drepturile asupra minei Nakayama au fost achizi\u021bionate de Hatanaka Whetstone \u0219i au devenit proprietarii m\u0103rcii Maruka. \u00cen acela\u0219i timp, pietrele din aceast\u0103 min\u0103 au fost distribuite \u0219i prin intermediul altor comercian\u021bi cu am\u0103nuntul.<\/p>\n\n\n\n<p><strong>Nakayama (\u4e2d\u5c71)<\/strong><\/p>\n\n\n\n<p>Aceast\u0103 min\u0103 din Est este renumit\u0103 pentru pietrele sale de finisare awasedo \u0219i se afl\u0103 pe primul loc printre cele mai c\u0103utate printre profesioni\u0219tii \u0219i amatorii de ascu\u021bit. \u00cen compara\u021bie cu pietrele de duritate \u0219i fine\u021be similare din alte mine, pietrele Nakayama sunt cunoscute pentru senza\u021bia lor de ascu\u021bire mai pl\u0103cut\u0103 \u0219i pentru rata de lucru ridicat\u0103. Piatra cu mai multe straturi (Hondomae, Shikitomae) \u0219i Kiita sunt deosebit de apreciate.<\/p>","protected":false},"excerpt":{"rendered":"<ul>\n<li>Ideal pentru finisarea briciurilor, cu\u021bitelor, foarfecelor, t\u00e2mpl\u0103riei \u0219i a altor unelte.<\/li>\n<li>Dimensiuni: 207x76x29 mm<\/li>\n<li>Greutate: 1200 g<\/li>\n<li>Duritate: Lv 5<\/li>\n<li>Suprafa\u021ba este neted\u0103 \u0219i gata de lucru. A doua jum\u0103tate poate fi preg\u0103tit\u0103 cu u\u0219urin\u021b\u0103.<\/li>\n<\/ul>","protected":false},"featured_media":2326,"comment_status":"open","ping_status":"closed","template":"","meta":[],"product_brand":[],"product_cat":[],"product_tag":[45,58,49],"class_list":{"0":"post-2321","1":"product","2":"type-product","3":"status-publish","4":"has-post-thumbnail","6":"product_tag-asagi","7":"product_tag-maruka","8":"product_tag-nakayama","9":"product_shipping_class-iprastas","11":"first","12":"outofstock","13":"sale","14":"shipping-taxable","15":"purchasable","16":"product-type-simple"},"_links":{"self":[{"href":"https:\/\/jnats.eu\/ro\/wp-json\/wp\/v2\/product\/2321","targetHints":{"allow":["GET"]}}],"collection":[{"href":"https:\/\/jnats.eu\/ro\/wp-json\/wp\/v2\/product"}],"about":[{"href":"https:\/\/jnats.eu\/ro\/wp-json\/wp\/v2\/types\/product"}],"replies":[{"embeddable":true,"href":"https:\/\/jnats.eu\/ro\/wp-json\/wp\/v2\/comments?post=2321"}],"wp:featuredmedia":[{"embeddable":true,"href":"https:\/\/jnats.eu\/ro\/wp-json\/wp\/v2\/media\/2326"}],"wp:attachment":[{"href":"https:\/\/jnats.eu\/ro\/wp-json\/wp\/v2\/media?parent=2321"}],"wp:term":[{"taxonomy":"product_brand","embeddable":true,"href":"https:\/\/jnats.eu\/ro\/wp-json\/wp\/v2\/product_brand?post=2321"},{"taxonomy":"product_cat","embeddable":true,"href":"https:\/\/jnats.eu\/ro\/wp-json\/wp\/v2\/product_cat?post=2321"},{"taxonomy":"product_tag","embeddable":true,"href":"https:\/\/jnats.eu\/ro\/wp-json\/wp\/v2\/product_tag?post=2321"}],"curies":[{"name":"wp","href":"https:\/\/api.w.org\/{rel}","templated":true}]}}