{"id":2343,"date":"2024-05-01T10:42:04","date_gmt":"2024-05-01T07:42:04","guid":{"rendered":"http:\/\/jnats.eu\/?post_type=product&#038;p=2343"},"modified":"2024-08-21T15:29:45","modified_gmt":"2024-08-21T12:29:45","slug":"nakayama-iromono-japoniskas-naturalus-akmuo-galandimui","status":"publish","type":"product","link":"https:\/\/jnats.eu\/ro\/product-2\/nakayama-iromono-japoniskas-naturalus-akmuo-galandimui\/","title":{"rendered":"Nakayama Iromono Piatr\u0103 natural\u0103 japonez\u0103 pentru ascu\u021bit"},"content":{"rendered":"<p>Acest frumos Nakayama iromono este o piatr\u0103 natural\u0103 japonez\u0103 tare \u0219i excelent\u0103 pentru finisarea oric\u0103rei scule de ascu\u021bire. Este cel mai potrivit pentru cei cu mai mult\u0103 experien\u021b\u0103, dar poate fi asociat cu o nagura pentru mai mult\u0103 u\u0219urin\u021b\u0103 \u00een utilizare. Structura este foarte fina (10k+), iar lustruirea tinde spre un finisaj in oglinda. <\/p>\n\n\n\n<p>Piatra a fost extras\u0103 din mina Kato, care este renumit\u0103 pentru pietrele sale Maruka.<\/p>\n\n\n\n<figure class=\"wp-block-embed is-type-video is-provider-youtube wp-block-embed-youtube wp-embed-aspect-16-9 wp-has-aspect-ratio\"><div class=\"wp-block-embed__wrapper\">\n<div class=\"video-container\"><iframe title=\"Nakayama Tomae Iromono, Nakayama Kiita Nashiji, Nakayama Suita Maruka\" width=\"1170\" height=\"658\" src=\"https:\/\/www.youtube.com\/embed\/IZ-D-qy6bYY?start=126&#038;feature=oembed\" frameborder=\"0\" allow=\"accelerometer; autoplay; clipboard-write; encrypted-media; gyroscope; picture-in-picture; web-share\" referrerpolicy=\"strict-origin-when-cross-origin\" allowfullscreen><\/iframe><\/div>\n<\/div><\/figure>\n\n\n\n<p><strong>Nakayama (\u4e2d\u5c71)<\/strong><\/p>\n\n\n\n<p>Aceast\u0103 min\u0103 din Est este renumit\u0103 pentru pietrele sale de finisare awasedo \u0219i este probabil cea mai c\u0103utat\u0103 printre profesioni\u0219tii \u0219i amatorii de ascu\u021bit. \u00cen compara\u021bie cu pietrele de duritate \u0219i fine\u021be similare din alte mine, pietrele Nakayama sunt cunoscute pentru senza\u021bia lor de ascu\u021bire mai pl\u0103cut\u0103 \u0219i pentru rata mare de lucru. Piatra cu mai multe straturi (Hondomae, Shikitomae) \u0219i Kiita sunt deosebit de apreciate.<\/p>","protected":false},"excerpt":{"rendered":"<ul>\n<li>Potrivit pentru finisarea briciurilor, cu\u021bitelor, foarfecelor, t\u00e2mpl\u0103riei \u0219i a altor unelte.<\/li>\n<li>Dimensiuni aprox.: 150x60x21 mm<\/li>\n<li>Greutate: 455 g<\/li>\n<li>Duritate: Lv 4.5<\/li>\n<li>Suprafa\u021b\u0103 neted\u0103 \u0219i gata de utilizare<\/li>\n<\/ul>","protected":false},"featured_media":2349,"comment_status":"open","ping_status":"closed","template":"","meta":[],"product_brand":[],"product_cat":[22],"product_tag":[49],"class_list":{"0":"post-2343","1":"product","2":"type-product","3":"status-publish","4":"has-post-thumbnail","6":"product_cat-jnats","7":"product_tag-nakayama","8":"product_shipping_class-iprastas","10":"first","11":"outofstock","12":"shipping-taxable","13":"purchasable","14":"product-type-simple"},"_links":{"self":[{"href":"https:\/\/jnats.eu\/ro\/wp-json\/wp\/v2\/product\/2343","targetHints":{"allow":["GET"]}}],"collection":[{"href":"https:\/\/jnats.eu\/ro\/wp-json\/wp\/v2\/product"}],"about":[{"href":"https:\/\/jnats.eu\/ro\/wp-json\/wp\/v2\/types\/product"}],"replies":[{"embeddable":true,"href":"https:\/\/jnats.eu\/ro\/wp-json\/wp\/v2\/comments?post=2343"}],"wp:featuredmedia":[{"embeddable":true,"href":"https:\/\/jnats.eu\/ro\/wp-json\/wp\/v2\/media\/2349"}],"wp:attachment":[{"href":"https:\/\/jnats.eu\/ro\/wp-json\/wp\/v2\/media?parent=2343"}],"wp:term":[{"taxonomy":"product_brand","embeddable":true,"href":"https:\/\/jnats.eu\/ro\/wp-json\/wp\/v2\/product_brand?post=2343"},{"taxonomy":"product_cat","embeddable":true,"href":"https:\/\/jnats.eu\/ro\/wp-json\/wp\/v2\/product_cat?post=2343"},{"taxonomy":"product_tag","embeddable":true,"href":"https:\/\/jnats.eu\/ro\/wp-json\/wp\/v2\/product_tag?post=2343"}],"curies":[{"name":"wp","href":"https:\/\/api.w.org\/{rel}","templated":true}]}}