{"id":2364,"date":"2024-05-01T11:24:39","date_gmt":"2024-05-01T08:24:39","guid":{"rendered":"http:\/\/jnats.eu\/?post_type=product&#038;p=2364"},"modified":"2024-10-20T15:02:06","modified_gmt":"2024-10-20T12:02:06","slug":"nakayama-suita-maruka-natural-whetstone","status":"publish","type":"product","link":"https:\/\/jnats.eu\/ro\/product-2\/nakayama-suita-maruka-natural-whetstone\/","title":{"rendered":"Nakayama Suite Maruka Natural Whetstone \u00a0"},"content":{"rendered":"<p>O Nakayama Suita rar\u0103 \u0219i mare, a c\u0103rei \u0219tampil\u0103 Maruka este deja uzat\u0103, dar nu exist\u0103 pietre cu care s\u0103 o confunda\u021bi. Aceast\u0103 piatr\u0103 este foarte rapid\u0103 \u0219i fin\u0103 \u0219i poate fi numit\u0103 o piatr\u0103 de finalizare a ascu\u021birii de vis. Este potrivit\u0103 pentru toate aplica\u021biile care necesit\u0103 o piatr\u0103 fin\u0103 - unelte, cu\u021bite \u0219i bricege. <\/p>\n\n\n\n<p>O piatr\u0103 alb\u0103, curat\u0103, f\u0103r\u0103 g\u0103urile caracteristice Suita, numit\u0103 <em>cu<\/em>, cu c\u00e2teva pete maronii netoxice.<\/p>\n\n\n\n<p>Mai ales pentru aparate de ras, aceast\u0103 piatr\u0103 este destul de interesant\u0103. Nu numai c\u0103 este un prefinisaj excelent cu suspensie diluat\u0103 sau ap\u0103 simpl\u0103, dar poate \u0219i s\u0103 finiseze foarte bine.<\/p>\n\n\n\n<figure class=\"wp-block-embed is-type-video is-provider-youtube wp-block-embed-youtube wp-embed-aspect-16-9 wp-has-aspect-ratio\"><div class=\"wp-block-embed__wrapper\">\n<div class=\"video-container\"><iframe title=\"Nakayama Tomae Iromono, Nakayama Kiita Nashiji, Nakayama Suita Maruka\" width=\"1170\" height=\"658\" src=\"https:\/\/www.youtube.com\/embed\/IZ-D-qy6bYY?start=415&#038;feature=oembed\" frameborder=\"0\" allow=\"accelerometer; autoplay; clipboard-write; encrypted-media; gyroscope; picture-in-picture; web-share\" referrerpolicy=\"strict-origin-when-cross-origin\" allowfullscreen><\/iframe><\/div>\n<\/div><\/figure>\n\n\n\n<p>Piatra Nakayama este renumit\u0103 pentru marca Kato Mutsuyama Maruka cu litera \"ka\" \u0219i sigiliul Seihonzan \u32d5\u6b63\u672c\u5c71. Kato Mutsuyama a fost primul care a sculptat un astfel de sigiliu. Pietrele supradimensionate, mari sau brute nu purtau ini\u021bial marca Maruka. Cu toate acestea, exist\u0103 \u0219i produse de calitate \u0219i pietre de ascu\u021bit non-standard care au fost ulterior \u0219tampilate cu \u0219tampila Maruka \u00een timpul prelucr\u0103rii finale \u00een comer\u021bul cu am\u0103nuntul, precum \u0219i pietre t\u0103iate de v\u00e2nz\u0103tor din pietre brute f\u0103r\u0103 \u0219tampila \u02bb\u672c\u5c71. \u00cen plus, pietrele de \u0219lefuit Nakayama v\u00e2ndute \u00eenainte de perioada de \u0219tampilare nu poart\u0103 \u0219tampila Maruka. <\/p>\n\n\n\n<p>\u00cen orice caz, dac\u0103 este o piatr\u0103 Kato Mutsuyama extras\u0103 din aceast\u0103 min\u0103, va fi aceea\u0219i piatr\u0103 Nakayama, indiferent dac\u0103 poart\u0103 sau nu marca Maruka. Sigiliul \u32d5\u6b63\u672c\u5c71 \u00een sine poate sau nu poate fi prezent, \u00een func\u021bie de canalul de distribu\u021bie, \u0219i nu garanteaz\u0103 calitatea. Nu numai Nakayama, ci \u0219i alte pietre de \u0219lefuit naturale sunt fiecare diferite \u0219i nu exist\u0103 dou\u0103 la fel. \u00cen plus, au trecut mul\u021bi ani de la \u00eenchiderea minei, astfel \u00eenc\u00e2t exist\u0103 din ce \u00een ce mai pu\u021bine exemplare bune pe pia\u021b\u0103 \u00een fiecare an.<\/p>\n\n\n\n<p>Datorit\u0103 rarit\u0103\u021bii lor \u0219i a puterii brandului, exist\u0103 multe falsuri, a\u0219a c\u0103 v\u0103 recomand\u0103m s\u0103 nu v\u0103 \u00eencrede\u021bi prea mult \u00een \u0219tampila Maruka \u0219i s\u0103 evalua\u021bi piatra cu proprii ochi.&nbsp;<\/p>\n\n\n\n<p>Mina Kato este situat\u0103 \u00een Mun\u021bii Nakayama, unde se extr\u0103geau pietre de ascu\u021bit, \u0219i a fost denumit\u0103 astfel deoarece a fost de\u021binut\u0103 de domnul Kato. \"Hatanaka Whetstone\" este un fost magazin de pietre cu tradi\u021bie \u00een Kyoto. Dup\u0103 r\u0103zboi, v\u00e2nzarea pietrelor de ascu\u021bit Nakayama extrase de Kato \u00een Utsuyama a fost gestionat\u0103 de un grup de cinci persoane de la un important magazin de pietre din Kyoto. Dintre ace\u0219tia, se spune c\u0103 Hatanaka Toishi a fost cel \u00een care proprietarii mun\u021bilor au avut cea mai mare \u00eencredere pentru o perioad\u0103 de timp. \u00cen 1952, Hatanaka Toishi a \u00eenregistrat marca \"Junshin Honzan\" (\u7d14\u771f\u6b63\u672c\u5c71) pentru a se distinge de al\u021bi comercian\u021bi. Dup\u0103 1980, drepturile asupra minei Nakayama au fost achizi\u021bionate de Hatanaka Whetstone \u0219i au devenit proprietarii m\u0103rcii Maruka. \u00cen acela\u0219i timp, pietrele din aceast\u0103 min\u0103 au fost distribuite \u0219i prin intermediul altor comercian\u021bi cu am\u0103nuntul.<\/p>","protected":false},"excerpt":{"rendered":"<ul>\n<li>Potrivit pentru finisarea briciurilor, cu\u021bitelor, foarfecelor, t\u00e2mpl\u0103riei \u0219i a altor unelte.<\/li>\n<li>Dimensiuni: 200x71x33 mm<\/li>\n<li>Greutate: 1130 g<\/li>\n<li>Duritate: Lv 5<\/li>\n<li>Suprafa\u021ba este neted\u0103 \u0219i gata de utilizare.<\/li>\n<li>V\u0103 recomand\u0103m s\u0103 lucra\u021bi cu ap\u0103 cald\u0103, deoarece apa rece afecteaz\u0103 viteza \u0219i r\u0103spunsul<\/li>\n<\/ul>","protected":false},"featured_media":2370,"comment_status":"open","ping_status":"closed","template":"","meta":[],"product_brand":[],"product_cat":[22],"product_tag":[58,49,50],"class_list":{"0":"post-2364","1":"product","2":"type-product","3":"status-publish","4":"has-post-thumbnail","6":"product_cat-jnats","7":"product_tag-maruka","8":"product_tag-nakayama","9":"product_tag-suita","10":"product_shipping_class-iprastas","12":"first","13":"outofstock","14":"shipping-taxable","15":"purchasable","16":"product-type-simple"},"_links":{"self":[{"href":"https:\/\/jnats.eu\/ro\/wp-json\/wp\/v2\/product\/2364","targetHints":{"allow":["GET"]}}],"collection":[{"href":"https:\/\/jnats.eu\/ro\/wp-json\/wp\/v2\/product"}],"about":[{"href":"https:\/\/jnats.eu\/ro\/wp-json\/wp\/v2\/types\/product"}],"replies":[{"embeddable":true,"href":"https:\/\/jnats.eu\/ro\/wp-json\/wp\/v2\/comments?post=2364"}],"wp:featuredmedia":[{"embeddable":true,"href":"https:\/\/jnats.eu\/ro\/wp-json\/wp\/v2\/media\/2370"}],"wp:attachment":[{"href":"https:\/\/jnats.eu\/ro\/wp-json\/wp\/v2\/media?parent=2364"}],"wp:term":[{"taxonomy":"product_brand","embeddable":true,"href":"https:\/\/jnats.eu\/ro\/wp-json\/wp\/v2\/product_brand?post=2364"},{"taxonomy":"product_cat","embeddable":true,"href":"https:\/\/jnats.eu\/ro\/wp-json\/wp\/v2\/product_cat?post=2364"},{"taxonomy":"product_tag","embeddable":true,"href":"https:\/\/jnats.eu\/ro\/wp-json\/wp\/v2\/product_tag?post=2364"}],"curies":[{"name":"wp","href":"https:\/\/api.w.org\/{rel}","templated":true}]}}