{"id":2409,"date":"2024-05-02T11:17:24","date_gmt":"2024-05-02T08:17:24","guid":{"rendered":"http:\/\/jnats.eu\/?post_type=product&#038;p=2409"},"modified":"2025-03-26T14:29:09","modified_gmt":"2025-03-26T12:29:09","slug":"ohira-koyama-imanishi","status":"publish","type":"product","link":"https:\/\/jnats.eu\/ro\/product-2\/ohira-koyama-imanishi\/","title":{"rendered":"Ohira Koyama Imanishi"},"content":{"rendered":"<p>Fine\u021bea acestei pietre de ascu\u021bit natural\u0103 de \u00eenalt\u0103 densitate este aproximativ echivalent\u0103 cu num\u0103rul sintetic #8000. Dac\u0103 dori\u021bi s\u0103 accelera\u021bi lucrul, este recomandat s\u0103 folosi\u021bi o plac\u0103 de piatr\u0103 Nagura sau diamant pentru a crea o suspensie \u00eenainte de \u00eenceperea fiec\u0103rei sesiuni de ascu\u021bire \u0219i s\u0103 folosi\u021bi ap\u0103 ca lubrifiant pentru un feedback mai bun de ascu\u021bire. Ohira Koyama Imanishi poate lucra cu succes f\u0103r\u0103 aceste \u201edansuri de tobe\u201d.<\/p>\n\n\n\n<p>Nu este nevoie s\u0103 \u00eenmuia\u021bi pietre de coacere japoneze. Pur \u0219i simplu aplica\u021bi ap\u0103 pe suprafa\u021b\u0103 atunci c\u00e2nd este gata de utilizare. C\u00e2nd a\u021bi terminat, cl\u0103ti\u021bi \u0219i l\u0103sa\u021bi s\u0103 se usuce la temperatura camerei. Nu l\u0103sa\u021bi \u00een ap\u0103.<\/p>","protected":false},"excerpt":{"rendered":"<ul>\n<li>Potrivit pentru finisarea cu\u021bitelor, t\u00e2mpl\u0103riei \u0219i alte unelte. Pentru aparate de ras \u2013 prefinisare.<\/li>\n<li>Dimensiuni aprox.: 205x78x33 mm<\/li>\n<li>Greutate: 1328 g<\/li>\n<li>Duritate: Lv 4.5<\/li>\n<li>Suprafa\u021b\u0103 neted\u0103 \u0219i gata de utilizare<\/li>\n<\/ul>","protected":false},"featured_media":2414,"comment_status":"open","ping_status":"closed","template":"","meta":[],"product_brand":[],"product_cat":[22],"product_tag":[254,271,47],"class_list":{"0":"post-2409","1":"product","2":"type-product","3":"status-publish","4":"has-post-thumbnail","6":"product_cat-jnats","7":"product_tag-imanishi","8":"product_tag-koyama","9":"product_tag-ohira","10":"product_shipping_class-iprastas","12":"first","13":"outofstock","14":"sale","15":"shipping-taxable","16":"purchasable","17":"product-type-simple"},"_links":{"self":[{"href":"https:\/\/jnats.eu\/ro\/wp-json\/wp\/v2\/product\/2409","targetHints":{"allow":["GET"]}}],"collection":[{"href":"https:\/\/jnats.eu\/ro\/wp-json\/wp\/v2\/product"}],"about":[{"href":"https:\/\/jnats.eu\/ro\/wp-json\/wp\/v2\/types\/product"}],"replies":[{"embeddable":true,"href":"https:\/\/jnats.eu\/ro\/wp-json\/wp\/v2\/comments?post=2409"}],"wp:featuredmedia":[{"embeddable":true,"href":"https:\/\/jnats.eu\/ro\/wp-json\/wp\/v2\/media\/2414"}],"wp:attachment":[{"href":"https:\/\/jnats.eu\/ro\/wp-json\/wp\/v2\/media?parent=2409"}],"wp:term":[{"taxonomy":"product_brand","embeddable":true,"href":"https:\/\/jnats.eu\/ro\/wp-json\/wp\/v2\/product_brand?post=2409"},{"taxonomy":"product_cat","embeddable":true,"href":"https:\/\/jnats.eu\/ro\/wp-json\/wp\/v2\/product_cat?post=2409"},{"taxonomy":"product_tag","embeddable":true,"href":"https:\/\/jnats.eu\/ro\/wp-json\/wp\/v2\/product_tag?post=2409"}],"curies":[{"name":"wp","href":"https:\/\/api.w.org\/{rel}","templated":true}]}}