{"id":2417,"date":"2024-05-03T09:02:02","date_gmt":"2024-05-03T06:02:02","guid":{"rendered":"http:\/\/jnats.eu\/?post_type=product&#038;p=2417"},"modified":"2024-05-03T09:42:24","modified_gmt":"2024-05-03T06:42:24","slug":"hatahoshi-hatanaka-%e7%b4%94%e7%9c%9f%e6%ad%a3%e6%9c%ac%e5%b1%b1-jyunshin-shohonyama","status":"publish","type":"product","link":"https:\/\/jnats.eu\/ro\/product-2\/hatahoshi-hatanaka-%e7%b4%94%e7%9c%9f%e6%ad%a3%e6%9c%ac%e5%b1%b1-jyunshin-shohonyama\/","title":{"rendered":"Hatahoshi Hatanaka, pietre de copt autentice Jyunshin Sh\u014dhonyama"},"content":{"rendered":"<p>\u00cen prezent, singurele pietre de ascu\u021bit Nakayama autentice \u0219i noi sunt scoase pe pia\u021b\u0103 de c\u0103tre Hatanaka, ultimul proprietar al acestei mine. El singur de\u021bine dreptul de a folosi numele minei Nakayama, \u00eempreun\u0103 cu numele protejate prin drepturi de autor \u0219i \u0219tampilele de cerneal\u0103 asociate cu acesta, chiar dac\u0103 mina este \u00eenchis\u0103 fizic. \u0218i-a rezervat dreptul de a \u0219tampila orice inventar r\u0103mas din afacerea sa de familie, transmis din genera\u021bie \u00een genera\u021bie \u0219i este sigur s\u0103 presupunem c\u0103 multe dintre noile sale pietre provin din depozitele vaste de brut care au fost extrase de c\u00e2nd tat\u0103l s\u0103u era partener \u00een Kato.<\/p>\n\n\n\n<p>Hatanaka gestioneaz\u0103 afacerea la fel de perspicace ca Kato, f\u0103r\u0103 a inunda pia\u021ba cu pietre care c\u0103l\u0103toresc de la el prin canale alese. El vede \u0219i activit\u0103\u021bile falsificatorilor de timbre. Compania sa se afl\u0103 \u00een v\u00e2rful piramidei mondiale tennen toishi, iar reputa\u021bia este cel mai important lucru pentru el, motiv pentru care pietrele autentice Hatahoshi Hatanaka s-au distins \u00eentotdeauna prin cea mai \u00eenalt\u0103 calitate \u0219i sunt foarte apreciate.<\/p>\n\n\n\n<figure class=\"wp-block-embed is-type-video is-provider-youtube wp-block-embed-youtube wp-embed-aspect-16-9 wp-has-aspect-ratio\"><div class=\"wp-block-embed__wrapper\">\n<div class=\"video-container\"><iframe title=\"Hatahoshi Hatanaka, pietre de copt Jyunshin autentice\" width=\"1170\" height=\"658\" src=\"https:\/\/www.youtube.com\/embed\/ekLZW0ghpeU?feature=oembed\" frameborder=\"0\" allow=\"accelerometer; autoplay; clipboard-write; encrypted-media; gyroscope; picture-in-picture; web-share\" referrerpolicy=\"strict-origin-when-cross-origin\" allowfullscreen><\/iframe><\/div>\n<\/div><\/figure>","protected":false},"excerpt":{"rendered":"<p>Extras din<\/p>","protected":false},"featured_media":2420,"comment_status":"open","ping_status":"closed","template":"","meta":[],"product_brand":[],"product_cat":[22],"product_tag":[273,269,274,272],"class_list":{"0":"post-2417","1":"product","2":"type-product","3":"status-publish","4":"has-post-thumbnail","6":"product_cat-jnats","7":"product_tag-hatahoshi","8":"product_tag-hatanaka","9":"product_tag-jyunshin","10":"product_tag-272","12":"first","13":"outofstock","14":"shipping-taxable","15":"purchasable","16":"product-type-simple"},"_links":{"self":[{"href":"https:\/\/jnats.eu\/ro\/wp-json\/wp\/v2\/product\/2417","targetHints":{"allow":["GET"]}}],"collection":[{"href":"https:\/\/jnats.eu\/ro\/wp-json\/wp\/v2\/product"}],"about":[{"href":"https:\/\/jnats.eu\/ro\/wp-json\/wp\/v2\/types\/product"}],"replies":[{"embeddable":true,"href":"https:\/\/jnats.eu\/ro\/wp-json\/wp\/v2\/comments?post=2417"}],"wp:featuredmedia":[{"embeddable":true,"href":"https:\/\/jnats.eu\/ro\/wp-json\/wp\/v2\/media\/2420"}],"wp:attachment":[{"href":"https:\/\/jnats.eu\/ro\/wp-json\/wp\/v2\/media?parent=2417"}],"wp:term":[{"taxonomy":"product_brand","embeddable":true,"href":"https:\/\/jnats.eu\/ro\/wp-json\/wp\/v2\/product_brand?post=2417"},{"taxonomy":"product_cat","embeddable":true,"href":"https:\/\/jnats.eu\/ro\/wp-json\/wp\/v2\/product_cat?post=2417"},{"taxonomy":"product_tag","embeddable":true,"href":"https:\/\/jnats.eu\/ro\/wp-json\/wp\/v2\/product_tag?post=2417"}],"curies":[{"name":"wp","href":"https:\/\/api.w.org\/{rel}","templated":true}]}}