{"id":2421,"date":"2024-05-03T09:27:54","date_gmt":"2024-05-03T06:27:54","guid":{"rendered":"http:\/\/jnats.eu\/?post_type=product&#038;p=2421"},"modified":"2024-10-15T09:03:23","modified_gmt":"2024-10-15T06:03:23","slug":"narutaki-specialiai-skustuvams-atrinkti-uzbaigimo-akmenys","status":"publish","type":"product","link":"https:\/\/jnats.eu\/ro\/product-2\/narutaki-specialiai-skustuvams-atrinkti-uzbaigimo-akmenys\/","title":{"rendered":"Pietre de finisare Narutaki special selectate pentru aparate de ras"},"content":{"rendered":"<p>Pietre de finisaj vintage din mina Narutaki, special selectate pentru aparate de ras. La mijlocul secolului trecut, astfel de pietre erau utilizate pe scar\u0103 larg\u0103, iar competen\u021ba celor care le prelucrau este f\u0103r\u0103 \u00eendoial\u0103. Prin urmare, putem garanta un b\u0103rbierit excelent dup\u0103 terminarea ascu\u021birii cu aceste pietre.<\/p>\n\n\n\n<p>Nagura nu este necesara deoarece pietrele nu sunt foarte dure si isi elibereaza propria suspensie.<\/p>\n\n\n\n<p><strong>Narutaki (\u9cf4\u7027, Narutaki)<\/strong><br>Mina de est, care extrage pietre de finisare, care sunt bine considerate de togishi pentru jizuya. \u00cen mod interesant, acela\u0219i termen este adesea folosit pentru a descrie regiunea \u00een care sunt exploatate pietrele din cariera din Est. Pietrele din mina Hon-Narutaki sunt relativ rar v\u0103zute \u00een comer\u021b \u00een aceste zile.<\/p>\n\n\n\n<figure class=\"wp-block-embed is-type-video is-provider-youtube wp-block-embed-youtube wp-embed-aspect-16-9 wp-has-aspect-ratio\"><div class=\"wp-block-embed__wrapper\">\n<div class=\"video-container\"><iframe title=\"Pietre de coacere de finisare Narutaki special selectate pentru aparate de ras\" width=\"1170\" height=\"658\" src=\"https:\/\/www.youtube.com\/embed\/ziKIUoWWSCc?feature=oembed\" frameborder=\"0\" allow=\"accelerometer; autoplay; clipboard-write; encrypted-media; gyroscope; picture-in-picture; web-share\" referrerpolicy=\"strict-origin-when-cross-origin\" allowfullscreen><\/iframe><\/div>\n<\/div><\/figure>","protected":false},"excerpt":{"rendered":"<ol>\n<li><del>Dimensiuni: 163x56x22 mm; Greutate 528 g.\u00a0<\/del> Extras din<\/li>\n<li><del>Dimensiuni: 156x56x26 mm; Greutate 559 g.<\/del> Extras din<\/li>\n<li><del>Dimensiuni: 148x52x26 mm; Greutate 489 g.<\/del><\/li>\n<li><del>Dimensiuni: 155x57x24 mm; Greutate 554 g.<\/del> <strong>Nu exist\u0103 capac de cutie.<\/strong><\/li>\n<\/ol>","protected":false},"featured_media":2429,"comment_status":"open","ping_status":"closed","template":"","meta":[],"product_brand":[],"product_cat":[22],"product_tag":[146],"class_list":{"0":"post-2421","1":"product","2":"type-product","3":"status-publish","4":"has-post-thumbnail","6":"product_cat-jnats","7":"product_tag-narutaki","8":"product_shipping_class-iprastas","10":"first","11":"outofstock","12":"sold-individually","13":"shipping-taxable","14":"purchasable","15":"product-type-variable"},"_links":{"self":[{"href":"https:\/\/jnats.eu\/ro\/wp-json\/wp\/v2\/product\/2421","targetHints":{"allow":["GET"]}}],"collection":[{"href":"https:\/\/jnats.eu\/ro\/wp-json\/wp\/v2\/product"}],"about":[{"href":"https:\/\/jnats.eu\/ro\/wp-json\/wp\/v2\/types\/product"}],"replies":[{"embeddable":true,"href":"https:\/\/jnats.eu\/ro\/wp-json\/wp\/v2\/comments?post=2421"}],"wp:featuredmedia":[{"embeddable":true,"href":"https:\/\/jnats.eu\/ro\/wp-json\/wp\/v2\/media\/2429"}],"wp:attachment":[{"href":"https:\/\/jnats.eu\/ro\/wp-json\/wp\/v2\/media?parent=2421"}],"wp:term":[{"taxonomy":"product_brand","embeddable":true,"href":"https:\/\/jnats.eu\/ro\/wp-json\/wp\/v2\/product_brand?post=2421"},{"taxonomy":"product_cat","embeddable":true,"href":"https:\/\/jnats.eu\/ro\/wp-json\/wp\/v2\/product_cat?post=2421"},{"taxonomy":"product_tag","embeddable":true,"href":"https:\/\/jnats.eu\/ro\/wp-json\/wp\/v2\/product_tag?post=2421"}],"curies":[{"name":"wp","href":"https:\/\/api.w.org\/{rel}","templated":true}]}}