{"id":2442,"date":"2024-05-03T10:33:17","date_gmt":"2024-05-03T07:33:17","guid":{"rendered":"http:\/\/jnats.eu\/?post_type=product&#038;p=2442"},"modified":"2024-11-28T23:41:07","modified_gmt":"2024-11-28T21:41:07","slug":"narutaki-awasedo-maruichi-for-kamisori-2","status":"publish","type":"product","link":"https:\/\/jnats.eu\/ro\/product-2\/narutaki-awasedo-maruichi-for-kamisori-2\/","title":{"rendered":"NARUTAKI AWASEDO Maruichi Maruka pentru Kamisori\u00a0"},"content":{"rendered":"<p>Narutak-toi sunt pietre mici ob\u021binute din zonele Narutaki, Umegahata \u0219i Takao.<\/p>\n\n\n\n<p>NARUTAKI AWASEDO Maruichi Maruka pentru Kamisori, o piatr\u0103 natural\u0103 japonez\u0103 special selectat\u0103 pentru finisarea ascu\u021birii briciului, func\u021bioneaz\u0103 rapid \u0219i elibereaz\u0103 o cantitate suficient\u0103 din propria suspensie. Nu este nevoie de o piatr\u0103 mai moale (mikawa sau tomo nagura) sau de o plac\u0103 de diamant uzat\u0103 pentru a crea o suspensie.<\/p>\n\n\n\n<p>Pe cu\u021bitul din o\u021bel Aogami 2, str\u0103lucirea Hagane devine ca o oglind\u0103, \u00een timp ce Jigae mai moale are un finisaj argintiu mat str\u0103lucitor.<\/p>\n\n\n\n<p>Pietrele de ascu\u021bit Narutaki sunt printre cele mai bune extrase din Kyoto de aproape 900 de ani. \u00cen timpul erei samurailor, era foarte important ca o chestiune militar\u0103, deoarece era un ascu\u021bitor de arme, a\u0219a c\u0103 timp de sute de ani mun\u021bii au fost proteja\u021bi de \u00eemp\u0103ratul, shoguni sau guvernul japonez. Doar familia Honma a exploatat mina de pe munte mult\u0103 vreme. Narutaki-to este folosit pentru ascu\u021birea \u0219i lustruirea s\u0103biilor japoneze, dar pietrele mai mici sau de calitate inferioar\u0103 au permis \u0219i utilizarea Kanna (dalt\u0103 japonez\u0103), avioane, Kamisori etc.<\/p>\n\n\n\n<p>O piatr\u0103 de copt natural\u0103 are o scar\u0103 de lucru mai mare dec\u00e2t una artificial\u0103, a\u0219a c\u0103 nu \u0219tim rezultatul exact p\u00e2n\u0103 nu termin\u0103m de ascu\u021bit. Abrazivul din pietrele de \u0219lefuit artificiale nu se descompune la dimensiuni mai mici, \u00een timp ce particulele din cele naturale pot fi descompuse la dimensiuni mai mici, care sunt amestecate cu fier vechi \u0219i astfel produc finisajul Jigane \u0219i Hagane adecvat.<\/p>","protected":false},"excerpt":{"rendered":"<ul>\n<li>Potrivit pentru finisarea briciurilor, cu\u021bitelor, t\u00e2mpl\u0103riei \u0219i a altor unelte.<\/li>\n<li>Dimensiuni aprox.: 144x84x28 mm<\/li>\n<li>Greutate: 857 g<\/li>\n<li>Duritate: Lv 5<\/li>\n<li>Suprafa\u021b\u0103 neted\u0103 \u0219i gata de utilizare<\/li>\n<\/ul>","protected":false},"featured_media":2444,"comment_status":"open","ping_status":"closed","template":"","meta":[],"product_brand":[],"product_cat":[22],"product_tag":[40,275],"class_list":{"0":"post-2442","1":"product","2":"type-product","3":"status-publish","4":"has-post-thumbnail","6":"product_cat-jnats","7":"product_tag-awasedo","8":"product_tag-maruichi","9":"product_shipping_class-iprastas","11":"first","12":"outofstock","13":"shipping-taxable","14":"purchasable","15":"product-type-simple"},"_links":{"self":[{"href":"https:\/\/jnats.eu\/ro\/wp-json\/wp\/v2\/product\/2442","targetHints":{"allow":["GET"]}}],"collection":[{"href":"https:\/\/jnats.eu\/ro\/wp-json\/wp\/v2\/product"}],"about":[{"href":"https:\/\/jnats.eu\/ro\/wp-json\/wp\/v2\/types\/product"}],"replies":[{"embeddable":true,"href":"https:\/\/jnats.eu\/ro\/wp-json\/wp\/v2\/comments?post=2442"}],"wp:featuredmedia":[{"embeddable":true,"href":"https:\/\/jnats.eu\/ro\/wp-json\/wp\/v2\/media\/2444"}],"wp:attachment":[{"href":"https:\/\/jnats.eu\/ro\/wp-json\/wp\/v2\/media?parent=2442"}],"wp:term":[{"taxonomy":"product_brand","embeddable":true,"href":"https:\/\/jnats.eu\/ro\/wp-json\/wp\/v2\/product_brand?post=2442"},{"taxonomy":"product_cat","embeddable":true,"href":"https:\/\/jnats.eu\/ro\/wp-json\/wp\/v2\/product_cat?post=2442"},{"taxonomy":"product_tag","embeddable":true,"href":"https:\/\/jnats.eu\/ro\/wp-json\/wp\/v2\/product_tag?post=2442"}],"curies":[{"name":"wp","href":"https:\/\/api.w.org\/{rel}","templated":true}]}}