{"id":2449,"date":"2024-05-03T10:44:53","date_gmt":"2024-05-03T07:44:53","guid":{"rendered":"http:\/\/jnats.eu\/?post_type=product&#038;p=2449"},"modified":"2024-11-28T23:41:07","modified_gmt":"2024-11-28T21:41:07","slug":"honyama-goto-yamashiro","status":"publish","type":"product","link":"https:\/\/jnats.eu\/ro\/product-2\/honyama-goto-yamashiro\/","title":{"rendered":"Honyama Goto Yamashiro"},"content":{"rendered":"<p>Honyama Goto Yamashiro func\u021bioneaz\u0103 rapid \u0219i elibereaz\u0103 o cantitate suficient\u0103 din suspensie. Nu este nevoie de o piatr\u0103 mai moale (mikawa sau tomo nagura) sau de o plac\u0103 de diamant uzat\u0103 pentru a crea o suspensie.<\/p>","protected":false},"excerpt":{"rendered":"<ul>\n<li>Potrivit pentru finisarea briciurilor, cu\u021bitelor, t\u00e2mpl\u0103riei \u0219i a altor unelte.<\/li>\n<li>Dimensiuni aprox.: 144x85x28 mm<\/li>\n<li>Greutate: 888 g<\/li>\n<li>Duritate: Lv 4<\/li>\n<li><strong>Exist\u0103 o fisur\u0103 superficial\u0103 sub etichet\u0103, care nu ar trebui s\u0103 interfereze cu munca.<\/strong><\/li>\n<\/ul>","protected":false},"featured_media":2455,"comment_status":"open","ping_status":"closed","template":"","meta":[],"product_brand":[],"product_cat":[22],"product_tag":[276,270,247],"class_list":{"0":"post-2449","1":"product","2":"type-product","3":"status-publish","4":"has-post-thumbnail","6":"product_cat-jnats","7":"product_tag-goto","8":"product_tag-honyama","9":"product_tag-yamashiro","10":"product_shipping_class-iprastas","12":"first","13":"outofstock","14":"shipping-taxable","15":"purchasable","16":"product-type-simple"},"_links":{"self":[{"href":"https:\/\/jnats.eu\/ro\/wp-json\/wp\/v2\/product\/2449","targetHints":{"allow":["GET"]}}],"collection":[{"href":"https:\/\/jnats.eu\/ro\/wp-json\/wp\/v2\/product"}],"about":[{"href":"https:\/\/jnats.eu\/ro\/wp-json\/wp\/v2\/types\/product"}],"replies":[{"embeddable":true,"href":"https:\/\/jnats.eu\/ro\/wp-json\/wp\/v2\/comments?post=2449"}],"wp:featuredmedia":[{"embeddable":true,"href":"https:\/\/jnats.eu\/ro\/wp-json\/wp\/v2\/media\/2455"}],"wp:attachment":[{"href":"https:\/\/jnats.eu\/ro\/wp-json\/wp\/v2\/media?parent=2449"}],"wp:term":[{"taxonomy":"product_brand","embeddable":true,"href":"https:\/\/jnats.eu\/ro\/wp-json\/wp\/v2\/product_brand?post=2449"},{"taxonomy":"product_cat","embeddable":true,"href":"https:\/\/jnats.eu\/ro\/wp-json\/wp\/v2\/product_cat?post=2449"},{"taxonomy":"product_tag","embeddable":true,"href":"https:\/\/jnats.eu\/ro\/wp-json\/wp\/v2\/product_tag?post=2449"}],"curies":[{"name":"wp","href":"https:\/\/api.w.org\/{rel}","templated":true}]}}