{"id":2458,"date":"2024-05-03T11:07:28","date_gmt":"2024-05-03T08:07:28","guid":{"rendered":"http:\/\/jnats.eu\/?post_type=product&#038;p=2458"},"modified":"2024-06-24T12:41:55","modified_gmt":"2024-06-24T09:41:55","slug":"maruoyama-kurato-black-lotus","status":"publish","type":"product","link":"https:\/\/jnats.eu\/ro\/product-2\/maruoyama-kurato-black-lotus\/","title":{"rendered":"Maruoyama Kurato Lotus negru"},"content":{"rendered":"<p>Maruoyama Kurato Black Lotus este potrivit pentru ascu\u021birea final\u0103 a tuturor tipurilor de unelte, cum ar fi cu\u021bite, avioane, d\u0103l\u021bi, bricege, lame etc. U\u0219or de ascu\u021bit, poate fi terminat rapid \u0219i apoi t\u0103iat pentru o lung\u0103 perioad\u0103 de timp cu unealta. <\/p>\n\n\n\n<p>Pu\u021bul Maruo este situat \u00een Mun\u021bii Tanba. Muntele de piatr\u0103 natural\u0103 din nord-vestul ora\u0219ului Kameoka, cunoscut sub numele de Nishimono, este relativ nou \u0219i dateaz\u0103 din era Meiji. Pe o raz\u0103 de 3 km existau aproximativ 500 de intr\u0103ri principale \u0219i combinate din piatr\u0103, at\u00e2t mari, c\u00e2t \u0219i mici. Una dintre acestea este Muntele Maruo, care este \u00een prezent exploatat de familia Tottori. <\/p>\n\n\n\n<p>A treia genera\u021bie, Shoji, \u0219i a patra genera\u021bie, Yozo, au \u00eenceput s\u0103 exploateze mina \u00een 1970, care con\u021bine filonurile Suita \u0219i Tomae, formate de Honguchi, iar pietrele t\u0103iate de \u00eenalt\u0103 calitate sunt exploatate \u0219i ast\u0103zi. Mineritul este \u00een \u00eentregime subteran, ceea ce este foarte rar \u00een zilele noastre.<\/p>","protected":false},"excerpt":{"rendered":"<ul>\n<li>Potrivit pentru finisarea briciurilor, cu\u021bitelor, t\u00e2mpl\u0103riei \u0219i a altor unelte.<\/li>\n<li>Dimensiuni aprox: 142x64x38 mm<\/li>\n<li>Greutate: 750 g<\/li>\n<li>Duritate: Lv 4.5<\/li>\n<li>Suprafa\u021b\u0103 neted\u0103 \u0219i gata de utilizare<\/li>\n<\/ul>","protected":false},"featured_media":2466,"comment_status":"open","ping_status":"closed","template":"","meta":[],"product_brand":[],"product_cat":[22],"product_tag":[277,233],"class_list":{"0":"post-2458","1":"product","2":"type-product","3":"status-publish","4":"has-post-thumbnail","6":"product_cat-jnats","7":"product_tag-lotus","8":"product_tag-maruoyama","9":"product_shipping_class-iprastas","11":"first","12":"outofstock","13":"shipping-taxable","14":"purchasable","15":"product-type-simple"},"_links":{"self":[{"href":"https:\/\/jnats.eu\/ro\/wp-json\/wp\/v2\/product\/2458","targetHints":{"allow":["GET"]}}],"collection":[{"href":"https:\/\/jnats.eu\/ro\/wp-json\/wp\/v2\/product"}],"about":[{"href":"https:\/\/jnats.eu\/ro\/wp-json\/wp\/v2\/types\/product"}],"replies":[{"embeddable":true,"href":"https:\/\/jnats.eu\/ro\/wp-json\/wp\/v2\/comments?post=2458"}],"wp:featuredmedia":[{"embeddable":true,"href":"https:\/\/jnats.eu\/ro\/wp-json\/wp\/v2\/media\/2466"}],"wp:attachment":[{"href":"https:\/\/jnats.eu\/ro\/wp-json\/wp\/v2\/media?parent=2458"}],"wp:term":[{"taxonomy":"product_brand","embeddable":true,"href":"https:\/\/jnats.eu\/ro\/wp-json\/wp\/v2\/product_brand?post=2458"},{"taxonomy":"product_cat","embeddable":true,"href":"https:\/\/jnats.eu\/ro\/wp-json\/wp\/v2\/product_cat?post=2458"},{"taxonomy":"product_tag","embeddable":true,"href":"https:\/\/jnats.eu\/ro\/wp-json\/wp\/v2\/product_tag?post=2458"}],"curies":[{"name":"wp","href":"https:\/\/api.w.org\/{rel}","templated":true}]}}