{"id":2468,"date":"2024-05-03T11:12:03","date_gmt":"2024-05-03T08:12:03","guid":{"rendered":"http:\/\/jnats.eu\/?post_type=product&#038;p=2468"},"modified":"2025-09-09T08:41:05","modified_gmt":"2025-09-09T05:41:05","slug":"maruoyama-shin-ogami","status":"publish","type":"product","link":"https:\/\/jnats.eu\/ro\/product-2\/maruoyama-shin-ogami\/","title":{"rendered":"Maruoyama Shin Ogami"},"content":{"rendered":"<p>Maruoyama Shin Ogami este potrivit pentru finisarea ascu\u021birii tuturor tipurilor de unelte, cum ar fi cu\u021bite, avioane, dalte, brici, etc. Este u\u0219or de ascu\u021bit, pute\u021bi termina rapid \u0219i bine, iar apoi folosi\u021bi unealta pentru o lung\u0103 perioad\u0103 de timp pentru a t\u0103ia.<\/p>\n\n\n\n<p>Mina Maruo este situat\u0103 \u00een Mun\u021bii Tanba. Muntele de piatr\u0103 natural\u0103, numit \u201eNishimono\u201d, situat la nord-vest de ora\u0219ul Kameoka, este relativ nou, iar exploatarea sa a \u00eenceput \u00een epoca Meiji (Data de sf\u00e2r\u0219it: 30 iulie 1912 Data de \u00eencepere: 25 ianuarie 1868). Pe o raz\u0103 de 3 km de amplasament, existau aproximativ 500 de intr\u0103ri principale \u0219i combinate din piatr\u0103, at\u00e2t mari, c\u00e2t \u0219i mici. Unul dintre acestea este Muntele Maruo, unde familia Totori lucreaz\u0103 \u00een prezent \u00een minerit.<\/p>\n\n\n\n<p>A treia genera\u021bie Shoji \u0219i a patra genera\u021bie Yozo au \u00eenceput s\u0103 exploateze mine \u00een 1970. Mina con\u021bine straturi Suita \u0219i Tomae formate de Honguchi, iar pietrele de finisare de \u00eenalt\u0103 calitate sunt \u00eenc\u0103 extrase ast\u0103zi. Se desf\u0103\u0219oar\u0103 minerit complet subteran, ceea ce este foarte rar \u00een zilele noastre.<\/p>","protected":false},"excerpt":{"rendered":"<ul>\n<li>Potrivit pentru finisarea briciurilor, cu\u021bitelor, t\u00e2mpl\u0103riei \u0219i a altor unelte.<\/li>\n<li>Dimensiuni: 196x40x67 mm<\/li>\n<li>Greutate: 1060 g<\/li>\n<li>Duritate: Lv 4<\/li>\n<li>Suprafa\u021b\u0103 neted\u0103 \u0219i gata de utilizare<\/li>\n<\/ul>","protected":false},"featured_media":2471,"comment_status":"open","ping_status":"closed","template":"","meta":[],"product_brand":[],"product_cat":[22],"product_tag":[233],"class_list":{"0":"post-2468","1":"product","2":"type-product","3":"status-publish","4":"has-post-thumbnail","6":"product_cat-jnats","7":"product_tag-maruoyama","8":"product_shipping_class-iprastas","10":"first","11":"instock","12":"sale","13":"shipping-taxable","14":"purchasable","15":"product-type-simple"},"_links":{"self":[{"href":"https:\/\/jnats.eu\/ro\/wp-json\/wp\/v2\/product\/2468","targetHints":{"allow":["GET"]}}],"collection":[{"href":"https:\/\/jnats.eu\/ro\/wp-json\/wp\/v2\/product"}],"about":[{"href":"https:\/\/jnats.eu\/ro\/wp-json\/wp\/v2\/types\/product"}],"replies":[{"embeddable":true,"href":"https:\/\/jnats.eu\/ro\/wp-json\/wp\/v2\/comments?post=2468"}],"wp:featuredmedia":[{"embeddable":true,"href":"https:\/\/jnats.eu\/ro\/wp-json\/wp\/v2\/media\/2471"}],"wp:attachment":[{"href":"https:\/\/jnats.eu\/ro\/wp-json\/wp\/v2\/media?parent=2468"}],"wp:term":[{"taxonomy":"product_brand","embeddable":true,"href":"https:\/\/jnats.eu\/ro\/wp-json\/wp\/v2\/product_brand?post=2468"},{"taxonomy":"product_cat","embeddable":true,"href":"https:\/\/jnats.eu\/ro\/wp-json\/wp\/v2\/product_cat?post=2468"},{"taxonomy":"product_tag","embeddable":true,"href":"https:\/\/jnats.eu\/ro\/wp-json\/wp\/v2\/product_tag?post=2468"}],"curies":[{"name":"wp","href":"https:\/\/api.w.org\/{rel}","templated":true}]}}