{"id":2501,"date":"2024-05-03T12:24:14","date_gmt":"2024-05-03T09:24:14","guid":{"rendered":"http:\/\/jnats.eu\/?post_type=product&#038;p=2501"},"modified":"2025-10-08T12:27:10","modified_gmt":"2025-10-08T09:27:10","slug":"narutaki-asagi-awasedo","status":"publish","type":"product","link":"https:\/\/jnats.eu\/ro\/product-2\/narutaki-asagi-awasedo\/","title":{"rendered":"Narutaki Asagi Awasedo"},"content":{"rendered":"<p>Omogen \u0219i de form\u0103 ideal\u0103, Narutaki Asagi Awasedo este potrivit pentru finisarea oric\u0103rui instrument \u0219i are o vitez\u0103 bun\u0103 de lucru \u0219i uniformitate.<\/p>\n\n\n\n<p><strong>Narutaki (\u9cf4\u7027, Narutaki)<\/strong><br>Mina de est, care extrage pietre de finisare, care sunt bine considerate de togishi pentru jizuya. \u00cen mod interesant, acela\u0219i termen este adesea folosit pentru a descrie regiunea \u00een care sunt exploatate pietrele din cariera din Est. Pietrele din mina Hon-Narutaki sunt relativ rar v\u0103zute \u00een comer\u021b \u00een aceste zile.<\/p>","protected":false},"excerpt":{"rendered":"<ul>\n<li>Potrivit pentru finisarea briciurilor, cu\u021bitelor, foarfecelor, t\u00e2mpl\u0103riei \u0219i a altor unelte.<\/li>\n<li>Dimensiuni: 205x76x44 mm<\/li>\n<li>Greutate: 1697 g<\/li>\n<li>Duritate: Lv 4,8<\/li>\n<li>Ambele p\u0103r\u021bi sunt gata de lucru. Unul dintre ei are g\u0103uri \u00een el. <em>cu, care accelereaz\u0103 lucrul, dar nu sunt de dorit pentru aparate de ras din cauza posibilit\u0103\u021bii de deteriorare a lamelor delicate.<\/em><\/li>\n<li>V\u0103 recomand\u0103m s\u0103 lucra\u021bi cu ap\u0103 cald\u0103, deoarece apa rece afecteaz\u0103 viteza \u0219i r\u0103spunsul<\/li>\n<\/ul>","protected":false},"featured_media":2502,"comment_status":"open","ping_status":"closed","template":"","meta":[],"product_brand":[],"product_cat":[22],"product_tag":[45,40,146],"class_list":{"0":"post-2501","1":"product","2":"type-product","3":"status-publish","4":"has-post-thumbnail","6":"product_cat-jnats","7":"product_tag-asagi","8":"product_tag-awasedo","9":"product_tag-narutaki","10":"product_shipping_class-iprastas","12":"first","13":"outofstock","14":"sale","15":"shipping-taxable","16":"purchasable","17":"product-type-simple"},"_links":{"self":[{"href":"https:\/\/jnats.eu\/ro\/wp-json\/wp\/v2\/product\/2501","targetHints":{"allow":["GET"]}}],"collection":[{"href":"https:\/\/jnats.eu\/ro\/wp-json\/wp\/v2\/product"}],"about":[{"href":"https:\/\/jnats.eu\/ro\/wp-json\/wp\/v2\/types\/product"}],"replies":[{"embeddable":true,"href":"https:\/\/jnats.eu\/ro\/wp-json\/wp\/v2\/comments?post=2501"}],"wp:featuredmedia":[{"embeddable":true,"href":"https:\/\/jnats.eu\/ro\/wp-json\/wp\/v2\/media\/2502"}],"wp:attachment":[{"href":"https:\/\/jnats.eu\/ro\/wp-json\/wp\/v2\/media?parent=2501"}],"wp:term":[{"taxonomy":"product_brand","embeddable":true,"href":"https:\/\/jnats.eu\/ro\/wp-json\/wp\/v2\/product_brand?post=2501"},{"taxonomy":"product_cat","embeddable":true,"href":"https:\/\/jnats.eu\/ro\/wp-json\/wp\/v2\/product_cat?post=2501"},{"taxonomy":"product_tag","embeddable":true,"href":"https:\/\/jnats.eu\/ro\/wp-json\/wp\/v2\/product_tag?post=2501"}],"curies":[{"name":"wp","href":"https:\/\/api.w.org\/{rel}","templated":true}]}}