{"id":2509,"date":"2024-05-03T12:31:41","date_gmt":"2024-05-03T09:31:41","guid":{"rendered":"http:\/\/jnats.eu\/?post_type=product&#038;p=2509"},"modified":"2025-09-19T08:00:58","modified_gmt":"2025-09-19T05:00:58","slug":"narutaki-suita","status":"publish","type":"product","link":"https:\/\/jnats.eu\/ro\/product-2\/narutaki-suita\/","title":{"rendered":"Costumul Naruto"},"content":{"rendered":"<p>Omogen \u0219i cu o form\u0103 ideal\u0103, Narutaki Suita este potrivit pentru finisarea oric\u0103rui instrument \u0219i se caracterizeaz\u0103 prin vitez\u0103 medie de lucru \u0219i uniformitate.<\/p>\n\n\n\n<p><strong>Narutaki (\u9cf4\u7027, Narutaki)<\/strong><br>Mina de est, care extrage pietre de finisare, care sunt bine considerate de togishi pentru jizuya. \u00cen mod interesant, acela\u0219i termen este adesea folosit pentru a descrie regiunea \u00een care sunt exploatate pietrele din cariera din Est. Pietrele din mina Hon-Narutaki sunt relativ rar v\u0103zute \u00een comer\u021b \u00een aceste zile.<\/p>","protected":false},"excerpt":{"rendered":"<ul>\n<li>Potrivit pentru cu\u021bite de finisare, foarfece, t\u00e2mpl\u0103rie \u0219i alte unelte.<\/li>\n<li>Dimensiuni: 213x37x35 mm<\/li>\n<li>Greutate: 677 g<\/li>\n<li>Duritate: Lv 4,8<\/li>\n<li>Nivelat \u0219i gata de lucru.<\/li>\n<li>V\u0103 recomand\u0103m s\u0103 lucra\u021bi cu ap\u0103 cald\u0103, deoarece apa rece afecteaz\u0103 viteza \u0219i r\u0103spunsul<\/li>\n<\/ul>","protected":false},"featured_media":2511,"comment_status":"open","ping_status":"closed","template":"","meta":[],"product_brand":[],"product_cat":[22],"product_tag":[146,50],"class_list":{"0":"post-2509","1":"product","2":"type-product","3":"status-publish","4":"has-post-thumbnail","6":"product_cat-jnats","7":"product_tag-narutaki","8":"product_tag-suita","9":"product_shipping_class-iprastas","11":"first","12":"outofstock","13":"sale","14":"shipping-taxable","15":"purchasable","16":"product-type-simple"},"_links":{"self":[{"href":"https:\/\/jnats.eu\/ro\/wp-json\/wp\/v2\/product\/2509","targetHints":{"allow":["GET"]}}],"collection":[{"href":"https:\/\/jnats.eu\/ro\/wp-json\/wp\/v2\/product"}],"about":[{"href":"https:\/\/jnats.eu\/ro\/wp-json\/wp\/v2\/types\/product"}],"replies":[{"embeddable":true,"href":"https:\/\/jnats.eu\/ro\/wp-json\/wp\/v2\/comments?post=2509"}],"wp:featuredmedia":[{"embeddable":true,"href":"https:\/\/jnats.eu\/ro\/wp-json\/wp\/v2\/media\/2511"}],"wp:attachment":[{"href":"https:\/\/jnats.eu\/ro\/wp-json\/wp\/v2\/media?parent=2509"}],"wp:term":[{"taxonomy":"product_brand","embeddable":true,"href":"https:\/\/jnats.eu\/ro\/wp-json\/wp\/v2\/product_brand?post=2509"},{"taxonomy":"product_cat","embeddable":true,"href":"https:\/\/jnats.eu\/ro\/wp-json\/wp\/v2\/product_cat?post=2509"},{"taxonomy":"product_tag","embeddable":true,"href":"https:\/\/jnats.eu\/ro\/wp-json\/wp\/v2\/product_tag?post=2509"}],"curies":[{"name":"wp","href":"https:\/\/api.w.org\/{rel}","templated":true}]}}