{"id":251,"date":"2024-02-26T10:17:19","date_gmt":"2024-02-26T08:17:19","guid":{"rendered":"http:\/\/jnats.eu\/?post_type=product&#038;p=251"},"modified":"2025-06-19T09:10:14","modified_gmt":"2025-06-19T06:10:14","slug":"zwilling-twin-cermax-peilis-micarta-20-cm","status":"publish","type":"product","link":"https:\/\/jnats.eu\/ro\/product-2\/zwilling-twin-cermax-peilis-micarta-20-cm\/","title":{"rendered":"Cu\u021bit ZWILLING TWIN CERMAX Micarta 20 cm"},"content":{"rendered":"<figure class=\"wp-block-embed is-type-video is-provider-youtube wp-block-embed-youtube wp-embed-aspect-16-9 wp-has-aspect-ratio\"><div class=\"wp-block-embed__wrapper\">\n<div class=\"video-container\"><iframe title=\"ZWILLING TWIN CERMAX Micarta 20 cm\" width=\"1170\" height=\"658\" src=\"https:\/\/www.youtube.com\/embed\/qp55F_OcFoM?feature=oembed\" frameborder=\"0\" allow=\"accelerometer; autoplay; clipboard-write; encrypted-media; gyroscope; picture-in-picture; web-share\" referrerpolicy=\"strict-origin-when-cross-origin\" allowfullscreen><\/iframe><\/div>\n<\/div><\/figure>\n\n\n\n<ul class=\"wp-block-list\">\n<li>Lungime total\u0103 33,6 cm<\/li>\n\n\n\n<li>Lungimea lamei 20,0 cm<\/li>\n\n\n\n<li>Miezul materialului lamei este fabricat din unul dintre cele mai bune microcarburi din lume din o\u021bel inoxidabil MC66 (ZDP-189), protejat de un laminat din o\u021bel mai moale, lam\u0103 Cryodur \u00eent\u0103rit\u0103 la rece, \u00een form\u0103 de V.<\/li>\n\n\n\n<li>Nivel de duritate 65-67 Rockwell<\/li>\n\n\n\n<li>\u00cen\u0103l\u021bimea lamei 5,2 cm<\/li>\n\n\n\n<li>Forma lamei moderat ascu\u021bit\u0103<\/li>\n\n\n\n<li>Bol\u021b \u0219i capac de cap\u0103t din o\u021bel inoxidabil rezistent la coroziune.<\/li>\n\n\n\n<li>Lungimea m\u00e2nerului 13,0 cm<\/li>\n\n\n\n<li>Material m\u00e2ner Micarta negru, form\u0103 ergonomic\u0103<\/li>\n\n\n\n<li>Potrivit pentru st\u00e2ngaci \u0219i dreptaci.<\/li>\n\n\n\n<li>Greutate 210 grame<\/li>\n\n\n\n<li>Fabricat \u00een Japonia, marca ZWILLING HENCKELS, Solingen, Germania<\/li>\n\n\n\n<li>Se spal\u0103 numai cu m\u00e2na.<\/li>\n<\/ul>\n\n\n\n<p><strong>Cu\u021bit care a c\u00e2\u0219tigat prestigiosul IF Design Award<\/strong><\/p>\n\n\n\n<p>Un cu\u021bit de buc\u0103tar european cu lungimea \u0219i forma clasic\u0103 a unui cu\u021bit de buc\u0103tar european, dar cu ascu\u021bimea unui adev\u0103rat \"japonez\". Miezul de o\u021bel extrem de dur \u0219i ascu\u021bit este \u00eenconjurat de straturi de o\u021bel mai moale pe partea st\u00e2ng\u0103 \u0219i dreapt\u0103 pentru a preveni coroziunea \u0219i posibila rupere, de exemplu, dac\u0103 cu\u021bitul cade. Aceast\u0103 tehnic\u0103 se nume\u0219te \"San Mai\".<\/p>\n\n\n\n<p>M\u00e2nerul seriei TWIN CERMAX este fabricat din Micarta, un material pl\u0103cut la atingere \u0219i care nu se teme de influen\u021bele externe \u0219i chimice. Duritatea lamei de 66 HRC asigur\u0103 ascu\u021bimea potrivit\u0103 pentru o perioad\u0103 lung\u0103 de timp. <\/p>\n\n\n\n<p>Seria combin\u0103 designul inovator, materialele de \u00eenalt\u0103 calitate \u0219i me\u0219te\u0219ugul tradi\u021bional al produc\u0103torilor japonezi de cu\u021bite. Geometria neted\u0103 \u0219i bizotat\u0103 asigur\u0103 o t\u0103iere curat\u0103, f\u0103r\u0103 a rupe materialul de t\u0103iat.<\/p>\n\n\n\n<p>Cryodur. Cu\u021bitul este c\u0103lit la o temperatur\u0103 sc\u0103zut\u0103 de -196\u00b0C, ceea ce stabilizeaz\u0103 structura o\u021belului. De asemenea, se aplic\u0103 un tratament termic pentru a asigura o ascu\u021bime de lung\u0103 durat\u0103 \u0219i o duritate extrem de impresionant\u0103 a lamei. Miezul interior al lamei este fabricat din o\u021bel praf special ZDP-189. Acest lucru face lama extrem de dur\u0103 \u0219i asigur\u0103, de asemenea, rezultate optime de t\u0103iere. <\/p>\n\n\n\n<p>M\u00e2nerul este fabricat din Micarta, un material laminat fabricat din r\u0103\u0219in\u0103 sintetic\u0103 \u0219i in tratat cu c\u0103ldur\u0103 \u0219i presiune. Forma ergonomic\u0103 a cu\u021bitului \u00eel face foarte confortabil \u00een m\u00e2n\u0103. \u00cen acela\u0219i timp, r\u0103m\u00e2ne stabil \u0219i surprinz\u0103tor de robust. Manipula\u021bi-l numai cu m\u00e2na \u0219i usca\u021bi-l imediat dup\u0103 utilizare.<\/p>\n\n\n\n<p>Cel mai ascu\u021bit \u0219i mai bun cu\u021bit disponibil de la ZWILLING HENCKELS. Este alegerea perfect\u0103 pentru cei care doresc ascu\u021bimea japonez\u0103, dar sunt descuraja\u021bi de ergonomia oriental\u0103. Cu ZWILLING TWIN CERMAX le pute\u021bi ob\u021bine acum pe toate deodat\u0103!<\/p>\n\n\n\n<p><\/p>","protected":false},"excerpt":{"rendered":"<ul>\n<li>Lungime total\u0103 33,6 cm<\/li>\n<li>Lungimea lamei 20,0 cm<\/li>\n<li>Miezul materialului lamei este fabricat din unul dintre cele mai bune o\u021beluri inoxidabile acoperite cu pulbere din lume MC66 (ZDP-189), protejat cu laminat, lam\u0103 \u00een form\u0103 de V, \u00eent\u0103rit\u0103 la rece Cryodur.<\/li>\n<li>Nivel de duritate 65-67 Rockwell<\/li>\n<li>\u00cen\u0103l\u021bimea lamei 5,2 cm<\/li>\n<li>Forma lamei moderat ascu\u021bit\u0103<\/li>\n<li>Suport \u0219i capac de cap\u0103t din o\u021bel inoxidabil, rezistent la rugin\u0103<\/li>\n<li>Lungimea m\u00e2nerului 13,0 cm<\/li>\n<li>Material m\u00e2ner Micarta negru, form\u0103 ergonomic\u0103<\/li>\n<li>Potrivit pentru utilizatorii st\u00e2ngaci \u0219i dreptaci<\/li>\n<li>Greutate 210 grame<\/li>\n<\/ul>","protected":false},"featured_media":1691,"comment_status":"open","ping_status":"closed","template":"","meta":[],"product_brand":[],"product_cat":[24],"product_tag":[60,59],"class_list":{"0":"post-251","1":"product","2":"type-product","3":"status-publish","4":"has-post-thumbnail","6":"product_cat-knifes","7":"product_tag-cermax","8":"product_tag-zwilling","9":"product_shipping_class-iprastas","11":"first","12":"outofstock","13":"sale","14":"shipping-taxable","15":"purchasable","16":"product-type-simple"},"_links":{"self":[{"href":"https:\/\/jnats.eu\/ro\/wp-json\/wp\/v2\/product\/251","targetHints":{"allow":["GET"]}}],"collection":[{"href":"https:\/\/jnats.eu\/ro\/wp-json\/wp\/v2\/product"}],"about":[{"href":"https:\/\/jnats.eu\/ro\/wp-json\/wp\/v2\/types\/product"}],"replies":[{"embeddable":true,"href":"https:\/\/jnats.eu\/ro\/wp-json\/wp\/v2\/comments?post=251"}],"wp:featuredmedia":[{"embeddable":true,"href":"https:\/\/jnats.eu\/ro\/wp-json\/wp\/v2\/media\/1691"}],"wp:attachment":[{"href":"https:\/\/jnats.eu\/ro\/wp-json\/wp\/v2\/media?parent=251"}],"wp:term":[{"taxonomy":"product_brand","embeddable":true,"href":"https:\/\/jnats.eu\/ro\/wp-json\/wp\/v2\/product_brand?post=251"},{"taxonomy":"product_cat","embeddable":true,"href":"https:\/\/jnats.eu\/ro\/wp-json\/wp\/v2\/product_cat?post=251"},{"taxonomy":"product_tag","embeddable":true,"href":"https:\/\/jnats.eu\/ro\/wp-json\/wp\/v2\/product_tag?post=251"}],"curies":[{"name":"wp","href":"https:\/\/api.w.org\/{rel}","templated":true}]}}