{"id":2529,"date":"2024-05-03T12:53:45","date_gmt":"2024-05-03T09:53:45","guid":{"rendered":"http:\/\/jnats.eu\/?post_type=product&#038;p=2529"},"modified":"2025-07-22T00:35:55","modified_gmt":"2025-07-21T21:35:55","slug":"ohira-awasedo-japoniskas-naturalus-akmuo-galandimui","status":"publish","type":"product","link":"https:\/\/jnats.eu\/ro\/product-2\/ohira-awasedo-japoniskas-naturalus-akmuo-galandimui\/","title":{"rendered":"Ohira Awasedo Piatr\u0103 natural\u0103 japonez\u0103 pentru ascu\u021bit"},"content":{"rendered":"<p>Rapid\u0103 \u0219i uniform\u0103 piatr\u0103 de ascu\u021bit natural\u0103 japonez\u0103 Ohira Awasedo dintr-o min\u0103 \u00een func\u021biune, renumit\u0103 pentru calitatea \u0219i varietatea de roci.<\/p>\n\n\n\n<p><strong>Ohira (\u5927\u5e73, Oohira, Ohirayama)<\/strong><br>Mina de Vest, renumit\u0103 pentru calitatea Uchigumori \u0219i Suita. De\u0219i mina este \u00eenc\u0103 lucrat\u0103 ocazional, devine din ce \u00een ce mai dificil s\u0103 g\u0103se\u0219ti uchigumori \u0219i Ohira suita pentru export. Mul\u021bi mineri sunt \u00eengrijora\u021bi de furnizarea pe termen lung de pietre uchigumori de calitate. Datorit\u0103 calit\u0103\u021bii superioare a Ohira suita \u0219i uchigumori, nu este neobi\u0219nuit ca pietrele din alte mine s\u0103 fie \u0219tampilate sau v\u00e2ndute ca Ohira.<\/p>","protected":false},"excerpt":{"rendered":"<ul>\n<li>Potrivit pentru finisarea cu\u021bitelor, t\u00e2mpl\u0103riei \u0219i alte unelte. Pentru aparate de ras \u2013 prefinisare.<\/li>\n<li>Dimensiuni: 156x87x27 mm<\/li>\n<li>Greutate: 900 g<\/li>\n<li>Duritate: Lv 4<\/li>\n<li>Suprafa\u021b\u0103 neted\u0103 \u0219i gata de utilizare<\/li>\n<\/ul>","protected":false},"featured_media":2531,"comment_status":"open","ping_status":"closed","template":"","meta":[],"product_brand":[],"product_cat":[22],"product_tag":[40,47],"class_list":{"0":"post-2529","1":"product","2":"type-product","3":"status-publish","4":"has-post-thumbnail","6":"product_cat-jnats","7":"product_tag-awasedo","8":"product_tag-ohira","9":"product_shipping_class-iprastas","11":"first","12":"outofstock","13":"sale","14":"shipping-taxable","15":"purchasable","16":"product-type-simple"},"_links":{"self":[{"href":"https:\/\/jnats.eu\/ro\/wp-json\/wp\/v2\/product\/2529","targetHints":{"allow":["GET"]}}],"collection":[{"href":"https:\/\/jnats.eu\/ro\/wp-json\/wp\/v2\/product"}],"about":[{"href":"https:\/\/jnats.eu\/ro\/wp-json\/wp\/v2\/types\/product"}],"replies":[{"embeddable":true,"href":"https:\/\/jnats.eu\/ro\/wp-json\/wp\/v2\/comments?post=2529"}],"wp:featuredmedia":[{"embeddable":true,"href":"https:\/\/jnats.eu\/ro\/wp-json\/wp\/v2\/media\/2531"}],"wp:attachment":[{"href":"https:\/\/jnats.eu\/ro\/wp-json\/wp\/v2\/media?parent=2529"}],"wp:term":[{"taxonomy":"product_brand","embeddable":true,"href":"https:\/\/jnats.eu\/ro\/wp-json\/wp\/v2\/product_brand?post=2529"},{"taxonomy":"product_cat","embeddable":true,"href":"https:\/\/jnats.eu\/ro\/wp-json\/wp\/v2\/product_cat?post=2529"},{"taxonomy":"product_tag","embeddable":true,"href":"https:\/\/jnats.eu\/ro\/wp-json\/wp\/v2\/product_tag?post=2529"}],"curies":[{"name":"wp","href":"https:\/\/api.w.org\/{rel}","templated":true}]}}