{"id":2542,"date":"2024-05-05T09:13:12","date_gmt":"2024-05-05T06:13:12","guid":{"rendered":"http:\/\/jnats.eu\/?post_type=product&#038;p=2542"},"modified":"2025-08-24T21:42:12","modified_gmt":"2025-08-24T18:42:12","slug":"guansi-kiniskas-naturalus-galandimo-akmuo-2","status":"publish","type":"product","link":"https:\/\/jnats.eu\/ro\/product-2\/guansi-kiniskas-naturalus-galandimo-akmuo-2\/","title":{"rendered":"Piatr\u0103 de ascu\u021bit natural\u0103 chinez\u0103 Guanxi"},"content":{"rendered":"<p>\n\n\n<ul class=\"wp-block-list\">\n<li>Dimensiuni: 199x68x29 mm<\/li>\n\n\n\n<li>Greutate: 1100 g<\/li>\n\n\n\n<li>Duritate: Lv 3<\/li>\n\n\n\n<li>Dimensiunea granulelor aprox. #5000<\/li>\n\n\n\n<li>Potrivit pentru finisarea cu\u021bitelor \u0219i uneltelor, briciurilor. Piatra este foarte omogen\u0103, dar lent\u0103 \u00een compara\u021bie cu pietrele japoneze. Ambele p\u0103r\u021bi sunt gata de utilizare.<\/li>\n<\/ul>","protected":false},"excerpt":{"rendered":"<p><!-- wp:list --><\/p>\n<ul><!-- wp:list-item --><\/p>\n<li>Dimensiuni: 199x68x29 mm<\/li>\n<p><!-- \/wp:list-item --><!-- wp:list-item --><\/p>\n<li>Greutate: 1100 g<\/li>\n<p><!-- \/wp:list-item --><!-- wp:list-item --><\/p>\n<li>Duritate: Lv 3<\/li>\n<li>Dimensiunea granulelor aprox. #5000<\/li>\n<p><!-- \/wp:list-item --><!-- wp:list-item --><\/p>\n<li>Potrivit pentru finisarea cu\u021bitelor \u0219i uneltelor, briciurilor. Piatra este foarte omogen\u0103, dar lent\u0103 \u00een compara\u021bie cu pietrele japoneze. Ambele p\u0103r\u021bi sunt gata de utilizare.<\/li>\n<p><!-- \/wp:list-item --><\/ul>\n<p><!-- \/wp:list --><\/p>","protected":false},"featured_media":2546,"comment_status":"open","ping_status":"closed","template":"","meta":[],"product_brand":[],"product_cat":[22],"product_tag":[187],"class_list":{"0":"post-2542","1":"product","2":"type-product","3":"status-publish","4":"has-post-thumbnail","6":"product_cat-jnats","7":"product_tag-guansi","8":"product_shipping_class-iprastas","10":"first","11":"outofstock","12":"shipping-taxable","13":"purchasable","14":"product-type-simple"},"_links":{"self":[{"href":"https:\/\/jnats.eu\/ro\/wp-json\/wp\/v2\/product\/2542","targetHints":{"allow":["GET"]}}],"collection":[{"href":"https:\/\/jnats.eu\/ro\/wp-json\/wp\/v2\/product"}],"about":[{"href":"https:\/\/jnats.eu\/ro\/wp-json\/wp\/v2\/types\/product"}],"replies":[{"embeddable":true,"href":"https:\/\/jnats.eu\/ro\/wp-json\/wp\/v2\/comments?post=2542"}],"wp:featuredmedia":[{"embeddable":true,"href":"https:\/\/jnats.eu\/ro\/wp-json\/wp\/v2\/media\/2546"}],"wp:attachment":[{"href":"https:\/\/jnats.eu\/ro\/wp-json\/wp\/v2\/media?parent=2542"}],"wp:term":[{"taxonomy":"product_brand","embeddable":true,"href":"https:\/\/jnats.eu\/ro\/wp-json\/wp\/v2\/product_brand?post=2542"},{"taxonomy":"product_cat","embeddable":true,"href":"https:\/\/jnats.eu\/ro\/wp-json\/wp\/v2\/product_cat?post=2542"},{"taxonomy":"product_tag","embeddable":true,"href":"https:\/\/jnats.eu\/ro\/wp-json\/wp\/v2\/product_tag?post=2542"}],"curies":[{"name":"wp","href":"https:\/\/api.w.org\/{rel}","templated":true}]}}