{"id":2558,"date":"2024-05-05T09:44:49","date_gmt":"2024-05-05T06:44:49","guid":{"rendered":"http:\/\/jnats.eu\/?post_type=product&#038;p=2558"},"modified":"2024-07-19T15:51:05","modified_gmt":"2024-07-19T12:51:05","slug":"techninis-jaspis-jasma-rusiskas-naturalus-galandimo-akmuo-2","status":"publish","type":"product","link":"https:\/\/jnats.eu\/ro\/product-2\/techninis-jaspis-jasma-rusiskas-naturalus-galandimo-akmuo-2\/","title":{"rendered":"Jasp tehnic (Yashma) piatr\u0103 de ascu\u021bit natural\u0103 ruseasc\u0103"},"content":{"rendered":"<p>Jaspul tehnic (jasper - \u044f\u0448\u043c\u0430) este o piatr\u0103 t\u0103iat\u0103 de culoare verde sau verde \u00eenchis. Este una dintre variet\u0103\u021bile de roci cristaline secre\u021bionare, const\u00e2nd \u00een principal dintr-un amestec de cuar\u021b, calcedonie \u0219i alte minerale (epidot, actinolit, clorit, mica, mica, pirita, oxizi \u0219i hidroxizi de fier \u0219i mangan). Jaspul este de origine sedimentar\u0103 sau ignea. Compozi\u021bia aproximativ\u0103 a jaspului este: cuar\u021b \u0219i calcedonie (SiO2) 80-95%; oxid de aluminiu (Al2O3) \u0219i oxid de fier (Fe2O3) p\u00e2n\u0103 la 15 %; oxid de calciu (CaO) 3-6% (\u0219i altele). Trebuie remarcat faptul c\u0103 cuar\u021bul \u0219i calcedonia au aceea\u0219i formul\u0103 chimic\u0103 (SiO2) \u0219i difer\u0103 doar prin aspect.<\/p>\n\n\n\n<p>Jaspul industrial este extras \u00een zonele \u00een care se g\u0103sesc roci solzoase sau stratificate. Jaspul tehnic include \u00een special cuar\u021bul \u0219i calcedonia-cuar\u021b, care sunt variet\u0103\u021bi de jasp cu benzi sau cu benzi. Acest tip de jasp are de obicei o culoare verde, care este direct legat\u0103 de culoarea noroiului emis de vulcanii submarini. Pe parcursul a milioane de ani, ace\u0219tia au erupt prin cantit\u0103\u021bi mari de siliciu sub form\u0103 de lav\u0103, dup\u0103 care s-au depus sub form\u0103 de siliciu, urmat de un proces de recristalizare, tot pe parcursul a milioane de ani. Jasperul poate fi, de asemenea, de origine secundar\u0103 din materii prime organice. Un exemplu sunt copacii fosiliza\u021bi care au fost transforma\u021bi de-a lungul a milioane de ani \u00een diferite forme de cuar\u021b, inclusiv jasp. Formarea secundar\u0103 a jaspului poate proveni \u0219i din anumite tipuri de organisme vii: bure\u021bi, alge etc.<\/p>\n\n\n\n<p>Spre deosebire de alte tipuri de jasp, jaspul industrial are o densitate mult mai mare, const\u00e2nd de obicei din 80-90% de cuar\u021b \u0219i 10-15% de clorit (un mineral asem\u0103n\u0103tor micii din subclasa silica\u021bilor stratifica\u021bi) cu un amestec de epidot , tiosit \u0219i argil\u0103. Jaspul are o fractur\u0103 piept\u0103nat\u0103, asem\u0103n\u0103toare \u00een aspect cu suprafa\u021ba interioar\u0103 a scoicilor. \u00cen plus fa\u021b\u0103 de jaspul simplu, jaspul tehnic include \u0219i jaspul pestri\u021b. Jaspurile p\u0103tate sunt clasificate \u00een mai multe tipuri \u00een func\u021bie de num\u0103rul \u0219i densitatea petelor: slab p\u0103tat, dens, indistinct, cu pete galbene etc. \u00cen acela\u0219i timp, un num\u0103r mai mic de pete indic\u0103 o uniformitate mai mare a jaspului, care este direct legat\u0103 de eficien\u021ba sa de lucru.<\/p>\n\n\n\n<p><em>Cu c\u00e2t jaspul este mai uniform, cu at\u00e2t este mai bun\u0103 calitatea pietrei de ascu\u021bit, cu at\u00e2t este mai ascu\u021bit\u0103 linia \u0219i mai agresiv\u0103 t\u0103ietura cu\u021bitului dup\u0103 ascu\u021bire.<\/em><\/p>\n\n\n\n<p>\u00cen industrie, jaspul tehnic este utilizat \u00een principal ca materie prim\u0103, dar \u0219i ca piatr\u0103 de finisare \u0219i decorativ\u0103. De fapt, pietrele pre\u021bioase de cea mai slab\u0103 calitate, nepotrivite pentru artizanat, suveniruri \u0219i ustensile, sunt denumite \"jasp tehnic\". Ele sunt utilizate pentru a confec\u021biona arbori de prelucrare, cupe, prisme pentru instrumente de m\u0103sur\u0103 etc. Acest tip de jasp se caracterizeaz\u0103 prin rezisten\u021b\u0103 maxim\u0103, duritate, uniformitate \u0219i, mai ales, reproductibilitate a propriet\u0103\u021bilor pietrei extrase dintr-un singur z\u0103c\u0103m\u00e2nt.<br>Rusia are un num\u0103r relativ mare de z\u0103c\u0103minte industriale de jasp. Jaspul gri \u0219i gri-verde este extras din z\u0103c\u0103m\u00e2ntul Kalkan, iar z\u0103c\u0103mintele Kushkuldinskoye, Anastasevskoye, Muldakaevskoye, Malomuinakovskoye \u0219i Naurazovskoye, care con\u021bin alte nuan\u021be de jasp, sunt, de asemenea, considerate a fi destul de mari. \u00cen str\u0103in\u0103tate, z\u0103c\u0103minte industriale de jasp se g\u0103sesc \u00een India, Japonia, Germania, Fran\u021ba, Uzbekistan \u0219i Tadjikistan.<\/p>\n\n\n\n<p>Jaspul industrial este utilizat ca piatr\u0103 de finisare \u0219i lustruire atunci c\u00e2nd este honuit. Acesta demonstreaz\u0103 cele mai \u00eenalte performan\u021be atunci c\u00e2nd se lucreaz\u0103 cu o\u021beluri cu carbon precum Aogami, Shirogami, R6M5, U7, 65G etc. Dup\u0103 jaspare, acestea cap\u0103t\u0103 o suprafa\u021b\u0103 mat\u0103 uniform\u0103 cu o t\u0103iere agresiv\u0103. Piatra ascute bine \u0219i o\u021belurile praf RWL, CPM S 35VN, S30V, ELMAX cu duritate de p\u00e2n\u0103 la 63HRC. Piatra este proiectat\u0103 pentru a lucra cu unsoare, dar poate lucra \u0219i cu ap\u0103. Cu toate acestea, apa produce o suprafa\u021b\u0103 a lamei mai aspr\u0103 dec\u00e2t uleiul. Ascu\u021bitorii experimenta\u021bi, atunci c\u00e2nd compar\u0103 jaspul tehnic cu washita sau Arkansas, eviden\u021biaz\u0103 lucrul mai fin al acestor pietre \u0219i t\u0103i\u0219ul mai ascu\u021bit al cu\u021bitului dup\u0103 ascu\u021bire. Un cu\u021bit cu un finisaj de ascu\u021bire cu jasp tehnic ofer\u0103 rezultate maxime atunci c\u00e2nd se lucreaz\u0103 cu lemn, carne \u0219i alte materiale dense.<\/p>\n\n\n\n<p>Jaspul tehnic nu este clasificat ca o piatr\u0103 rar\u0103, disponibil\u0103 doar speciali\u0219tilor \u00een ascu\u021bire. Este o piatr\u0103 comun\u0103 \u0219i larg comercializat\u0103. Jaspul este v\u00e2ndut at\u00e2t \u00een buc\u0103\u021bi dreptunghiulare mari pentru ascu\u021birea manual\u0103, c\u00e2t \u0219i \u00een buc\u0103\u021bi \"apexoide\" pentru suporturile abrazive standard. Dup\u0103 o c\u0103l\u0103torie lung\u0103 de c\u00e2teva secole, \u00eenc\u0103 nu \u0219i-a abandonat pozi\u021bia.<\/p>","protected":false},"excerpt":{"rendered":"<ul>\n<li>Dimensiuni: 171x39x18 mm<\/li>\n<li>Greutate: 322 g<\/li>\n<li>Duritate: Lv 5+++<\/li>\n<li>Potrivit pentru finisarea briciurilor, cu\u021bitelor \u0219i uneltelor.<\/li>\n<li>Piatra este foarte omogen\u0103, f\u0103r\u0103 linii toxice.<\/li>\n<li>Ambele p\u0103r\u021bi sunt preg\u0103tite pentru ac\u021biune.<\/li>\n<li>Folosit \u00een URSS ca o alternativ\u0103 la pietrele translucide Arkansas. Se recomand\u0103 s\u0103 se lucreze cu unsoare, dar poate fi folosit\u0103 cu ap\u0103. Uzur\u0103 foarte, foarte lent\u0103 \u0219i, prin urmare, dificil de netezit.<\/li>\n<\/ul>","protected":false},"featured_media":2561,"comment_status":"open","ping_status":"closed","template":"","meta":[],"product_brand":[],"product_cat":[22],"product_tag":[282],"class_list":{"0":"post-2558","1":"product","2":"type-product","3":"status-publish","4":"has-post-thumbnail","6":"product_cat-jnats","7":"product_tag-jaspis","8":"product_shipping_class-iprastas","10":"first","11":"outofstock","12":"shipping-taxable","13":"purchasable","14":"product-type-simple"},"_links":{"self":[{"href":"https:\/\/jnats.eu\/ro\/wp-json\/wp\/v2\/product\/2558","targetHints":{"allow":["GET"]}}],"collection":[{"href":"https:\/\/jnats.eu\/ro\/wp-json\/wp\/v2\/product"}],"about":[{"href":"https:\/\/jnats.eu\/ro\/wp-json\/wp\/v2\/types\/product"}],"replies":[{"embeddable":true,"href":"https:\/\/jnats.eu\/ro\/wp-json\/wp\/v2\/comments?post=2558"}],"wp:featuredmedia":[{"embeddable":true,"href":"https:\/\/jnats.eu\/ro\/wp-json\/wp\/v2\/media\/2561"}],"wp:attachment":[{"href":"https:\/\/jnats.eu\/ro\/wp-json\/wp\/v2\/media?parent=2558"}],"wp:term":[{"taxonomy":"product_brand","embeddable":true,"href":"https:\/\/jnats.eu\/ro\/wp-json\/wp\/v2\/product_brand?post=2558"},{"taxonomy":"product_cat","embeddable":true,"href":"https:\/\/jnats.eu\/ro\/wp-json\/wp\/v2\/product_cat?post=2558"},{"taxonomy":"product_tag","embeddable":true,"href":"https:\/\/jnats.eu\/ro\/wp-json\/wp\/v2\/product_tag?post=2558"}],"curies":[{"name":"wp","href":"https:\/\/api.w.org\/{rel}","templated":true}]}}