{"id":2563,"date":"2024-05-05T09:55:23","date_gmt":"2024-05-05T06:55:23","guid":{"rendered":"http:\/\/jnats.eu\/?post_type=product&#038;p=2563"},"modified":"2024-05-09T18:05:01","modified_gmt":"2024-05-09T15:05:01","slug":"vokiskas-naturalus-galandinimo-akmuo-echter-wasser-abziehstein-genuine-water-hone","status":"publish","type":"product","link":"https:\/\/jnats.eu\/ro\/product-2\/vokiskas-naturalus-galandinimo-akmuo-echter-wasser-abziehstein-genuine-water-hone\/","title":{"rendered":"Piatr\u0103 de \u0219lefuire natural\u0103 german\u0103 Echter Wasser-Abziehstein Genuine Water hone"},"content":{"rendered":"<p>Genuine Water Hone Stone Genuine Water Hone pentru aparate de ras, cutite si unelte cu nagura. <\/p>\n\n\n\n<p>Muller Schleifechnik. Fabricat in Germania. <\/p>\n\n\n\n<p>Piatr\u0103 de \u0219lefuit natural\u0103 german\u0103 cu granula\u021bie fin\u0103 pentru ascu\u021birea aparatelor de ras \u0219i a bisturiilor. Potrivit pentru utilizare cu cantit\u0103\u021bi mai mari de ap\u0103.<\/p>","protected":false},"excerpt":{"rendered":"<ul>\n<li>Dimensiuni: 200x50x20 mm<\/li>\n<li>Greutate: 570 g<\/li>\n<li>Duritate: Lv 4<\/li>\n<li>Potrivit pentru finisarea briciurilor, cu\u021bitelor \u0219i uneltelor.<\/li>\n<li>Piatra este foarte omogen\u0103, f\u0103r\u0103 linii toxice.<\/li>\n<li>Ambele p\u0103r\u021bi sunt preg\u0103tite pentru ac\u021biune.<\/li>\n<\/ul>","protected":false},"featured_media":2564,"comment_status":"open","ping_status":"closed","template":"","meta":[],"product_brand":[],"product_cat":[22],"product_tag":[283],"class_list":{"0":"post-2563","1":"product","2":"type-product","3":"status-publish","4":"has-post-thumbnail","6":"product_cat-jnats","7":"product_tag-echter","8":"product_shipping_class-iprastas","10":"first","11":"outofstock","12":"shipping-taxable","13":"purchasable","14":"product-type-simple"},"_links":{"self":[{"href":"https:\/\/jnats.eu\/ro\/wp-json\/wp\/v2\/product\/2563","targetHints":{"allow":["GET"]}}],"collection":[{"href":"https:\/\/jnats.eu\/ro\/wp-json\/wp\/v2\/product"}],"about":[{"href":"https:\/\/jnats.eu\/ro\/wp-json\/wp\/v2\/types\/product"}],"replies":[{"embeddable":true,"href":"https:\/\/jnats.eu\/ro\/wp-json\/wp\/v2\/comments?post=2563"}],"wp:featuredmedia":[{"embeddable":true,"href":"https:\/\/jnats.eu\/ro\/wp-json\/wp\/v2\/media\/2564"}],"wp:attachment":[{"href":"https:\/\/jnats.eu\/ro\/wp-json\/wp\/v2\/media?parent=2563"}],"wp:term":[{"taxonomy":"product_brand","embeddable":true,"href":"https:\/\/jnats.eu\/ro\/wp-json\/wp\/v2\/product_brand?post=2563"},{"taxonomy":"product_cat","embeddable":true,"href":"https:\/\/jnats.eu\/ro\/wp-json\/wp\/v2\/product_cat?post=2563"},{"taxonomy":"product_tag","embeddable":true,"href":"https:\/\/jnats.eu\/ro\/wp-json\/wp\/v2\/product_tag?post=2563"}],"curies":[{"name":"wp","href":"https:\/\/api.w.org\/{rel}","templated":true}]}}