{"id":2567,"date":"2024-05-05T10:13:50","date_gmt":"2024-05-05T07:13:50","guid":{"rendered":"http:\/\/jnats.eu\/?post_type=product&#038;p=2567"},"modified":"2024-06-29T15:55:34","modified_gmt":"2024-06-29T12:55:34","slug":"charnley-forest-naturalus-britiskas-galandimo-akmuo","status":"publish","type":"product","link":"https:\/\/jnats.eu\/ro\/product-2\/charnley-forest-naturalus-britiskas-galandimo-akmuo\/","title":{"rendered":"Charnley Forest piatr\u0103 de ascu\u021bit natural\u0103 britanic\u0103"},"content":{"rendered":"<p>Piatra de copt britanic\u0103 natural\u0103 Charnley Forest este foarte tare \u0219i foarte fin\u0103, f\u0103c\u00e2nd-o perfect\u0103 pentru finisarea ascu\u021birii briciului. P\u0103durea Charnley este novaculitic\u0103 \u0219i asem\u0103n\u0103toare cu rocile din Arkansas. V\u0103 recomand\u0103m s\u0103 lucra\u021bi cu ulei, dar pute\u021bi lucra \u0219i cu ap\u0103.<\/p>\n\n\n\n<p>\u00centr-o cutie de lemn din care piatra poate fi \u00eendep\u0103rtat\u0103 cu u\u0219urin\u021b\u0103. Liniile maro sunt pu\u021bin mai aspre dec\u00e2t restul suprafe\u021bei.<\/p>","protected":false},"excerpt":{"rendered":"<ul>\n<li>Dimensiuni aprox.: 285x48x30 mm<\/li>\n<li>Greutate fara cutie: 986 g<\/li>\n<li>Greutate cu cutie: 1657 g<\/li>\n<li>Duritate: Lv 5<\/li>\n<li>Potrivit pentru finisarea cu\u021bitelor \u0219i uneltelor. Evitarea petelor maro poate fi completat\u0103 \u0219i cu aparate de ras.<\/li>\n<li>V\u0103 recomand\u0103m s\u0103 lucra\u021bi cu unsoare, dar este posibil \u0219i cu ap\u0103.<\/li>\n<\/ul>","protected":false},"featured_media":2569,"comment_status":"open","ping_status":"closed","template":"","meta":[],"product_brand":[],"product_cat":[22],"product_tag":[284],"class_list":{"0":"post-2567","1":"product","2":"type-product","3":"status-publish","4":"has-post-thumbnail","6":"product_cat-jnats","7":"product_tag-charnley-forest","8":"product_shipping_class-iprastas","10":"first","11":"outofstock","12":"shipping-taxable","13":"purchasable","14":"product-type-simple"},"_links":{"self":[{"href":"https:\/\/jnats.eu\/ro\/wp-json\/wp\/v2\/product\/2567","targetHints":{"allow":["GET"]}}],"collection":[{"href":"https:\/\/jnats.eu\/ro\/wp-json\/wp\/v2\/product"}],"about":[{"href":"https:\/\/jnats.eu\/ro\/wp-json\/wp\/v2\/types\/product"}],"replies":[{"embeddable":true,"href":"https:\/\/jnats.eu\/ro\/wp-json\/wp\/v2\/comments?post=2567"}],"wp:featuredmedia":[{"embeddable":true,"href":"https:\/\/jnats.eu\/ro\/wp-json\/wp\/v2\/media\/2569"}],"wp:attachment":[{"href":"https:\/\/jnats.eu\/ro\/wp-json\/wp\/v2\/media?parent=2567"}],"wp:term":[{"taxonomy":"product_brand","embeddable":true,"href":"https:\/\/jnats.eu\/ro\/wp-json\/wp\/v2\/product_brand?post=2567"},{"taxonomy":"product_cat","embeddable":true,"href":"https:\/\/jnats.eu\/ro\/wp-json\/wp\/v2\/product_cat?post=2567"},{"taxonomy":"product_tag","embeddable":true,"href":"https:\/\/jnats.eu\/ro\/wp-json\/wp\/v2\/product_tag?post=2567"}],"curies":[{"name":"wp","href":"https:\/\/api.w.org\/{rel}","templated":true}]}}