{"id":2580,"date":"2025-04-02T11:16:59","date_gmt":"2025-04-02T08:16:59","guid":{"rendered":"http:\/\/jnats.eu\/?post_type=product&#038;p=2580"},"modified":"2025-09-30T12:24:17","modified_gmt":"2025-09-30T09:24:17","slug":"mikawa-nagura-asano","status":"publish","type":"product","link":"https:\/\/jnats.eu\/ro\/product-2\/mikawa-nagura-asano\/","title":{"rendered":"Asano Mikawa Nagura"},"content":{"rendered":"<p>Similar altor naguras, Mikawa Asano este folosit \u00een mod tradi\u021bional pentru a crea o suspensie abraziv\u0103 pe o piatr\u0103 natural\u0103 de ascu\u021bit. Diferen\u021ba fa\u021b\u0103 de ceilal\u021bi este respectul. Asano este o \u00eencercare de a crea un sistem de clasificare gratuit care s\u0103 permit\u0103 utilizatorului s\u0103 aleag\u0103 progresia de ascu\u021bire de la grosier la fin. <\/p>\n\n\n\n<p>De fapt, o unghie, oricare dintre ele, este suficient\u0103 pentru ascu\u021bire, deoarece \u00een timpul ascu\u021birii, particulele abrazive naturale se descompun \u0219i devin mai fine. Dac\u0103 este necesar, suspensia poate fi creat\u0103 din nou folosind aceea\u0219i unghie Mikawa.  <\/p>\n\n\n\n<p>Excep\u021bia de la regul\u0103 este Muchi. Acesta din urm\u0103 poate fi prea dur \u00een unele cazuri \u0219i, \u00een general, nu este recomandabil pentru utilizare la aparate de ras. <\/p>\n\n\n\n<p>Acest tip de piatr\u0103 este extras din mina Junmikawa Shiro din districtul Kitashitara din prefectura Aichi. Roca g\u0103sit\u0103 acolo este format\u0103 din 10-12 straturi, \u00een func\u021bie de zona care a fost excavat\u0103. Dintre aceste straturi, exist\u0103 8 utilizabile \u0219i 4 dintre ele sunt cele mai populare. \u00cen zonele cu 12 straturi utilizabile, exist\u0103 dou\u0103 straturi Tenjyo diferite, precum \u0219i Yae Botan \u0219i Botan, care sunt foarte asem\u0103n\u0103toare. Ca \u0219i \u00een cazul tuturor pietrelor naturale japoneze, fiecare exemplar individual poate varia. <\/p>\n\n\n\n<p>Mikawa nagura este clasificat\u0103 de la cel mai grosier la cel mai fin dup\u0103 cum urmeaz\u0103: <strong>Mushi [\u30e0\u30b7] &gt; Ban [\u30d0\u30f3] &gt; Atsu [\u30c4] &gt; Yae Botan [\u30d0\u30f3\u30c8\u30ec\u30f3] &gt; Tenjyo [\u30c6\u30e9\u30c8\u30ec\u30f3] &gt; Mejiro [\u30db\u30fc\u30ec\u30f3] &gt; Koma [\u30de\u30de<\/strong><\/p>\n\n\n\n<p>Asano Mikawa nagura sunt clasificate \u00een func\u021bie de viteza lor de lucru, dup\u0103 cum urmeaz\u0103:<strong> Ban &gt; Koma &gt; Yae Botan &gt; Botan &gt; Atsu &gt; Tenjo &gt; Mejiro.<\/strong><\/p>\n\n\n\n<p>Clasificarea nu se potrive\u0219te \u00eentotdeauna exact cu realitatea deoarece fiecare piatr\u0103 natural\u0103 este unic\u0103 \u0219i are propriet\u0103\u021bi pu\u021bin diferite, dar \u00een majoritatea cazurilor este adev\u0103rat\u0103. <\/p>\n\n\n\n<p>Dup\u0103 ce unghiile sunt ascu\u021bite, ascu\u021birea este de obicei finalizat\u0103 pe aceea\u0219i piatr\u0103 curat\u0103 care a servit ca baz\u0103. Unele persoane termin\u0103 procesul de ascu\u021bire a briciului cu o suspensie lichid\u0103, ob\u021bin\u00e2nd astfel un b\u0103rbierit bl\u00e2nd \u0219i sigur, deoarece lama devine apoi neagresiv\u0103 pentru piele, dar totu\u0219i tunde p\u0103rul.<\/p>\n\n\n\n<figure class=\"wp-block-embed is-type-video is-provider-youtube wp-block-embed-youtube wp-embed-aspect-16-9 wp-has-aspect-ratio\"><div class=\"wp-block-embed__wrapper\">\n<div class=\"video-container\"><iframe title=\"Asano Mikawa Nagura\" width=\"1170\" height=\"658\" src=\"https:\/\/www.youtube.com\/embed\/uzbRmb6lzcI?feature=oembed\" frameborder=\"0\" allow=\"accelerometer; autoplay; clipboard-write; encrypted-media; gyroscope; picture-in-picture; web-share\" referrerpolicy=\"strict-origin-when-cross-origin\" allowfullscreen><\/iframe><\/div>\n<\/div><\/figure>","protected":false},"excerpt":{"rendered":"<ol>\n<li><strong>Botan [botan] \u2013 200 g. 85\u20ac<\/strong><\/li>\n<li><strong>Botan [botan] \u2013 130 g. 65\u20ac<\/strong><\/li>\n<li><strong>Botan [botan] \u2013 100 g. 45\u20ac<\/strong><\/li>\n<li><strong>Botan [botan] \u2013 110 g. 50\u20ac<\/strong><\/li>\n<li><strong>Botan [botan] \u2013 196 g. 82 \u20ac<\/strong><\/li>\n<li><strong>Mejiro [\u76ee\u767d] \u2013 225 g. 100\u20ac<\/strong><\/li>\n<li><strong>Mejiro [\u76ee\u767d] \u2013 124 g. 60\u20ac<\/strong><\/li>\n<li><strong>Tenjyo [\u5929\u4e0a] \u2013 120 g. 58 \u20ac<\/strong><\/li>\n<li><strong>Tenjyo [\u5929\u4e0a] \u2013 115 g. 52\u20ac\u00a0<\/strong><\/li>\n<li><strong>Com\u0103 [\u30b3\u30de] \u2013 107 g. 80\u20ac<\/strong><\/li>\n<li><strong>Com\u0103 [\u30b3\u30de] \u2013 105 g. 79 \u20ac <\/strong><strong>\u00a0<\/strong><\/li>\n<li><strong>Com\u0103 [\u30b3\u30de] \u2013 166 g. 150\u20ac<\/strong><\/li>\n<\/ol>\n<p><span style=\"color: #993300;\"><strong>Dac\u0103 nu vede\u021bi articolul \u00een lista derulant\u0103, \u00eenseamn\u0103 c\u0103 este v\u00e2ndut.<\/strong><\/span><\/p>","protected":false},"featured_media":4271,"comment_status":"open","ping_status":"closed","template":"","meta":[],"product_brand":[],"product_cat":[22],"product_tag":[285,151,153],"class_list":{"0":"post-2580","1":"product","2":"type-product","3":"status-publish","4":"has-post-thumbnail","6":"product_cat-jnats","7":"product_tag-asano","8":"product_tag-mikawa","9":"product_tag-nagura","10":"product_shipping_class-light","12":"first","13":"outofstock","14":"shipping-taxable","15":"product-type-variable"},"_links":{"self":[{"href":"https:\/\/jnats.eu\/ro\/wp-json\/wp\/v2\/product\/2580","targetHints":{"allow":["GET"]}}],"collection":[{"href":"https:\/\/jnats.eu\/ro\/wp-json\/wp\/v2\/product"}],"about":[{"href":"https:\/\/jnats.eu\/ro\/wp-json\/wp\/v2\/types\/product"}],"replies":[{"embeddable":true,"href":"https:\/\/jnats.eu\/ro\/wp-json\/wp\/v2\/comments?post=2580"}],"wp:featuredmedia":[{"embeddable":true,"href":"https:\/\/jnats.eu\/ro\/wp-json\/wp\/v2\/media\/4271"}],"wp:attachment":[{"href":"https:\/\/jnats.eu\/ro\/wp-json\/wp\/v2\/media?parent=2580"}],"wp:term":[{"taxonomy":"product_brand","embeddable":true,"href":"https:\/\/jnats.eu\/ro\/wp-json\/wp\/v2\/product_brand?post=2580"},{"taxonomy":"product_cat","embeddable":true,"href":"https:\/\/jnats.eu\/ro\/wp-json\/wp\/v2\/product_cat?post=2580"},{"taxonomy":"product_tag","embeddable":true,"href":"https:\/\/jnats.eu\/ro\/wp-json\/wp\/v2\/product_tag?post=2580"}],"curies":[{"name":"wp","href":"https:\/\/api.w.org\/{rel}","templated":true}]}}