{"id":2618,"date":"2024-05-08T13:30:08","date_gmt":"2024-05-08T10:30:08","guid":{"rendered":"http:\/\/jnats.eu\/?post_type=product&#038;p=2618"},"modified":"2024-08-26T19:59:17","modified_gmt":"2024-08-26T16:59:17","slug":"surgical-black-arkansas-amerikietiskas-galandinimo-akmuo","status":"publish","type":"product","link":"https:\/\/jnats.eu\/ro\/product-2\/surgical-black-arkansas-amerikietiskas-galandinimo-akmuo\/","title":{"rendered":"Surgical negru Arkansas American Honing Stone"},"content":{"rendered":"<p>Piatra de ascu\u021bit Surgical Black Arkansas are aproximativ 4000-6000 granula\u021bie. Dup\u0103 cum sugereaz\u0103 \u0219i numele, va crea o lam\u0103 foarte ascu\u021bit\u0103, ca un bisturiu. Suficient de lung \u0219i de lat pentru toate sarcinile de ascu\u021bit, de la cu\u021bite de buc\u0103t\u0103rie la diverse unelte de prelucrare a lemnului la aparate de ras. Piatra este \u00eentr-o cutie de lemn separat\u0103 pentru depozitare \u0219i transport.<\/p>\n\n\n\n<p><br>Cel mai bine este s\u0103 folosi\u021bi ulei mineral, ulei pentru copii, ulei special de ascu\u021bit sau ulei de m\u0103sline pentru toate pietrele din Arkansas. Aplica\u021bi c\u00e2teva pic\u0103turi pe suprafa\u021ba pietrei \u0219i va ajuta la prevenirea \u00eenfund\u0103rii pietrei, va reduce frecarea \u00een timpul ascu\u021birii \u0219i va men\u021bine piatra curat\u0103. Se poate folosi \u0219i ap\u0103, dar unguentul d\u0103 un rezultat pu\u021bin mai bun. Utilizarea apei va face, de asemenea, cur\u0103\u021barea pietrei pu\u021bin mai dificil\u0103. Mai ales dac\u0103 a\u021bi mai folosit o piatr\u0103 cu ulei \u00eenainte.<\/p>\n\n\n\n<p>Aceste pietre naturale sunt foarte dure \u0219i nu trebuie s\u0103 fie netezite la fel de des ca majoritatea pietrelor sintetice. <\/p>","protected":false},"excerpt":{"rendered":"<ul>\n<li>Dimensiuni aprox.: 103x49x13 mm<\/li>\n<li>Greutate fara cutie: 357 g<\/li>\n<li>Greutate cu cutie: 606 g<\/li>\n<li>Duritate: Lv 5<\/li>\n<li>Potrivit pentru finisarea briciurilor, cu\u021bitelor \u0219i uneltelor.<\/li>\n<li>V\u0103 recomand\u0103m s\u0103 lucra\u021bi cu unsoare, dar este posibil \u0219i cu ap\u0103.<\/li>\n<\/ul>","protected":false},"featured_media":2622,"comment_status":"open","ping_status":"closed","template":"","meta":[],"product_brand":[],"product_cat":[22],"product_tag":[288,286,287],"class_list":{"0":"post-2618","1":"product","2":"type-product","3":"status-publish","4":"has-post-thumbnail","6":"product_cat-jnats","7":"product_tag-arkansas","8":"product_tag-black","9":"product_tag-surgical","10":"product_shipping_class-iprastas","12":"first","13":"outofstock","14":"shipping-taxable","15":"purchasable","16":"product-type-simple"},"_links":{"self":[{"href":"https:\/\/jnats.eu\/ro\/wp-json\/wp\/v2\/product\/2618","targetHints":{"allow":["GET"]}}],"collection":[{"href":"https:\/\/jnats.eu\/ro\/wp-json\/wp\/v2\/product"}],"about":[{"href":"https:\/\/jnats.eu\/ro\/wp-json\/wp\/v2\/types\/product"}],"replies":[{"embeddable":true,"href":"https:\/\/jnats.eu\/ro\/wp-json\/wp\/v2\/comments?post=2618"}],"wp:featuredmedia":[{"embeddable":true,"href":"https:\/\/jnats.eu\/ro\/wp-json\/wp\/v2\/media\/2622"}],"wp:attachment":[{"href":"https:\/\/jnats.eu\/ro\/wp-json\/wp\/v2\/media?parent=2618"}],"wp:term":[{"taxonomy":"product_brand","embeddable":true,"href":"https:\/\/jnats.eu\/ro\/wp-json\/wp\/v2\/product_brand?post=2618"},{"taxonomy":"product_cat","embeddable":true,"href":"https:\/\/jnats.eu\/ro\/wp-json\/wp\/v2\/product_cat?post=2618"},{"taxonomy":"product_tag","embeddable":true,"href":"https:\/\/jnats.eu\/ro\/wp-json\/wp\/v2\/product_tag?post=2618"}],"curies":[{"name":"wp","href":"https:\/\/api.w.org\/{rel}","templated":true}]}}