{"id":2623,"date":"2024-05-08T13:41:39","date_gmt":"2024-05-08T10:41:39","guid":{"rendered":"http:\/\/jnats.eu\/?post_type=product&#038;p=2623"},"modified":"2024-11-19T14:20:29","modified_gmt":"2024-11-19T12:20:29","slug":"translucent-hard-arkansas-ir-whale-oil-stone-mini-akmenu-komplektas","status":"publish","type":"product","link":"https:\/\/jnats.eu\/ro\/product-2\/translucent-hard-arkansas-ir-whale-oil-stone-mini-akmenu-komplektas\/","title":{"rendered":"Translucid Hard Arkansas \u0219i Whale Oil piatr\u0103 mini set de piatr\u0103"},"content":{"rendered":"<p>Piatra de \u0219lefuit Hard Arkansas are aproximativ 10.000 de granula\u021bii. Aceasta va produce lame foarte ascu\u021bite. <\/p>\n\n\n\n<p>Pentru toate pietrele Arkansas, cel mai bine este s\u0103 folosi\u021bi ulei mineral, ulei pentru bebelu\u0219i, ulei special de ascu\u021bit sau ulei de m\u0103sline. C\u00e2teva pic\u0103turi pe suprafa\u021ba pietrei vor ajuta la prevenirea \u00eenfund\u0103rii, vor reduce frecarea \u00een timpul ascu\u021birii \u0219i vor men\u021bine piatra curat\u0103. Se poate folosi \u0219i ap\u0103, dar uleiul d\u0103 un rezultat pu\u021bin mai bun. Utilizarea apei va face, de asemenea, cur\u0103\u021barea pietrei pu\u021bin mai dificil\u0103. Mai ales dac\u0103 a\u021bi folosit o piatr\u0103 cu ulei \u00eenainte.<\/p>\n\n\n\n<p>Aceste pietre naturale sunt foarte dure \u0219i nu trebuie s\u0103 fie netezite la fel de des ca majoritatea pietrelor sintetice.<\/p>\n\n\n\n<p>Piatra de ulei de balen\u0103 are o dimensiune a granulelor de aproximativ 3000. Se lucreaz\u0103 cu lubrifiant.<\/p>","protected":false},"excerpt":{"rendered":"<p><strong>Translucid Hard Arkansas<\/strong><\/p>\n<ul>\n<li>Dimensiuni: 99x25x12 mm<\/li>\n<li>Greutate: 83 g<\/li>\n<li>Duritate: Lv 5<\/li>\n<li>Potrivit pentru finisarea briciurilor, cu\u021bitelor \u0219i uneltelor.<\/li>\n<li>V\u0103 recomand\u0103m s\u0103 lucra\u021bi cu unsoare, dar este posibil \u0219i cu ap\u0103.<\/li>\n<\/ul>\n<p><strong>Piatra de ulei de balen\u0103<\/strong><\/p>\n<ul>\n<li>Dimensiuni: 103x21x13 mm<\/li>\n<li>Greutate: 79 g<\/li>\n<li>Granula\u021bia: #3000<\/li>\n<li>Potrivit pentru ascu\u021birea briciurilor, cu\u021bitelor \u0219i uneltelor.<\/li>\n<li>V\u0103 recomand\u0103m s\u0103 lucra\u021bi cu lubrifiant.<\/li>\n<\/ul>\n<p>&nbsp;<\/p>","protected":false},"featured_media":2624,"comment_status":"open","ping_status":"closed","template":"","meta":[],"product_brand":[],"product_cat":[22],"product_tag":[288,289],"class_list":{"0":"post-2623","1":"product","2":"type-product","3":"status-publish","4":"has-post-thumbnail","6":"product_cat-jnats","7":"product_tag-arkansas","8":"product_tag-translucent-hard-arkansas","9":"product_shipping_class-iprastas","11":"first","12":"outofstock","13":"shipping-taxable","14":"purchasable","15":"product-type-simple"},"_links":{"self":[{"href":"https:\/\/jnats.eu\/ro\/wp-json\/wp\/v2\/product\/2623","targetHints":{"allow":["GET"]}}],"collection":[{"href":"https:\/\/jnats.eu\/ro\/wp-json\/wp\/v2\/product"}],"about":[{"href":"https:\/\/jnats.eu\/ro\/wp-json\/wp\/v2\/types\/product"}],"replies":[{"embeddable":true,"href":"https:\/\/jnats.eu\/ro\/wp-json\/wp\/v2\/comments?post=2623"}],"wp:featuredmedia":[{"embeddable":true,"href":"https:\/\/jnats.eu\/ro\/wp-json\/wp\/v2\/media\/2624"}],"wp:attachment":[{"href":"https:\/\/jnats.eu\/ro\/wp-json\/wp\/v2\/media?parent=2623"}],"wp:term":[{"taxonomy":"product_brand","embeddable":true,"href":"https:\/\/jnats.eu\/ro\/wp-json\/wp\/v2\/product_brand?post=2623"},{"taxonomy":"product_cat","embeddable":true,"href":"https:\/\/jnats.eu\/ro\/wp-json\/wp\/v2\/product_cat?post=2623"},{"taxonomy":"product_tag","embeddable":true,"href":"https:\/\/jnats.eu\/ro\/wp-json\/wp\/v2\/product_tag?post=2623"}],"curies":[{"name":"wp","href":"https:\/\/api.w.org\/{rel}","templated":true}]}}