{"id":265,"date":"2024-02-27T11:59:19","date_gmt":"2024-02-27T09:59:19","guid":{"rendered":"http:\/\/jnats.eu\/?post_type=product&#038;p=265"},"modified":"2025-09-03T00:47:47","modified_gmt":"2025-09-02T21:47:47","slug":"suita-momiji-tomono","status":"publish","type":"product","link":"https:\/\/jnats.eu\/ro\/product-2\/suita-momiji-tomono\/","title":{"rendered":"Suita Momiji Tomono Piatr\u0103 natural\u0103 japonez\u0103 pentru ascu\u021bit"},"content":{"rendered":"<p>V\u0103 prezent\u0103m piatra de ascu\u021bit japonez\u0103 Suita Momiji Tomono - dezv\u0103luind cele mai bune propriet\u0103\u021bi ale cu\u021bitelor.<\/p>\n\n\n\n<p>\u00cembun\u0103t\u0103\u021bi\u021bi-v\u0103 experien\u021ba de ascu\u021bire cu Suita Momiji Tomono Japanese Sharpening Stone, un instrument exclusiv conceput pentru a \u0219lefui lamele la perfec\u021biune cu o precizie de neegalat. Aleas\u0103 cu grij\u0103 \u0219i realizat\u0103 cu experien\u021b\u0103, piatra Suita este venerat\u0103 \u00een r\u00e2ndul entuzia\u0219tilor \u0219i profesioni\u0219tilor pentru calit\u0103\u021bile sale excep\u021bionale, \u00een special pentru viteza de lucru.<\/p>\n\n\n\n<p><strong>Caracteristici principale:<\/strong><\/p>\n\n\n\n<p>Netezime abraziv\u0103 \u0219i versatilitate: Piatra Suita se m\u00e2ndre\u0219te cu un nivel uniform de granula\u021bie. Indiferent dac\u0103 dori\u021bi s\u0103 restaura\u021bi o lam\u0103 de cu\u021bit tocit\u0103 sau s\u0103 \u00eembun\u0103t\u0103\u021bi\u021bi ascu\u021birea altor unelte, aceast\u0103 piatr\u0103 se adapteaz\u0103 cu u\u0219urin\u021b\u0103 nevoilor dvs. de ascu\u021bire.<\/p>\n\n\n\n<p>Compozi\u021bie natural\u0103: Originar\u0103 din peisajul geologic bogat al Japoniei, piatra Suita este o minune natural\u0103 cu o compozi\u021bie unic\u0103 care o diferen\u021biaz\u0103. Structura sa bogat\u0103 \u00een minerale contribuie la capacitatea pietrei de a crea muchii ascu\u021bite \u0219i un finisaj ca o oglind\u0103 pe cu\u021bite.<\/p>\n\n\n\n<p>Aplica\u021bie universal\u0103: Piatra Suita este perfect\u0103 pentru ascu\u021birea cu\u021bitelor de buc\u0103t\u0103rie, uneltelor de prelucrat lemnul, aparatelor de ras etc. Datorit\u0103 versatilit\u0103\u021bii sale, este un \u00eenso\u021bitor indispensabil pentru profesioni\u0219tii \u0219i amatorii culinari care se str\u0103duiesc pentru cea mai mare precizie \u00een munca lor.<\/p>\n\n\n\n<p>M\u0103iestrie profesional\u0103: Fiecare piatr\u0103 Suita este lucrat\u0103 cu meticulozitate, asigur\u00e2nd uniformitate \u0219i consisten\u021b\u0103. Durabilitatea \u0219i longevitatea pietrei o fac o investi\u021bie \u00een\u021beleapt\u0103 pentru cei care apreciaz\u0103 excelen\u021ba \u00een \u00eengrijirea cu\u021bitului.<\/p>\n\n\n\n<p>U\u0219urin\u021b\u0103 \u00een utilizare: Piatra Suita este convenabil\u0103, chiar \u0219i pentru cei care \u00eencep s\u0103 se ascute singuri. Compozi\u021bia sa faciliteaz\u0103 \u0219lefuirea eficient\u0103 a metalului, previne \u00eenfundarea \u0219i asigur\u0103 o ascu\u021bire lin\u0103.<\/p>\n\n\n\n<p>Instructiuni de intretinere si utilizare:<\/p>\n\n\n\n<p>Pentru a maximiza durata de via\u021b\u0103 \u0219i eficacitatea pietrei Suita, se recomand\u0103 s\u0103 lucra\u021bi cu ap\u0103 cald\u0103. <\/p>\n\n\n\n<p>\u00cembun\u0103t\u0103\u021bi\u021bi-v\u0103 ritualurile de ascu\u021bire cu piatra de ascu\u021bit japonez\u0103 Suita \u2013 unde tradi\u021bia se \u00eent\u00e2lne\u0219te cu precizia. Investe\u0219te \u00een m\u0103iestrie \u0219i bucur\u0103-te de ascu\u021bitul \u0219i durabilitatea cu\u021bitelor tale ca niciodat\u0103.<\/p>\n\n\n\n<figure class=\"wp-block-embed is-type-video is-provider-youtube wp-block-embed-youtube wp-embed-aspect-16-9 wp-has-aspect-ratio\"><div class=\"wp-block-embed__wrapper\">\n<div class=\"video-container\"><iframe title=\"Pietre naturale japoneze de ascu\u021bit: Aiwatani, Wakasa, Suita Momiji Tomono\" width=\"1170\" height=\"658\" src=\"https:\/\/www.youtube.com\/embed\/l3u342Q8jTo?start=501&#038;feature=oembed\" frameborder=\"0\" allow=\"accelerometer; autoplay; clipboard-write; encrypted-media; gyroscope; picture-in-picture; web-share\" referrerpolicy=\"strict-origin-when-cross-origin\" allowfullscreen><\/iframe><\/div>\n<\/div><\/figure>\n\n\n\n<p>Principalele avantaje ale pietrelor naturale japoneze de ascu\u021bit:<\/p>\n\n\n\n<ul class=\"wp-block-list\">\n<li>Uneltele r\u0103m\u00e2n ascu\u021bite mai mult timp<\/li>\n\n\n\n<li>Pietrele nu se contamineaz\u0103 cu de\u0219euri metalice<\/li>\n\n\n\n<li>U\u0219or de \u00eendep\u0103rtat supapa de poart\u0103<\/li>\n\n\n\n<li>Un r\u0103spuns uimitor care v\u0103 permite s\u0103 sim\u021bi\u021bi exact ce se \u00eent\u00e2mpl\u0103 pe suprafa\u021ba metalic\u0103.<\/li>\n<\/ul>","protected":false},"excerpt":{"rendered":"<ul>\n<li><strong>Duritate: Lv 4,5<\/strong><\/li>\n<li><strong>Dimensiuni: 207x78x47 mm<\/strong><\/li>\n<li><strong>Greutate: 1850 g<\/strong><\/li>\n<li><strong>Liniile vizibile sunt complet sigure \u0219i nu interfereaz\u0103 c\u00e2tu\u0219i de pu\u021bin cu ascu\u021birea.<\/strong><\/li>\n<li>O piatr\u0103 ultra-rapid\u0103, curat\u0103, cu o structur\u0103 omogen\u0103, a c\u0103rei dimensiune va fi suficient\u0103 de mai multe ori. Potrivit pentru finisarea cu\u021bitelor de ascu\u021bit, t\u00e2mpl\u0103rie \u0219i alte unelte. Pentru aparate de ras \u2013 prefinisare. La fel ca majoritatea pietrelor naturale japoneze, aceast\u0103 Suita asigur\u0103 o durat\u0103 lung\u0103 de via\u021b\u0103 a lamei \u0219i o ascu\u021bire bun\u0103.<\/li>\n<\/ul>","protected":false},"featured_media":1172,"comment_status":"open","ping_status":"closed","template":"","meta":[],"product_brand":[],"product_cat":[22],"product_tag":[62,50,63],"class_list":{"0":"post-265","1":"product","2":"type-product","3":"status-publish","4":"has-post-thumbnail","6":"product_cat-jnats","7":"product_tag-momiji","8":"product_tag-suita","9":"product_tag-tomono","10":"product_shipping_class-iprastas","12":"first","13":"outofstock","14":"sale","15":"shipping-taxable","16":"purchasable","17":"product-type-simple"},"_links":{"self":[{"href":"https:\/\/jnats.eu\/ro\/wp-json\/wp\/v2\/product\/265","targetHints":{"allow":["GET"]}}],"collection":[{"href":"https:\/\/jnats.eu\/ro\/wp-json\/wp\/v2\/product"}],"about":[{"href":"https:\/\/jnats.eu\/ro\/wp-json\/wp\/v2\/types\/product"}],"replies":[{"embeddable":true,"href":"https:\/\/jnats.eu\/ro\/wp-json\/wp\/v2\/comments?post=265"}],"wp:featuredmedia":[{"embeddable":true,"href":"https:\/\/jnats.eu\/ro\/wp-json\/wp\/v2\/media\/1172"}],"wp:attachment":[{"href":"https:\/\/jnats.eu\/ro\/wp-json\/wp\/v2\/media?parent=265"}],"wp:term":[{"taxonomy":"product_brand","embeddable":true,"href":"https:\/\/jnats.eu\/ro\/wp-json\/wp\/v2\/product_brand?post=265"},{"taxonomy":"product_cat","embeddable":true,"href":"https:\/\/jnats.eu\/ro\/wp-json\/wp\/v2\/product_cat?post=265"},{"taxonomy":"product_tag","embeddable":true,"href":"https:\/\/jnats.eu\/ro\/wp-json\/wp\/v2\/product_tag?post=265"}],"curies":[{"name":"wp","href":"https:\/\/api.w.org\/{rel}","templated":true}]}}