{"id":2650,"date":"2024-05-13T08:02:41","date_gmt":"2024-05-13T05:02:41","guid":{"rendered":"http:\/\/jnats.eu\/?post_type=product&#038;p=2650"},"modified":"2025-06-05T08:27:12","modified_gmt":"2025-06-05T05:27:12","slug":"naniwa-super-stone-s2000-wa-with-stand-grit-2000","status":"publish","type":"product","link":"https:\/\/jnats.eu\/ro\/product-2\/naniwa-super-stone-s2000-wa-with-stand-grit-2000\/","title":{"rendered":"Naniwa Super Stone S2000 WA cu Stand Grit #2000"},"content":{"rendered":"<ul class=\"wp-block-list\">\n<li>Folosit atunci c\u00e2nd ascu\u021birea lamei se deterioreaz\u0103 sau pentru \u00eentre\u021binerea zilnic\u0103. Foarte apreciat de ascu\u021bitoarele de brici pentru munca sa bl\u00e2nd\u0103. De asemenea, a func\u021bionat bine la ascu\u021birea o\u021belului fragil. Datorit\u0103 liantului moale, acestea func\u021bioneaz\u0103 mult mai fin dec\u00e2t pietrele dure de aceea\u0219i dimensiune a granulelor.&nbsp;<\/li>\n\n\n\n<li>Liant de r\u0103\u0219in\u0103<\/li>\n\n\n\n<li>Oxid de aluminiu alb<\/li>\n\n\n\n<li>Granula\u021bie: #2000<\/li>\n\n\n\n<li>Nu este nevoie s\u0103 v\u0103 \u00eenmuia\u021bi<\/li>\n\n\n\n<li>Dimensiuni: 210 x 70 x 10 mm<\/li>\n<\/ul>","protected":false},"excerpt":{"rendered":"<ul>\n<li>Folosit atunci c\u00e2nd ascu\u021birea lamei se deterioreaz\u0103 sau pentru \u00eentre\u021binerea zilnic\u0103. Foarte apreciat de ascu\u021bitoarele de brici pentru munca sa bl\u00e2nd\u0103. De asemenea, a func\u021bionat bine la ascu\u021birea o\u021belului fragil. Datorit\u0103 liantului moale, acestea func\u021bioneaz\u0103 mult mai fin dec\u00e2t pietrele dure de aceea\u0219i dimensiune a granulelor.<\/li>\n<li>Liant de r\u0103\u0219in\u0103<\/li>\n<li>Oxid de aluminiu alb<\/li>\n<li>Granula\u021bie: #2000<\/li>\n<li>Nu este nevoie s\u0103 v\u0103 \u00eenmuia\u021bi<\/li>\n<li>Dimensiuni: 210 x 70 x 10 mm<\/li>\n<\/ul>","protected":false},"featured_media":2651,"comment_status":"open","ping_status":"closed","template":"","meta":[],"product_brand":[],"product_cat":[290],"product_tag":[197,291],"class_list":{"0":"post-2650","1":"product","2":"type-product","3":"status-publish","4":"has-post-thumbnail","6":"product_cat-whetstones","7":"product_tag-naniwa","8":"product_tag-super-stone","9":"product_shipping_class-iprastas","11":"first","12":"instock","13":"sale","14":"shipping-taxable","15":"purchasable","16":"product-type-simple"},"_links":{"self":[{"href":"https:\/\/jnats.eu\/ro\/wp-json\/wp\/v2\/product\/2650","targetHints":{"allow":["GET"]}}],"collection":[{"href":"https:\/\/jnats.eu\/ro\/wp-json\/wp\/v2\/product"}],"about":[{"href":"https:\/\/jnats.eu\/ro\/wp-json\/wp\/v2\/types\/product"}],"replies":[{"embeddable":true,"href":"https:\/\/jnats.eu\/ro\/wp-json\/wp\/v2\/comments?post=2650"}],"wp:featuredmedia":[{"embeddable":true,"href":"https:\/\/jnats.eu\/ro\/wp-json\/wp\/v2\/media\/2651"}],"wp:attachment":[{"href":"https:\/\/jnats.eu\/ro\/wp-json\/wp\/v2\/media?parent=2650"}],"wp:term":[{"taxonomy":"product_brand","embeddable":true,"href":"https:\/\/jnats.eu\/ro\/wp-json\/wp\/v2\/product_brand?post=2650"},{"taxonomy":"product_cat","embeddable":true,"href":"https:\/\/jnats.eu\/ro\/wp-json\/wp\/v2\/product_cat?post=2650"},{"taxonomy":"product_tag","embeddable":true,"href":"https:\/\/jnats.eu\/ro\/wp-json\/wp\/v2\/product_tag?post=2650"}],"curies":[{"name":"wp","href":"https:\/\/api.w.org\/{rel}","templated":true}]}}