{"id":2652,"date":"2024-05-13T08:07:31","date_gmt":"2024-05-13T05:07:31","guid":{"rendered":"http:\/\/jnats.eu\/?post_type=product&#038;p=2652"},"modified":"2024-06-01T09:53:05","modified_gmt":"2024-06-01T06:53:05","slug":"naniwa-super-stone-s10000-wa-with-stand-grit-10000","status":"publish","type":"product","link":"https:\/\/jnats.eu\/ro\/product-2\/naniwa-super-stone-s10000-wa-with-stand-grit-10000\/","title":{"rendered":"Naniwa Super Stone S10000 WA cu Stand Grit #10000"},"content":{"rendered":"","protected":false},"excerpt":{"rendered":"<ul>\n<li>Folosit pentru lustruire \u0219i finisare ultra-ascu\u021bit\u0103. Foarte apreciat de ascu\u021bitoarele de brici pentru munca sa bl\u00e2nd\u0103. De asemenea, a func\u021bionat bine la ascu\u021birea o\u021belului fragil. Datorit\u0103 liantului moale, acestea func\u021bioneaz\u0103 mult mai fin dec\u00e2t pietrele dure de aceea\u0219i dimensiune a granulelor.<\/li>\n<li>Liant de r\u0103\u0219in\u0103<\/li>\n<li>Oxid de aluminiu alb<\/li>\n<li>Granula\u021bie: #10000<\/li>\n<li>Nu este nevoie s\u0103 v\u0103 \u00eenmuia\u021bi<\/li>\n<li>Dimensiuni: 210 x 70 x 10 mm<\/li>\n<\/ul>","protected":false},"featured_media":2653,"comment_status":"open","ping_status":"closed","template":"","meta":[],"product_brand":[],"product_cat":[290],"product_tag":[],"class_list":{"0":"post-2652","1":"product","2":"type-product","3":"status-publish","4":"has-post-thumbnail","6":"product_cat-whetstones","7":"product_shipping_class-iprastas","9":"first","10":"outofstock","11":"shipping-taxable","12":"purchasable","13":"product-type-simple"},"_links":{"self":[{"href":"https:\/\/jnats.eu\/ro\/wp-json\/wp\/v2\/product\/2652","targetHints":{"allow":["GET"]}}],"collection":[{"href":"https:\/\/jnats.eu\/ro\/wp-json\/wp\/v2\/product"}],"about":[{"href":"https:\/\/jnats.eu\/ro\/wp-json\/wp\/v2\/types\/product"}],"replies":[{"embeddable":true,"href":"https:\/\/jnats.eu\/ro\/wp-json\/wp\/v2\/comments?post=2652"}],"wp:featuredmedia":[{"embeddable":true,"href":"https:\/\/jnats.eu\/ro\/wp-json\/wp\/v2\/media\/2653"}],"wp:attachment":[{"href":"https:\/\/jnats.eu\/ro\/wp-json\/wp\/v2\/media?parent=2652"}],"wp:term":[{"taxonomy":"product_brand","embeddable":true,"href":"https:\/\/jnats.eu\/ro\/wp-json\/wp\/v2\/product_brand?post=2652"},{"taxonomy":"product_cat","embeddable":true,"href":"https:\/\/jnats.eu\/ro\/wp-json\/wp\/v2\/product_cat?post=2652"},{"taxonomy":"product_tag","embeddable":true,"href":"https:\/\/jnats.eu\/ro\/wp-json\/wp\/v2\/product_tag?post=2652"}],"curies":[{"name":"wp","href":"https:\/\/api.w.org\/{rel}","templated":true}]}}