{"id":2656,"date":"2024-05-13T08:13:00","date_gmt":"2024-05-13T05:13:00","guid":{"rendered":"http:\/\/jnats.eu\/?post_type=product&#038;p=2656"},"modified":"2026-01-05T10:48:33","modified_gmt":"2026-01-05T08:48:33","slug":"naniwa-super-stone-s3000-wa-with-stand-grit-3000","status":"publish","type":"product","link":"https:\/\/jnats.eu\/ro\/product-2\/naniwa-super-stone-s3000-wa-with-stand-grit-3000\/","title":{"rendered":"Naniwa Super Stone S3000 WA cu Stand Grit #3000"},"content":{"rendered":"<figure class=\"wp-block-embed is-type-video is-provider-youtube wp-block-embed-youtube wp-embed-aspect-16-9 wp-has-aspect-ratio\"><div class=\"wp-block-embed__wrapper\">\n<div class=\"video-container\"><iframe title=\"Cu\u021bit din o\u021bel pulbere de ascu\u021bit | Naniwa Super Stone #3000 \u0219i #8000\" width=\"1170\" height=\"658\" src=\"https:\/\/www.youtube.com\/embed\/t_jQgegySmQ?feature=oembed\" frameborder=\"0\" allow=\"accelerometer; autoplay; clipboard-write; encrypted-media; gyroscope; picture-in-picture; web-share\" referrerpolicy=\"strict-origin-when-cross-origin\" allowfullscreen><\/iframe><\/div>\n<\/div><\/figure>","protected":false},"excerpt":{"rendered":"<ul>\n<li>Folosit pentru finisarea cu\u021bitelor \u0219i pentru etapa intermediar\u0103 de ascu\u021bire a aparatelor de ras. Foarte apreciat de ascu\u021bitoarele de ras pentru munca sa bl\u00e2nd\u0103. De asemenea, a func\u021bionat bine la ascu\u021birea o\u021belului fragil. Datorit\u0103 liantului moale, acestea func\u021bioneaz\u0103 mult mai fin dec\u00e2t pietrele dure de aceea\u0219i dimensiune a granulelor.<\/li>\n<li>Liant de r\u0103\u0219in\u0103<\/li>\n<li>Oxid de aluminiu alb<\/li>\n<li>Granula\u021bia: #3000<\/li>\n<li>Nu este nevoie s\u0103 v\u0103 \u00eenmuia\u021bi, doar stropi\u021bi cu ap\u0103 (Splash&amp;Go)<\/li>\n<li>Dimensiuni: 210 x 70 x 10 mm<\/li>\n<\/ul>","protected":false},"featured_media":2657,"comment_status":"open","ping_status":"closed","template":"","meta":[],"product_brand":[],"product_cat":[290],"product_tag":[197],"class_list":{"0":"post-2656","1":"product","2":"type-product","3":"status-publish","4":"has-post-thumbnail","6":"product_cat-whetstones","7":"product_tag-naniwa","8":"product_shipping_class-iprastas","10":"first","11":"outofstock","12":"sale","13":"shipping-taxable","14":"purchasable","15":"product-type-simple"},"_links":{"self":[{"href":"https:\/\/jnats.eu\/ro\/wp-json\/wp\/v2\/product\/2656","targetHints":{"allow":["GET"]}}],"collection":[{"href":"https:\/\/jnats.eu\/ro\/wp-json\/wp\/v2\/product"}],"about":[{"href":"https:\/\/jnats.eu\/ro\/wp-json\/wp\/v2\/types\/product"}],"replies":[{"embeddable":true,"href":"https:\/\/jnats.eu\/ro\/wp-json\/wp\/v2\/comments?post=2656"}],"wp:featuredmedia":[{"embeddable":true,"href":"https:\/\/jnats.eu\/ro\/wp-json\/wp\/v2\/media\/2657"}],"wp:attachment":[{"href":"https:\/\/jnats.eu\/ro\/wp-json\/wp\/v2\/media?parent=2656"}],"wp:term":[{"taxonomy":"product_brand","embeddable":true,"href":"https:\/\/jnats.eu\/ro\/wp-json\/wp\/v2\/product_brand?post=2656"},{"taxonomy":"product_cat","embeddable":true,"href":"https:\/\/jnats.eu\/ro\/wp-json\/wp\/v2\/product_cat?post=2656"},{"taxonomy":"product_tag","embeddable":true,"href":"https:\/\/jnats.eu\/ro\/wp-json\/wp\/v2\/product_tag?post=2656"}],"curies":[{"name":"wp","href":"https:\/\/api.w.org\/{rel}","templated":true}]}}