{"id":2659,"date":"2024-05-13T08:28:21","date_gmt":"2024-05-13T05:28:21","guid":{"rendered":"http:\/\/jnats.eu\/?post_type=product&#038;p=2659"},"modified":"2026-04-01T11:53:42","modified_gmt":"2026-04-01T08:53:42","slug":"naniwa-220-pa-bgs-022p-pink-alumina-traditional-whetstone","status":"publish","type":"product","link":"https:\/\/jnats.eu\/ro\/product-2\/naniwa-220-pa-bgs-022p-pink-alumina-traditional-whetstone\/","title":{"rendered":"Naniwa #220 PA BGS-022p Aluminiu roz Piatr\u0103 de \u0219lefuit tradi\u021bional\u0103"},"content":{"rendered":"<p>Naniwa 220 Grit Pink Alumina Traditional Waterstone este similar cu pietrele din seria Naniwa Traditional, dar a fost proiectat sa se poarte mai incet si sa lucreze mai repede.<\/p>\n\n\n\n<figure class=\"wp-block-embed is-type-video is-provider-youtube wp-block-embed-youtube wp-embed-aspect-16-9 wp-has-aspect-ratio\"><div class=\"wp-block-embed__wrapper\">\n<div class=\"video-container\"><iframe title=\"Naniwa Pink Aluminium Oxide Whetstone Test cu Shirogami Honyaki\" width=\"1170\" height=\"658\" src=\"https:\/\/www.youtube.com\/embed\/DuBMwsrQGaY?feature=oembed\" frameborder=\"0\" allow=\"accelerometer; autoplay; clipboard-write; encrypted-media; gyroscope; picture-in-picture; web-share\" referrerpolicy=\"strict-origin-when-cross-origin\" allowfullscreen><\/iframe><\/div>\n<\/div><\/figure>\n\n\n\n<p>Pietrele tradi\u021bionale de ap\u0103 Naniwa ofer\u0103 un echilibru excelent \u00eentre pre\u021b \u0219i caracteristici. Ob\u021bine\u021bi calitatea \u0219i aten\u021bia pe care Naniwa le pune \u00een toate pietrele sale, dar f\u0103r\u0103 a fi nevoit s\u0103 pl\u0103ti\u021bi pre\u021bul mai mare al liniilor de piatr\u0103 mai scumpe. Spre deosebire de pietrele Super, acestea au un liant tradi\u021bional care absoarbe apa. V\u0103 recomand\u0103m s\u0103 v\u0103 \u00eenmuia\u021bi \u00een ap\u0103 \u00eenainte de utilizare.<\/p>\n\n\n\n<p>Cutia are un cadru \u00een partea de sus, datorit\u0103 c\u0103ruia se poate pune o piatr\u0103 deasupra pentru lucru. Cutia are picioare de cauciuc \u0219i orificii de aerisire, astfel \u00eenc\u00e2t piatra poate fi plasat\u0103 \u00een interior \u0219i \u00eenchis\u0103 imediat dup\u0103 lucru.<\/p>\n\n\n\n<p>Fabricat\u0103 din oxid de aluminiu roz, care este mai dur \u0219i mai durabil dec\u00e2t oxidul de aluminiu alb obi\u0219nuit sau carbura de siliciu utilizate \u00een alte pietre de \u0219lefuit. Alumina roz con\u021bine aditivi de oxid de crom care \u00eei confer\u0103 culoarea roz \u0219i \u00eei sporesc duritatea \u0219i rezisten\u021ba la abraziune.<\/p>\n\n\n\n<p><strong>Avantaje<\/strong>:<\/p>\n\n\n\n<ul class=\"wp-block-list\">\n<li><strong>Durabilitate<\/strong>R: Oxidul de aluminiu roz se uzeaz\u0103 mai lent dec\u00e2t carbura de siliciu, astfel \u00eenc\u00e2t piatra \u00ee\u0219i p\u0103streaz\u0103 forma mai mult timp.<\/li>\n\n\n\n<li><strong>Eficien\u021b\u0103<\/strong>: Ofer\u0103 o vitez\u0103 bun\u0103 de \u0219lefuire, dar este mai pu\u021bin agresiv\u0103 dec\u00e2t pietrele din carbur\u0103 de siliciu, astfel \u00eenc\u00e2t nu deterioreaz\u0103 suprafa\u021ba metalic\u0103 la fel de profund.<\/li>\n\n\n\n<li>Fabricat \u00een Japonia, garant\u00e2nd o calitate ridicat\u0103 \u0219i tehnici de produc\u021bie tradi\u021bionale.<\/li>\n<\/ul>","protected":false},"excerpt":{"rendered":"<ul>\n<li>Oxidul de aluminiu roz se uzeaz\u0103 mai lent dec\u00e2t carbura de siliciu, astfel \u00eenc\u00e2t piatra \u00ee\u0219i p\u0103streaz\u0103 forma mai mult timp. Ofer\u0103 o vitez\u0103 bun\u0103 de \u0219lefuire, dar este mai pu\u021bin agresiv\u0103 dec\u00e2t pietrele din carbur\u0103 de siliciu \u0219i, prin urmare, nu deterioreaz\u0103 suprafa\u021ba metalic\u0103 la fel de profund.<!-- \/wp:list --><\/li>\n<li>Dimensiunea boabelor: #220<\/li>\n<li>Folosit pentru etapele ini\u021biale de ascu\u021bire<\/li>\n<li>Trebuie s\u0103 fie \u00eenmuiat \u00een ap\u0103 \u00eenainte de utilizare<\/li>\n<li>Dimensiuni: 210 x 70 x 20 mm<\/li>\n<\/ul>","protected":false},"featured_media":2660,"comment_status":"open","ping_status":"closed","template":"","meta":[],"product_brand":[],"product_cat":[290],"product_tag":[197],"class_list":{"0":"post-2659","1":"product","2":"type-product","3":"status-publish","4":"has-post-thumbnail","6":"product_cat-whetstones","7":"product_tag-naniwa","8":"product_shipping_class-iprastas","10":"first","11":"instock","12":"shipping-taxable","13":"purchasable","14":"product-type-simple"},"_links":{"self":[{"href":"https:\/\/jnats.eu\/ro\/wp-json\/wp\/v2\/product\/2659","targetHints":{"allow":["GET"]}}],"collection":[{"href":"https:\/\/jnats.eu\/ro\/wp-json\/wp\/v2\/product"}],"about":[{"href":"https:\/\/jnats.eu\/ro\/wp-json\/wp\/v2\/types\/product"}],"replies":[{"embeddable":true,"href":"https:\/\/jnats.eu\/ro\/wp-json\/wp\/v2\/comments?post=2659"}],"wp:featuredmedia":[{"embeddable":true,"href":"https:\/\/jnats.eu\/ro\/wp-json\/wp\/v2\/media\/2660"}],"wp:attachment":[{"href":"https:\/\/jnats.eu\/ro\/wp-json\/wp\/v2\/media?parent=2659"}],"wp:term":[{"taxonomy":"product_brand","embeddable":true,"href":"https:\/\/jnats.eu\/ro\/wp-json\/wp\/v2\/product_brand?post=2659"},{"taxonomy":"product_cat","embeddable":true,"href":"https:\/\/jnats.eu\/ro\/wp-json\/wp\/v2\/product_cat?post=2659"},{"taxonomy":"product_tag","embeddable":true,"href":"https:\/\/jnats.eu\/ro\/wp-json\/wp\/v2\/product_tag?post=2659"}],"curies":[{"name":"wp","href":"https:\/\/api.w.org\/{rel}","templated":true}]}}