{"id":2665,"date":"2024-05-13T08:43:33","date_gmt":"2024-05-13T05:43:33","guid":{"rendered":"http:\/\/jnats.eu\/?post_type=product&#038;p=2665"},"modified":"2025-06-05T13:22:58","modified_gmt":"2025-06-05T10:22:58","slug":"naniwa-1000-wa-sekimonzen-toishi","status":"publish","type":"product","link":"https:\/\/jnats.eu\/ro\/product-2\/naniwa-1000-wa-sekimonzen-toishi\/","title":{"rendered":"Naniwa #1000 WA Sekimonzen Toishi"},"content":{"rendered":"<p>Destul cu p\u00e2r\u021burile... cei 5 milimetri ai t\u0103i! Ia-\u021bi ceva de care s\u0103 nu-\u021bi fie ru\u0219ine s\u0103 iei o m\u00e2n\u0103 de tine sau s\u0103 te m\u00e2ndre\u0219ti cu al\u021bii. Ai respect de sine!<\/p>\n\n\n\n<p>Naniwa #1000 WA Sekimonzen Toishi este o piatr\u0103 mare de ascu\u021bit conceput\u0103 pentru a v\u0103 ascu\u021bi cu\u021bitele plictisitoare (ca \u0219i \u00een control).  Deoarece ve\u021bi folosi adesea o piatr\u0103 de ascu\u021bit de aceast\u0103 granula\u021bie, acestea se vor uza destul de repede. Pentru a garanta o durat\u0103 lung\u0103 de via\u021b\u0103, Naniwa s-a asigurat c\u0103 aceast\u0103 piatr\u0103 de ascu\u021bit este extrem de groas\u0103. De trei ori mai groas\u0103 dec\u00e2t piatra medie de ascu\u021bit!<\/p>","protected":false},"excerpt":{"rendered":"<ul>\n<li>Folosit pentru etapa intermediar\u0103 de ascu\u021bire<\/li>\n<li>Oxid de aluminiu alb<\/li>\n<li>Granula\u021bia: #1000<\/li>\n<li>A fi \u00eenmuiat<\/li>\n<li>Dimensiuni: 210 x 70 x 60 mm<\/li>\n<li>Greutate: 1810 g<\/li>\n<\/ul>","protected":false},"featured_media":2666,"comment_status":"open","ping_status":"closed","template":"","meta":[],"product_brand":[],"product_cat":[290],"product_tag":[197],"class_list":{"0":"post-2665","1":"product","2":"type-product","3":"status-publish","4":"has-post-thumbnail","6":"product_cat-whetstones","7":"product_tag-naniwa","8":"product_shipping_class-iprastas","10":"first","11":"outofstock","12":"sale","13":"shipping-taxable","14":"purchasable","15":"product-type-simple"},"_links":{"self":[{"href":"https:\/\/jnats.eu\/ro\/wp-json\/wp\/v2\/product\/2665","targetHints":{"allow":["GET"]}}],"collection":[{"href":"https:\/\/jnats.eu\/ro\/wp-json\/wp\/v2\/product"}],"about":[{"href":"https:\/\/jnats.eu\/ro\/wp-json\/wp\/v2\/types\/product"}],"replies":[{"embeddable":true,"href":"https:\/\/jnats.eu\/ro\/wp-json\/wp\/v2\/comments?post=2665"}],"wp:featuredmedia":[{"embeddable":true,"href":"https:\/\/jnats.eu\/ro\/wp-json\/wp\/v2\/media\/2666"}],"wp:attachment":[{"href":"https:\/\/jnats.eu\/ro\/wp-json\/wp\/v2\/media?parent=2665"}],"wp:term":[{"taxonomy":"product_brand","embeddable":true,"href":"https:\/\/jnats.eu\/ro\/wp-json\/wp\/v2\/product_brand?post=2665"},{"taxonomy":"product_cat","embeddable":true,"href":"https:\/\/jnats.eu\/ro\/wp-json\/wp\/v2\/product_cat?post=2665"},{"taxonomy":"product_tag","embeddable":true,"href":"https:\/\/jnats.eu\/ro\/wp-json\/wp\/v2\/product_tag?post=2665"}],"curies":[{"name":"wp","href":"https:\/\/api.w.org\/{rel}","templated":true}]}}