{"id":2667,"date":"2024-05-13T08:52:39","date_gmt":"2024-05-13T05:52:39","guid":{"rendered":"http:\/\/jnats.eu\/?post_type=product&#038;p=2667"},"modified":"2024-06-04T20:07:48","modified_gmt":"2024-06-04T17:07:48","slug":"naniwa-aotoishi-2000-ir-0260","status":"publish","type":"product","link":"https:\/\/jnats.eu\/ro\/product-2\/naniwa-aotoishi-2000-ir-0260\/","title":{"rendered":"Naniwa Aotoishi #2000 IR-0260"},"content":{"rendered":"<p>Naniwa Aotoishi este o piatr\u0103 de ascu\u021bit mare conceput\u0103 pentru a v\u0103 ascu\u021bi cu\u021bitele contondente (precum riglele). #2000 este o dimensiune a granulelor foarte practic\u0103. Suficient de grosier pentru a ascu\u021bi rapid cu\u021bitele folosite \u0219i suficient de fin pentru a termina cu adev\u0103rat ascu\u021bit. Deoarece ve\u021bi folosi frecvent o piatr\u0103 de ascu\u021bit din acest nisip, acestea se uzeaz\u0103 destul de repede. Pentru a garanta o durat\u0103 lung\u0103 de via\u021b\u0103, Naniwa s-a asigurat c\u0103 aceast\u0103 piatr\u0103 de ascu\u021bit este foarte groas\u0103. Cel pu\u021bin de dou\u0103 ori mai gros dec\u00e2t piatra de ascu\u021bit medie!<\/p>\n\n\n\n<p>Aotoishi a devenit din ce \u00een ce mai popular de-a lungul anilor. Nu numai din cauza grosimii pietrei, ci \u0219i pentru c\u0103 piatra este at\u00e2t de eficient\u0103 \u0219i versatil\u0103. Numele Aotoishi se refer\u0103 la culoarea verde \u0219i la faptul c\u0103 este o piatr\u0103 de ascu\u021bit. Cu toate acestea, printre numero\u0219ii s\u0103i fani, Aotoishi este adesea men\u021bionat ca \u201ec\u0103r\u0103mida verde a bucuriei\u201d.<\/p>\n\n\n\n<figure class=\"wp-block-embed is-type-video is-provider-youtube wp-block-embed-youtube wp-embed-aspect-16-9 wp-has-aspect-ratio\"><div class=\"wp-block-embed__wrapper\">\n<div class=\"video-container\"><iframe title=\"Naniwa Aotoshi, \u201ec\u0103r\u0103mid\u0103 verde a bucuriei\u201d. O \u0219edin\u021b\u0103 de ascu\u021bire cu piatr\u0103\" width=\"1170\" height=\"658\" src=\"https:\/\/www.youtube.com\/embed\/avkcYvT65QM?feature=oembed\" frameborder=\"0\" allow=\"accelerometer; autoplay; clipboard-write; encrypted-media; gyroscope; picture-in-picture; web-share\" referrerpolicy=\"strict-origin-when-cross-origin\" allowfullscreen><\/iframe><\/div>\n<\/div><\/figure>","protected":false},"excerpt":{"rendered":"<ul>\n<li>Folosit pentru ascu\u021birea sau finisarea intermediar\u0103<\/li>\n<li>Oxid de aluminiu alb<\/li>\n<li>Granula\u021bie: #2000<\/li>\n<li>A fi \u00eenmuiat<\/li>\n<li>Dimensiuni: 210 x 70 x 55 mm<\/li>\n<li>Greutate: 1780 g<\/li>\n<\/ul>","protected":false},"featured_media":2668,"comment_status":"open","ping_status":"closed","template":"","meta":[],"product_brand":[],"product_cat":[290],"product_tag":[197],"class_list":{"0":"post-2667","1":"product","2":"type-product","3":"status-publish","4":"has-post-thumbnail","6":"product_cat-whetstones","7":"product_tag-naniwa","8":"product_shipping_class-iprastas","10":"first","11":"outofstock","12":"shipping-taxable","13":"purchasable","14":"product-type-simple"},"_links":{"self":[{"href":"https:\/\/jnats.eu\/ro\/wp-json\/wp\/v2\/product\/2667","targetHints":{"allow":["GET"]}}],"collection":[{"href":"https:\/\/jnats.eu\/ro\/wp-json\/wp\/v2\/product"}],"about":[{"href":"https:\/\/jnats.eu\/ro\/wp-json\/wp\/v2\/types\/product"}],"replies":[{"embeddable":true,"href":"https:\/\/jnats.eu\/ro\/wp-json\/wp\/v2\/comments?post=2667"}],"wp:featuredmedia":[{"embeddable":true,"href":"https:\/\/jnats.eu\/ro\/wp-json\/wp\/v2\/media\/2668"}],"wp:attachment":[{"href":"https:\/\/jnats.eu\/ro\/wp-json\/wp\/v2\/media?parent=2667"}],"wp:term":[{"taxonomy":"product_brand","embeddable":true,"href":"https:\/\/jnats.eu\/ro\/wp-json\/wp\/v2\/product_brand?post=2667"},{"taxonomy":"product_cat","embeddable":true,"href":"https:\/\/jnats.eu\/ro\/wp-json\/wp\/v2\/product_cat?post=2667"},{"taxonomy":"product_tag","embeddable":true,"href":"https:\/\/jnats.eu\/ro\/wp-json\/wp\/v2\/product_tag?post=2667"}],"curies":[{"name":"wp","href":"https:\/\/api.w.org\/{rel}","templated":true}]}}