{"id":2669,"date":"2024-05-13T09:01:52","date_gmt":"2024-05-13T06:01:52","guid":{"rendered":"http:\/\/jnats.eu\/?post_type=product&#038;p=2669"},"modified":"2024-07-09T23:11:51","modified_gmt":"2024-07-09T20:11:51","slug":"king-deluxe-stone-1000","status":"publish","type":"product","link":"https:\/\/jnats.eu\/ro\/product-2\/king-deluxe-stone-1000\/","title":{"rendered":"King Deluxe Stone #1000"},"content":{"rendered":"<p>Ajunge cu cele de 5 mm! Cump\u0103ra\u021bi ceva pe care nu v\u0103 va fi ru\u0219ine s\u0103 \u00eel \u021bine\u021bi \u00een m\u00e2n\u0103 sau s\u0103-l ar\u0103ta\u021bi altora. Ai respect de sine!<\/p>\n\n\n\n<p>O piatr\u0103 grozav\u0103 de ascu\u021bit pentru a v\u0103 men\u021bine lama ascu\u021bit\u0103. \u00cel po\u021bi folosi pentru foarfece, cu\u021bite, brici etc.<br>\u00cenainte de utilizare, \u00eenmuia\u021bi-o \u00een ap\u0103 timp de aproximativ 3 minute pentru a satura piatra cu ap\u0103. Dac\u0103 suprafa\u021ba de piatr\u0103 se usuc\u0103 \u00een timpul lucrului, pulveriza\u021bi-o cu ap\u0103.<\/p>\n\n\n\n<p>Utiliza\u021bi-l \u00eentotdeauna pe o suprafa\u021b\u0103 plan\u0103, stabil\u0103 \u0219i anti-alunecare. Cl\u0103ti\u021bi bine cu ap\u0103 dup\u0103 utilizare. L\u0103sa\u021bi-l s\u0103 se usuce \u0219i p\u0103stra\u021bi-l \u00eentr-un loc ferit de lumina direct\u0103 a soarelui.<\/p>\n\n\n\n<p>Dac\u0103 o parte din piatr\u0103 se rupe c\u00e2nd cade, asigura\u021bi-v\u0103 c\u0103 netezi\u021bi partea rupt\u0103, astfel \u00eenc\u00e2t lama s\u0103 nu fie deteriorat\u0103 atunci c\u00e2nd o ascu\u021bi.<\/p>\n\n\n\n<p>Matsunaga Stone Co., Ltd. este un produc\u0103tor \u0219i v\u00e2nz\u0103tor de abrazivi \u0219i alte produse, cu sediul \u00een Prefectura Osaka. Ele ofer\u0103 seria King Grindstone, dezvoltat\u0103 prin ani de cercetare \u0219i cea mai recent\u0103 tehnologie, precum \u0219i pietre de \u0219lefuit pentru t\u0103iere, ascu\u021bire, lustruire \u0219i o varietate de alte utiliz\u0103ri.<\/p>","protected":false},"excerpt":{"rendered":"<ul>\n<li>Folosit pentru etapa intermediar\u0103 de ascu\u021bire<\/li>\n<li>Oxid de aluminiu<\/li>\n<li>Granula\u021bia: #1000<\/li>\n<li>A fi \u00eenmuiat<\/li>\n<li>Dimensiuni: 209 x 70 x 60 mm<\/li>\n<li>Greutate: 1700 g<\/li>\n<\/ul>","protected":false},"featured_media":2670,"comment_status":"open","ping_status":"closed","template":"","meta":[],"product_brand":[],"product_cat":[290],"product_tag":[292],"class_list":{"0":"post-2669","1":"product","2":"type-product","3":"status-publish","4":"has-post-thumbnail","6":"product_cat-whetstones","7":"product_tag-king","8":"product_shipping_class-iprastas","10":"first","11":"outofstock","12":"shipping-taxable","13":"purchasable","14":"product-type-simple"},"_links":{"self":[{"href":"https:\/\/jnats.eu\/ro\/wp-json\/wp\/v2\/product\/2669","targetHints":{"allow":["GET"]}}],"collection":[{"href":"https:\/\/jnats.eu\/ro\/wp-json\/wp\/v2\/product"}],"about":[{"href":"https:\/\/jnats.eu\/ro\/wp-json\/wp\/v2\/types\/product"}],"replies":[{"embeddable":true,"href":"https:\/\/jnats.eu\/ro\/wp-json\/wp\/v2\/comments?post=2669"}],"wp:featuredmedia":[{"embeddable":true,"href":"https:\/\/jnats.eu\/ro\/wp-json\/wp\/v2\/media\/2670"}],"wp:attachment":[{"href":"https:\/\/jnats.eu\/ro\/wp-json\/wp\/v2\/media?parent=2669"}],"wp:term":[{"taxonomy":"product_brand","embeddable":true,"href":"https:\/\/jnats.eu\/ro\/wp-json\/wp\/v2\/product_brand?post=2669"},{"taxonomy":"product_cat","embeddable":true,"href":"https:\/\/jnats.eu\/ro\/wp-json\/wp\/v2\/product_cat?post=2669"},{"taxonomy":"product_tag","embeddable":true,"href":"https:\/\/jnats.eu\/ro\/wp-json\/wp\/v2\/product_tag?post=2669"}],"curies":[{"name":"wp","href":"https:\/\/api.w.org\/{rel}","templated":true}]}}