{"id":2696,"date":"2025-04-30T14:35:08","date_gmt":"2025-04-30T11:35:08","guid":{"rendered":"http:\/\/jnats.eu\/?post_type=product&#038;p=2696"},"modified":"2025-05-04T13:57:31","modified_gmt":"2025-05-04T10:57:31","slug":"naudotas-japoniskas-skustuvo-galandinimo-dirzas-sp1-4-in-1","status":"publish","type":"product","link":"https:\/\/jnats.eu\/ro\/product-2\/naudotas-japoniskas-skustuvo-galandinimo-dirzas-sp1-4-in-1\/","title":{"rendered":"Curea de ascu\u021bit brici japonez SP1 4 \u00een 1"},"content":{"rendered":"<p>Atunci c\u00e2nd v\u0103 b\u0103rbieri\u021bi cu un aparat de ras pliabil, lama va deveni neascu\u021bit\u0103 dup\u0103 un timp. Atunci pute\u021bi ascu\u021bi briciul cu urm\u0103toarele benzi de piele. O curea de in (nu este disponibil\u0103 aici) este utilizat\u0103 pentru a ascu\u021bi lamele atunci c\u00e2nd acestea sunt mai sl\u0103bite sau dup\u0103 ascu\u021birea pe o piatr\u0103 pentru a \u00eendep\u0103rta resturile metalice de pe aparatul de ras care se pot bloca \u00een piele.<\/p>\n\n\n\n<p>Ag\u0103\u021ba\u021bi o parte a curelei \u0219i tensiona\u021bi-o pe cealalt\u0103 cu m\u00e2na. <\/p>\n\n\n\n<p>Curelele sunt alc\u0103tuite din dou\u0103 straturi de piele: un strat superior din piele de cal de lucru cordovan \u0219i un strat inferior din piele mai ieftin\u0103.<\/p>\n\n\n\n<figure class=\"wp-block-embed is-type-video is-provider-youtube wp-block-embed-youtube wp-embed-aspect-16-9 wp-has-aspect-ratio\"><div class=\"wp-block-embed__wrapper\">\n<div class=\"video-container\"><iframe title=\"Ma\u0219in\u0103 de ras japonez\u0103 de ascu\u021bit Strop SP1 4 \u00een 1\" width=\"1170\" height=\"658\" src=\"https:\/\/www.youtube.com\/embed\/xsmryXOKC6Q?feature=oembed\" frameborder=\"0\" allow=\"accelerometer; autoplay; clipboard-write; encrypted-media; gyroscope; picture-in-picture; web-share\" referrerpolicy=\"strict-origin-when-cross-origin\" allowfullscreen><\/iframe><\/div>\n<\/div><\/figure>","protected":false},"excerpt":{"rendered":"<ul>\n<li>Curea japonez\u0103 de ascu\u021bit brici SP1 \u00een patru buc\u0103\u021bi.<\/li>\n<li>Patru curele conectate de o cataram\u0103.<\/li>\n<li>Dou\u0103 sunt \u00een stare bun\u0103, dou\u0103 \u00een stare slab\u0103.<\/li>\n<li>Dimensiuni: 600x62x1,7 mm<\/li>\n<\/ul>","protected":false},"featured_media":4501,"comment_status":"open","ping_status":"closed","template":"","meta":[],"product_brand":[],"product_cat":[23],"product_tag":[294,293],"class_list":{"0":"post-2696","1":"product","2":"type-product","3":"status-publish","4":"has-post-thumbnail","6":"product_cat-razors","7":"product_tag-dirzas","8":"product_tag-strop","9":"product_shipping_class-light","11":"first","12":"outofstock","13":"shipping-taxable","14":"purchasable","15":"product-type-simple"},"_links":{"self":[{"href":"https:\/\/jnats.eu\/ro\/wp-json\/wp\/v2\/product\/2696","targetHints":{"allow":["GET"]}}],"collection":[{"href":"https:\/\/jnats.eu\/ro\/wp-json\/wp\/v2\/product"}],"about":[{"href":"https:\/\/jnats.eu\/ro\/wp-json\/wp\/v2\/types\/product"}],"replies":[{"embeddable":true,"href":"https:\/\/jnats.eu\/ro\/wp-json\/wp\/v2\/comments?post=2696"}],"wp:featuredmedia":[{"embeddable":true,"href":"https:\/\/jnats.eu\/ro\/wp-json\/wp\/v2\/media\/4501"}],"wp:attachment":[{"href":"https:\/\/jnats.eu\/ro\/wp-json\/wp\/v2\/media?parent=2696"}],"wp:term":[{"taxonomy":"product_brand","embeddable":true,"href":"https:\/\/jnats.eu\/ro\/wp-json\/wp\/v2\/product_brand?post=2696"},{"taxonomy":"product_cat","embeddable":true,"href":"https:\/\/jnats.eu\/ro\/wp-json\/wp\/v2\/product_cat?post=2696"},{"taxonomy":"product_tag","embeddable":true,"href":"https:\/\/jnats.eu\/ro\/wp-json\/wp\/v2\/product_tag?post=2696"}],"curies":[{"name":"wp","href":"https:\/\/api.w.org\/{rel}","templated":true}]}}