{"id":2749,"date":"2024-05-30T11:29:14","date_gmt":"2024-05-30T08:29:14","guid":{"rendered":"http:\/\/jnats.eu\/?post_type=product&#038;p=2749"},"modified":"2024-08-09T23:30:23","modified_gmt":"2024-08-09T20:30:23","slug":"ohira-suita-suminagashi","status":"publish","type":"product","link":"https:\/\/jnats.eu\/ro\/product-2\/ohira-suita-suminagashi\/","title":{"rendered":"Ohira Suite Suminagashi"},"content":{"rendered":"<p>Piatra fin\u0103 \u0219i dur\u0103 Ohira Suita Suminagashi este u\u0219or de utilizat \u0219i ideal\u0103 pentru lustruirea \u0219i ascu\u021birea cu\u021bitelor de buc\u0103t\u0103rie. Dac\u0103 este ap\u0103sat\u0103 puternic, piatra va elibera o suspensie \u0219i va ascu\u021bi cu\u021bitul, dac\u0103 se aplic\u0103 o presiune mai u\u0219oar\u0103, se va lustrui. R\u0103spunsul este neted \u0219i suficient de informativ pentru a oferi utilizatorului o senza\u021bie bun\u0103 pentru procesul de ascu\u021bire. Aceast\u0103 piatr\u0103 ar fi un excelent \u0219i valoros cal de b\u0103taie pentru ascu\u021bire \u0219i lustruire. Liniile sunt sigure. <\/p>\n\n\n\n<p><strong>Ohira (\u5927\u5e73, Oohira, Ohirayama)<\/strong> O min\u0103 occidental\u0103 renumit\u0103 pentru calitatea Uchigumori \u0219i Suita. De\u0219i mina este \u00eenc\u0103 exploatat\u0103 ocazional, este din ce \u00een ce mai dificil s\u0103 se g\u0103seasc\u0103 Uchigumori \u0219i Ohira suita exportabile. Datorit\u0103 calit\u0103\u021bii superioare a Ohira suita \u0219i uchigumori, pietrele din alte mine sunt adesea \u0219tampilate \u0219i v\u00e2ndute ca Ohira.<\/p>\n\n\n\n<figure class=\"wp-block-embed is-type-video is-provider-youtube wp-block-embed-youtube wp-embed-aspect-16-9 wp-has-aspect-ratio\"><div class=\"wp-block-embed__wrapper\">\n<div class=\"video-container\"><iframe title=\"Ohira Suita Suminagashi, Nakayama Ikimurasaki, Ozuku Asagi Razor Finisher\" width=\"1170\" height=\"658\" src=\"https:\/\/www.youtube.com\/embed\/cywJ94xv11o?feature=oembed\" frameborder=\"0\" allow=\"accelerometer; autoplay; clipboard-write; encrypted-media; gyroscope; picture-in-picture; web-share\" referrerpolicy=\"strict-origin-when-cross-origin\" allowfullscreen><\/iframe><\/div>\n<\/div><\/figure>","protected":false},"excerpt":{"rendered":"<p><!-- wp:list --><\/p>\n<ul><!-- wp:list-item --><\/p>\n<li>Potrivit pentru finisarea aparatelor de ras, cutitelor, foarfecelor, tamplariei si alte unelte.<\/li>\n<p><!-- \/wp:list-item --><\/p>\n<p><!-- wp:list-item --><\/p>\n<li>Dimensiuni: 205x74x55 mm<\/li>\n<p><!-- \/wp:list-item --><\/p>\n<p><!-- wp:list-item --><\/p>\n<li>Greutate: 2130 g<\/li>\n<p><!-- \/wp:list-item --><\/p>\n<p><!-- wp:list-item --><\/p>\n<li>Duritate: Lv 4.7<\/li>\n<p><!-- \/wp:list-item --><\/p>\n<p><!-- wp:list-item --><\/p>\n<li>Linii sigure<\/li>\n<p><!-- \/wp:list-item --><\/p>\n<p><!-- wp:list-item --><\/p>\n<li>Ambele p\u0103r\u021bi sunt nivelate \u0219i gata de lucru. Exist\u0103 mai multe gropi pe margini.<\/li>\n<p><!-- \/wp:list-item --><\/ul>\n<p><!-- \/wp:list --><\/p>","protected":false},"featured_media":2751,"comment_status":"open","ping_status":"closed","template":"","meta":[],"product_brand":[],"product_cat":[22],"product_tag":[47,50,295],"class_list":{"0":"post-2749","1":"product","2":"type-product","3":"status-publish","4":"has-post-thumbnail","6":"product_cat-jnats","7":"product_tag-ohira","8":"product_tag-suita","9":"product_tag-suminagashi","10":"product_shipping_class-iprastas","12":"first","13":"instock","14":"shipping-taxable","15":"purchasable","16":"product-type-simple"},"_links":{"self":[{"href":"https:\/\/jnats.eu\/ro\/wp-json\/wp\/v2\/product\/2749","targetHints":{"allow":["GET"]}}],"collection":[{"href":"https:\/\/jnats.eu\/ro\/wp-json\/wp\/v2\/product"}],"about":[{"href":"https:\/\/jnats.eu\/ro\/wp-json\/wp\/v2\/types\/product"}],"replies":[{"embeddable":true,"href":"https:\/\/jnats.eu\/ro\/wp-json\/wp\/v2\/comments?post=2749"}],"wp:featuredmedia":[{"embeddable":true,"href":"https:\/\/jnats.eu\/ro\/wp-json\/wp\/v2\/media\/2751"}],"wp:attachment":[{"href":"https:\/\/jnats.eu\/ro\/wp-json\/wp\/v2\/media?parent=2749"}],"wp:term":[{"taxonomy":"product_brand","embeddable":true,"href":"https:\/\/jnats.eu\/ro\/wp-json\/wp\/v2\/product_brand?post=2749"},{"taxonomy":"product_cat","embeddable":true,"href":"https:\/\/jnats.eu\/ro\/wp-json\/wp\/v2\/product_cat?post=2749"},{"taxonomy":"product_tag","embeddable":true,"href":"https:\/\/jnats.eu\/ro\/wp-json\/wp\/v2\/product_tag?post=2749"}],"curies":[{"name":"wp","href":"https:\/\/api.w.org\/{rel}","templated":true}]}}