{"id":2776,"date":"2025-08-21T08:23:35","date_gmt":"2025-08-21T05:23:35","guid":{"rendered":"http:\/\/jnats.eu\/?post_type=product&#038;p=2776"},"modified":"2025-09-30T11:22:08","modified_gmt":"2025-09-30T08:22:08","slug":"iwasaki-kamisori-swedish-steel","status":"publish","type":"product","link":"https:\/\/jnats.eu\/ro\/product-2\/iwasaki-kamisori-swedish-steel\/","title":{"rendered":"Iwasaki kamisori O\u021bel suedez (NOS)"},"content":{"rendered":"<figure class=\"wp-block-embed is-type-video is-provider-youtube wp-block-embed-youtube wp-embed-aspect-9-16 wp-has-aspect-ratio\"><div class=\"wp-block-embed__wrapper\">\n<div class=\"video-container\"><iframe title=\"Iwasaki kamisori O\u021bel suedez (NOS)\" width=\"563\" height=\"1000\" src=\"https:\/\/www.youtube.com\/embed\/DL6KQ6jBGuI?feature=oembed\" frameborder=\"0\" allow=\"accelerometer; autoplay; clipboard-write; encrypted-media; gyroscope; picture-in-picture; web-share\" referrerpolicy=\"strict-origin-when-cross-origin\" allowfullscreen><\/iframe><\/div>\n<\/div><\/figure>\n\n\n\n<p>Iwasaki este unul dintre cele mai apreciate \u00een r\u00e2ndul colec\u021bionarilor \u0219i al pasiona\u021bilor de b\u0103rbierit tradi\u021bional pentru calitatea c\u0103lirii o\u021belului \u0219i a manoperei sale. Aparatul de ras a fost fabricat \u00een perioada Showa, \u00een jurul anilor 1950. Are o lungime de 15 cm, o lungime a t\u0103i\u0219ului de 4,6 cm \u0219i o greutate de 36 g. Este un kamisori de dimensiuni medii, cu greutate redus\u0103.<\/p>\n\n\n\n<p>Similar cu o sabie tradi\u021bional\u0103 de samurai, acest Kamisori a fost forjat manual din 2 straturi, partea de t\u0103iere este realizat\u0103 din o\u021bel cu con\u021binut ridicat de carbon, iar suportul este din o\u021bel inoxidabil mai simplu. Stratul din mijloc este greu de men\u021binut claritatea pentru o perioad\u0103 lung\u0103 de timp \u0219i ofer\u0103 un b\u0103rbierit pl\u0103cut, \u00een timp ce stratul de sus\u021binere ofer\u0103 flexibilitatea necesar\u0103.<\/p>\n\n\n\n<p>Ambele straturi rezist\u0103 destul de bine la coroziune, dar niciun o\u021bel nu este complet rezistent la rugin\u0103, a\u0219a c\u0103 p\u0103stra\u021bi \u00eentotdeauna aparatul de ras uscat dup\u0103 b\u0103rbierit \u0219i proteja\u021bi-l cu un strat sub\u021bire de ulei. <\/p>","protected":false},"excerpt":{"rendered":"<ul>\n<li>Material lamei: o\u021bel suedez forjat \u00eent\u0103rit la o duritate destul de dur de 63 HRC. Prin urmare, \u00ee\u0219i p\u0103streaz\u0103 claritatea mult timp.<\/li>\n<li>Dimensiuni aproximative ale lamei (toate kamisori sunt u\u0219or diferite deoarece sunt realizate manual): 46x20x4.5 mm<\/li>\n<li>Material maner: otel forjat<\/li>\n<li>Lungime total\u0103: 151 mm<\/li>\n<li>Greutate 36 g<\/li>\n<li>Origine: Japonia<\/li>\n<\/ul>","protected":false},"featured_media":5125,"comment_status":"open","ping_status":"closed","template":"","meta":[],"product_brand":[],"product_cat":[23],"product_tag":[130,25,298],"class_list":{"0":"post-2776","1":"product","2":"type-product","3":"status-publish","4":"has-post-thumbnail","6":"product_cat-razors","7":"product_tag-iwasaki","8":"product_tag-kamisori","9":"product_tag-swedish-steel","10":"product_shipping_class-light","12":"first","13":"outofstock","14":"shipping-taxable","15":"product-type-variable"},"_links":{"self":[{"href":"https:\/\/jnats.eu\/ro\/wp-json\/wp\/v2\/product\/2776","targetHints":{"allow":["GET"]}}],"collection":[{"href":"https:\/\/jnats.eu\/ro\/wp-json\/wp\/v2\/product"}],"about":[{"href":"https:\/\/jnats.eu\/ro\/wp-json\/wp\/v2\/types\/product"}],"replies":[{"embeddable":true,"href":"https:\/\/jnats.eu\/ro\/wp-json\/wp\/v2\/comments?post=2776"}],"wp:featuredmedia":[{"embeddable":true,"href":"https:\/\/jnats.eu\/ro\/wp-json\/wp\/v2\/media\/5125"}],"wp:attachment":[{"href":"https:\/\/jnats.eu\/ro\/wp-json\/wp\/v2\/media?parent=2776"}],"wp:term":[{"taxonomy":"product_brand","embeddable":true,"href":"https:\/\/jnats.eu\/ro\/wp-json\/wp\/v2\/product_brand?post=2776"},{"taxonomy":"product_cat","embeddable":true,"href":"https:\/\/jnats.eu\/ro\/wp-json\/wp\/v2\/product_cat?post=2776"},{"taxonomy":"product_tag","embeddable":true,"href":"https:\/\/jnats.eu\/ro\/wp-json\/wp\/v2\/product_tag?post=2776"}],"curies":[{"name":"wp","href":"https:\/\/api.w.org\/{rel}","templated":true}]}}